{"id":13784,"date":"2025-01-30T09:33:14","date_gmt":"2025-01-30T06:33:14","guid":{"rendered":"https:\/\/ceoparts.com\/?post_type=product&#038;p=13784"},"modified":"2026-05-16T17:41:50","modified_gmt":"2026-05-16T14:41:50","slug":"jungheinrich-ere-denge-mekanizmasi-51077213","status":"publish","type":"product","link":"https:\/\/ceoparts.com\/es\/urun\/jungheinrich-ere-denge-mekanizmasi-51077213\/","title":{"rendered":"Mecanismo de equilibrio Jungheinrich ERE &#8211; 51077213"},"content":{"rendered":"<p>Mecanismo de equilibrio Jungheinrich ERE &#8211; 51077213<\/p>\n<p>&nbsp;<\/p>\n<table border=\"0\" width=\"241\" cellspacing=\"0\" cellpadding=\"0\">\n<colgroup>\n<col width=\"141\" \/>\n<col width=\"100\" \/><\/colgroup>\n<tbody>\n<tr>\n<td width=\"141\" height=\"19\"><span style=\"font-family: Calibri;\">ECE 118<\/span><\/td>\n<td width=\"100\"><span style=\"font-family: Calibri;\">4.10 &#8211; 2.13<\/span><\/td>\n<\/tr>\n<tr>\n<td height=\"19\"><span style=\"font-family: Calibri;\">ECE 118<\/span><\/td>\n<td><span style=\"font-family: Calibri;\">12.06 &#8211; 3.10<\/span><\/td>\n<\/tr>\n<tr>\n<td height=\"19\"><span style=\"font-family: Calibri;\">EJD K18<\/span><\/td>\n<td><span style=\"font-family: Calibri;\">6.08 &#8211;\u00a0<\/span><\/td>\n<\/tr>\n<tr>\n<td height=\"19\"><span style=\"font-family: Calibri;\">EJE 116\/118\/120<\/span><\/td>\n<td><span style=\"font-family: Calibri;\">9.03 &#8211; 10.07<\/span><\/td>\n<\/tr>\n<tr>\n<td height=\"19\"><span style=\"font-family: Calibri;\">EJE 116\/120 (Qingpu)<\/span><\/td>\n<td><span style=\"font-family: Calibri;\">9.06 &#8211; 9.07<\/span><\/td>\n<\/tr>\n<tr>\n<td height=\"19\"><span style=\"font-family: Calibri;\">EJE 135\/145<\/span><\/td>\n<td><span style=\"font-family: Calibri;\">5.05 &#8211; 10.07<\/span><\/td>\n<\/tr>\n<tr>\n<td height=\"19\"><span style=\"font-family: Calibri;\">EJE C20<\/span><\/td>\n<td><span style=\"font-family: Calibri;\">7.03 &#8211; 12.07<\/span><\/td>\n<\/tr>\n<tr>\n<td height=\"19\"><span style=\"font-family: Calibri;\">ERD K18<\/span><\/td>\n<td><span style=\"font-family: Calibri;\">10.09 &#8211; 2.10<\/span><\/td>\n<\/tr>\n<tr>\n<td height=\"19\"><span style=\"font-family: Calibri;\">ERE 120<\/span><\/td>\n<td><span style=\"font-family: Calibri;\">9.05 &#8211; 10.07<\/span><\/td>\n<\/tr>\n<tr>\n<td height=\"19\"><span style=\"font-family: Calibri;\">ERE 120<\/span><\/td>\n<td><span style=\"font-family: Calibri;\">8.07 &#8211; 5.08<\/span><\/td>\n<\/tr>\n<tr>\n<td height=\"19\"><span style=\"font-family: Calibri;\">ERE 120<\/span><\/td>\n<td><span style=\"font-family: Calibri;\">6.08 &#8211;\u00a0<\/span><\/td>\n<\/tr>\n<tr>\n<td height=\"19\"><span style=\"font-family: Calibri;\">ERE 120 (Qingpu)<\/span><\/td>\n<td><span style=\"font-family: Calibri;\">1.09 &#8211; 8.09<\/span><\/td>\n<\/tr>\n<tr>\n<td height=\"19\"><span style=\"font-family: Calibri;\">ERE 120 (Qingpu)<\/span><\/td>\n<td><span style=\"font-family: Calibri;\">9.06 &#8211; 12.08<\/span><\/td>\n<\/tr>\n<tr>\n<td height=\"19\"><span style=\"font-family: Calibri;\">ERE 120n<\/span><\/td>\n<td><span style=\"font-family: Calibri;\">9.09 &#8211; 1.18<\/span><\/td>\n<\/tr>\n<tr>\n<td height=\"19\"><span style=\"font-family: Calibri;\">ERE 120n<\/span><\/td>\n<td><span style=\"font-family: Calibri;\">1.18 &#8211;\u00a0<\/span><\/td>\n<\/tr>\n<tr>\n<td height=\"19\"><span style=\"font-family: Calibri;\">ERE 120n (NICHIYU)<\/span><\/td>\n<td><span style=\"font-family: Calibri;\">1.11 &#8211; 2.20<\/span><\/td>\n<\/tr>\n<tr>\n<td height=\"19\"><span style=\"font-family: Calibri;\">PMW23N<\/span><\/td>\n<td><span style=\"font-family: Calibri;\">9.05 &#8211; 10.07<\/span><\/td>\n<\/tr>\n<tr>\n<td height=\"19\"><span style=\"font-family: Calibri;\">WN 16-20 AC<\/span><\/td>\n<td><span style=\"font-family: Calibri;\">9.02 &#8211; 10.07<\/span><\/td>\n<\/tr>\n<tr>\n<td height=\"19\"><span style=\"font-family: Calibri;\">WN20S<\/span><\/td>\n<td><span style=\"font-family: Calibri;\">8.07 &#8211; 4.08<\/span><\/td>\n<\/tr>\n<tr>\n<td height=\"19\"><span style=\"font-family: Calibri;\">WN20S<\/span><\/td>\n<td><span style=\"font-family: Calibri;\">9.05 &#8211; 10.07<\/span><\/td>\n<\/tr>\n<tr>\n<td height=\"19\"><span style=\"font-family: Calibri;\">WP4500<\/span><\/td>\n<td><span style=\"font-family: Calibri;\">9.05 &#8211; 10.07<\/span><\/td>\n<\/tr>\n<\/tbody>\n<\/table>","protected":false},"excerpt":{"rendered":"<p data-start=\"160\" data-end=\"409\"><br data-start=\"3661\" data-end=\"3664\" \/>Dise\u00f1ado especialmente para los modelos de transpaletas y carretillas elevadoras Jungheinrich ERE, este mecanismo de equilibrio garantiza estabilidad durante el funcionamiento. Fabricado con material duradero, ofrece una larga vida \u00fatil y uso seguro.<\/p>\n<p data-start=\"3916\" data-end=\"4282\"><strong data-start=\"3916\" data-end=\"3936\">Caracter\u00edsticas:<\/strong><br data-start=\"3936\" data-end=\"3939\" \/><strong data-start=\"3939\" data-end=\"3963\">Nombre del producto:<\/strong> Mecanismo de equilibrio Jungheinrich ERE<br data-start=\"4004\" data-end=\"4007\" \/><strong data-start=\"4007\" data-end=\"4027\">C\u00f3digo de pieza:<\/strong> 51077213<br data-start=\"4036\" data-end=\"4039\" \/><strong data-start=\"4039\" data-end=\"4052\">Material:<\/strong> Aleaci\u00f3n met\u00e1lica de alta resistencia<br data-start=\"4090\" data-end=\"4093\" \/><strong data-start=\"4093\" data-end=\"4109\">\u00c1rea de uso:<\/strong> Sistemas de equilibrio para carretillas y transpaletas Jungheinrich ERE<br data-start=\"4181\" data-end=\"4184\" \/><strong data-start=\"4184\" data-end=\"4196\">Ventaja:<\/strong> Estructura resistente, larga duraci\u00f3n, alta resistencia a impactos, f\u00e1cil instalaci\u00f3n<\/p>\n","protected":false},"featured_media":13786,"template":"","meta":[],"product_brand":[],"product_cat":[236,420,422,522],"product_tag":[],"class_list":{"0":"post-13784","1":"product","2":"type-product","3":"status-publish","4":"has-post-thumbnail","6":"product_cat-jungheinrich","7":"product_cat-denge-mekanizmalar","8":"product_cat-jungheinrich-denge-mekanizma","9":"product_cat-yedek-parca-jungheinrich","11":"first","12":"instock","13":"taxable","14":"shipping-taxable","15":"purchasable","16":"product-type-simple"},"_links":{"self":[{"href":"https:\/\/ceoparts.com\/es\/wp-json\/wp\/v2\/product\/13784","targetHints":{"allow":["GET"]}}],"collection":[{"href":"https:\/\/ceoparts.com\/es\/wp-json\/wp\/v2\/product"}],"about":[{"href":"https:\/\/ceoparts.com\/es\/wp-json\/wp\/v2\/types\/product"}],"wp:featuredmedia":[{"embeddable":true,"href":"https:\/\/ceoparts.com\/es\/wp-json\/wp\/v2\/media\/13786"}],"wp:attachment":[{"href":"https:\/\/ceoparts.com\/es\/wp-json\/wp\/v2\/media?parent=13784"}],"wp:term":[{"taxonomy":"product_brand","embeddable":true,"href":"https:\/\/ceoparts.com\/es\/wp-json\/wp\/v2\/product_brand?post=13784"},{"taxonomy":"product_cat","embeddable":true,"href":"https:\/\/ceoparts.com\/es\/wp-json\/wp\/v2\/product_cat?post=13784"},{"taxonomy":"product_tag","embeddable":true,"href":"https:\/\/ceoparts.com\/es\/wp-json\/wp\/v2\/product_tag?post=13784"}],"curies":[{"name":"wp","href":"https:\/\/api.w.org\/{rel}","templated":true}]}}