{"id":13831,"date":"2025-01-31T10:18:40","date_gmt":"2025-01-31T07:18:40","guid":{"rendered":"https:\/\/ceoparts.com\/?post_type=product&#038;p=13831"},"modified":"2026-05-16T09:34:43","modified_gmt":"2026-05-16T06:34:43","slug":"linde-still-exvsf-denge-mekanizmasi-tekerleksiz-3794505500","status":"publish","type":"product","link":"https:\/\/ceoparts.com\/es\/urun\/linde-still-exvsf-denge-mekanizmasi-tekerleksiz-3794505500\/","title":{"rendered":"Linde\/ Still Mecanismo de equilibrio &#8211; 3794505500"},"content":{"rendered":"<p>Linde\/ Still Mecanismo de equilibrio &#8211; 3794505500<\/p>\n<p>Linde 3794505500<\/p>\n<p>&nbsp;<\/p>\n<table border=\"0\" width=\"128\" cellspacing=\"0\" cellpadding=\"0\">\n<colgroup>\n<col span=\"2\" width=\"64\" \/><\/colgroup>\n<tbody>\n<tr>\n<td class=\"xl63\" width=\"64\" height=\"20\"><span style=\"font-family: tim;\">Family<\/span><\/td>\n<td class=\"xl63\" width=\"64\"><span style=\"font-family: tim;\">Model<\/span><\/td>\n<\/tr>\n<tr>\n<td class=\"xl63\" height=\"20\"><span style=\"font-family: tim;\">1173<\/span><\/td>\n<td class=\"xl63\"><span style=\"font-family: tim;\">L14\/L16\/L20<\/span><\/td>\n<\/tr>\n<tr>\n<td class=\"xl63\" height=\"20\"><span style=\"font-family: tim;\">372<\/span><\/td>\n<td class=\"xl63\"><span style=\"font-family: tim;\">L14\/16<\/span><\/td>\n<\/tr>\n<tr>\n<td class=\"xl63\" height=\"20\"><span style=\"font-family: tim;\">372<\/span><\/td>\n<td class=\"xl63\"><span style=\"font-family: tim;\">L14\/16\/L14AP\/16AP<\/span><\/td>\n<\/tr>\n<tr>\n<td class=\"xl63\" height=\"20\"><span style=\"font-family: tim;\">379<\/span><\/td>\n<td class=\"xl63\"><span style=\"font-family: tim;\">L10\/12-L10\/12AS<\/span><\/td>\n<\/tr>\n<\/tbody>\n<\/table>","protected":false},"excerpt":{"rendered":"<p data-start=\"194\" data-end=\"446\"><br data-start=\"3653\" data-end=\"3656\" \/>El mecanismo de equilibrio EXVSF sin ruedas, dise\u00f1ado especialmente para carretillas elevadoras Linde y Still, garantiza estabilidad y equilibrio en su funcionamiento. Fabricado con materiales duraderos, ofrece una larga vida \u00fatil y uso seguro.<\/p>\n<p data-start=\"3902\" data-end=\"4246\"><strong data-start=\"3902\" data-end=\"3922\">Caracter\u00edsticas:<\/strong><br data-start=\"3922\" data-end=\"3925\" \/><strong data-start=\"3925\" data-end=\"3949\">Nombre del producto:<\/strong> Mecanismo de equilibrio Linde\/Still EXVSF (Sin ruedas)<br data-start=\"4004\" data-end=\"4007\" \/><strong data-start=\"4007\" data-end=\"4027\">C\u00f3digo de pieza:<\/strong> 3794505500<br data-start=\"4038\" data-end=\"4041\" \/><strong data-start=\"4041\" data-end=\"4054\">Material:<\/strong> Aleaci\u00f3n met\u00e1lica de alta resistencia<br data-start=\"4092\" data-end=\"4095\" \/><strong data-start=\"4095\" data-end=\"4111\">\u00c1rea de uso:<\/strong> Sistema de equilibrio y soporte para carretillas Linde y Still<br data-start=\"4174\" data-end=\"4177\" \/><strong data-start=\"4177\" data-end=\"4189\">Ventaja:<\/strong> Estructura resistente, larga duraci\u00f3n, f\u00e1cil instalaci\u00f3n<\/p>\n","protected":false},"featured_media":13834,"template":"","meta":[],"product_brand":[],"product_cat":[423,425,523,524,241,246,420],"product_tag":[],"class_list":{"0":"post-13831","1":"product","2":"type-product","3":"status-publish","4":"has-post-thumbnail","6":"product_cat-still-denge-mekanizma","7":"product_cat-linde-denge-mekanizma","8":"product_cat-yedek-parca-linde","9":"product_cat-yedek-parca-still","10":"product_cat-still","11":"product_cat-linde","12":"product_cat-denge-mekanizmalar","14":"first","15":"instock","16":"taxable","17":"shipping-taxable","18":"purchasable","19":"product-type-simple"},"_links":{"self":[{"href":"https:\/\/ceoparts.com\/es\/wp-json\/wp\/v2\/product\/13831","targetHints":{"allow":["GET"]}}],"collection":[{"href":"https:\/\/ceoparts.com\/es\/wp-json\/wp\/v2\/product"}],"about":[{"href":"https:\/\/ceoparts.com\/es\/wp-json\/wp\/v2\/types\/product"}],"wp:featuredmedia":[{"embeddable":true,"href":"https:\/\/ceoparts.com\/es\/wp-json\/wp\/v2\/media\/13834"}],"wp:attachment":[{"href":"https:\/\/ceoparts.com\/es\/wp-json\/wp\/v2\/media?parent=13831"}],"wp:term":[{"taxonomy":"product_brand","embeddable":true,"href":"https:\/\/ceoparts.com\/es\/wp-json\/wp\/v2\/product_brand?post=13831"},{"taxonomy":"product_cat","embeddable":true,"href":"https:\/\/ceoparts.com\/es\/wp-json\/wp\/v2\/product_cat?post=13831"},{"taxonomy":"product_tag","embeddable":true,"href":"https:\/\/ceoparts.com\/es\/wp-json\/wp\/v2\/product_tag?post=13831"}],"curies":[{"name":"wp","href":"https:\/\/api.w.org\/{rel}","templated":true}]}}