{"id":13872,"date":"2025-02-03T15:06:47","date_gmt":"2025-02-03T12:06:47","guid":{"rendered":"https:\/\/ceoparts.com\/?post_type=product&#038;p=13872"},"modified":"2026-05-16T10:40:47","modified_gmt":"2026-05-16T07:40:47","slug":"250a-forklift-sigortasi","status":"publish","type":"product","link":"https:\/\/ceoparts.com\/es\/urun\/250a-forklift-sigortasi\/","title":{"rendered":"Fusible 250 A ANL"},"content":{"rendered":"<p>Fusible 250 A ANL<\/p>","protected":false},"excerpt":{"rendered":"<p data-start=\"99\" data-end=\"276\"><br data-start=\"2951\" data-end=\"2954\" \/>El fusible 250 ANL proporciona protecci\u00f3n contra sobrecorriente y cortocircuitos en sistemas el\u00e9ctricos. Su construcci\u00f3n duradera y alta fiabilidad mejoran la seguridad de los circuitos.<\/p>\n<p data-start=\"3142\" data-end=\"3444\"><strong data-start=\"3142\" data-end=\"3162\">Caracter\u00edsticas:<\/strong><br data-start=\"3162\" data-end=\"3165\" \/><strong data-start=\"3165\" data-end=\"3189\">Nombre del producto:<\/strong> Fusible 250 ANL<br data-start=\"3205\" data-end=\"3208\" \/><strong data-start=\"3208\" data-end=\"3228\">C\u00f3digo de pieza:<\/strong> &#8211;<br data-start=\"3230\" data-end=\"3233\" \/><strong data-start=\"3233\" data-end=\"3246\">Material:<\/strong> Aleaci\u00f3n met\u00e1lica y material de fusible de calidad<br data-start=\"3297\" data-end=\"3300\" \/><strong data-start=\"3300\" data-end=\"3316\">\u00c1rea de uso:<\/strong> Protecci\u00f3n contra sobrecorriente en circuitos el\u00e9ctricos<br data-start=\"3373\" data-end=\"3376\" \/><strong data-start=\"3376\" data-end=\"3388\">Ventaja:<\/strong> Alta protecci\u00f3n, construcci\u00f3n duradera, alta longevidad<\/p>\n","protected":false},"featured_media":13873,"template":"","meta":[],"product_brand":[],"product_cat":[442,443],"product_tag":[],"class_list":{"0":"post-13872","1":"product","2":"type-product","3":"status-publish","4":"has-post-thumbnail","6":"product_cat-aku-yedek-parcalari","7":"product_cat-aku-parcalari","9":"first","10":"instock","11":"taxable","12":"shipping-taxable","13":"purchasable","14":"product-type-simple"},"_links":{"self":[{"href":"https:\/\/ceoparts.com\/es\/wp-json\/wp\/v2\/product\/13872","targetHints":{"allow":["GET"]}}],"collection":[{"href":"https:\/\/ceoparts.com\/es\/wp-json\/wp\/v2\/product"}],"about":[{"href":"https:\/\/ceoparts.com\/es\/wp-json\/wp\/v2\/types\/product"}],"wp:featuredmedia":[{"embeddable":true,"href":"https:\/\/ceoparts.com\/es\/wp-json\/wp\/v2\/media\/13873"}],"wp:attachment":[{"href":"https:\/\/ceoparts.com\/es\/wp-json\/wp\/v2\/media?parent=13872"}],"wp:term":[{"taxonomy":"product_brand","embeddable":true,"href":"https:\/\/ceoparts.com\/es\/wp-json\/wp\/v2\/product_brand?post=13872"},{"taxonomy":"product_cat","embeddable":true,"href":"https:\/\/ceoparts.com\/es\/wp-json\/wp\/v2\/product_cat?post=13872"},{"taxonomy":"product_tag","embeddable":true,"href":"https:\/\/ceoparts.com\/es\/wp-json\/wp\/v2\/product_tag?post=13872"}],"curies":[{"name":"wp","href":"https:\/\/api.w.org\/{rel}","templated":true}]}}