{"id":13876,"date":"2025-02-03T15:09:24","date_gmt":"2025-02-03T12:09:24","guid":{"rendered":"https:\/\/ceoparts.com\/?post_type=product&#038;p=13876"},"modified":"2026-05-16T11:44:22","modified_gmt":"2026-05-16T08:44:22","slug":"300a-forklift-sigortasi","status":"publish","type":"product","link":"https:\/\/ceoparts.com\/es\/urun\/300a-forklift-sigortasi\/","title":{"rendered":"Fusible 300 A ANL"},"content":{"rendered":"<p>Fusible 300 A ANL<\/p>","protected":false},"excerpt":{"rendered":"<p data-start=\"99\" data-end=\"262\"><br data-start=\"2978\" data-end=\"2981\" \/>El fusible 300 ANL proporciona protecci\u00f3n contra sobrecorriente y cortocircuito en sistemas el\u00e9ctricos. Su construcci\u00f3n duradera y rendimiento confiable mejoran la seguridad del sistema.<\/p>\n<p data-start=\"3169\" data-end=\"3478\"><strong data-start=\"3169\" data-end=\"3189\">Caracter\u00edsticas:<\/strong><br data-start=\"3189\" data-end=\"3192\" \/><strong data-start=\"3192\" data-end=\"3216\">Nombre del producto:<\/strong> Fusible 300 ANL<br data-start=\"3232\" data-end=\"3235\" \/><strong data-start=\"3235\" data-end=\"3255\">C\u00f3digo de pieza:<\/strong> &#8211;<br data-start=\"3257\" data-end=\"3260\" \/><strong data-start=\"3260\" data-end=\"3273\">Material:<\/strong> Aleaci\u00f3n met\u00e1lica y material de fusible de alta calidad<br data-start=\"3329\" data-end=\"3332\" \/><strong data-start=\"3332\" data-end=\"3348\">\u00c1rea de uso:<\/strong> Protecci\u00f3n contra sobrecorriente en circuitos el\u00e9ctricos<br data-start=\"3405\" data-end=\"3408\" \/><strong data-start=\"3408\" data-end=\"3420\">Ventaja:<\/strong> Protecci\u00f3n fuerte, construcci\u00f3n duradera, larga vida \u00fatil<\/p>\n","protected":false},"featured_media":13877,"template":"","meta":[],"product_brand":[],"product_cat":[442,443],"product_tag":[],"class_list":{"0":"post-13876","1":"product","2":"type-product","3":"status-publish","4":"has-post-thumbnail","6":"product_cat-aku-yedek-parcalari","7":"product_cat-aku-parcalari","9":"first","10":"instock","11":"taxable","12":"shipping-taxable","13":"purchasable","14":"product-type-simple"},"_links":{"self":[{"href":"https:\/\/ceoparts.com\/es\/wp-json\/wp\/v2\/product\/13876","targetHints":{"allow":["GET"]}}],"collection":[{"href":"https:\/\/ceoparts.com\/es\/wp-json\/wp\/v2\/product"}],"about":[{"href":"https:\/\/ceoparts.com\/es\/wp-json\/wp\/v2\/types\/product"}],"wp:featuredmedia":[{"embeddable":true,"href":"https:\/\/ceoparts.com\/es\/wp-json\/wp\/v2\/media\/13877"}],"wp:attachment":[{"href":"https:\/\/ceoparts.com\/es\/wp-json\/wp\/v2\/media?parent=13876"}],"wp:term":[{"taxonomy":"product_brand","embeddable":true,"href":"https:\/\/ceoparts.com\/es\/wp-json\/wp\/v2\/product_brand?post=13876"},{"taxonomy":"product_cat","embeddable":true,"href":"https:\/\/ceoparts.com\/es\/wp-json\/wp\/v2\/product_cat?post=13876"},{"taxonomy":"product_tag","embeddable":true,"href":"https:\/\/ceoparts.com\/es\/wp-json\/wp\/v2\/product_tag?post=13876"}],"curies":[{"name":"wp","href":"https:\/\/api.w.org\/{rel}","templated":true}]}}