{"id":13880,"date":"2025-02-03T15:14:41","date_gmt":"2025-02-03T12:14:41","guid":{"rendered":"https:\/\/ceoparts.com\/?post_type=product&#038;p=13880"},"modified":"2026-05-16T15:03:37","modified_gmt":"2026-05-16T12:03:37","slug":"400a-forklift-sigortasi","status":"publish","type":"product","link":"https:\/\/ceoparts.com\/es\/urun\/400a-forklift-sigortasi\/","title":{"rendered":"Fusible 400 A ANL"},"content":{"rendered":"<p>Fusible 400 A ANL<\/p>","protected":false},"excerpt":{"rendered":"<p data-start=\"99\" data-end=\"283\"><br data-start=\"3142\" data-end=\"3145\" \/>El fusible 400 ANL proporciona protecci\u00f3n contra altas corrientes, salvaguardando de manera segura los circuitos el\u00e9ctricos contra sobrecargas y cortocircuitos. Su construcci\u00f3n duradera garantiza un uso prolongado.<\/p>\n<p data-start=\"3361\" data-end=\"3692\"><strong data-start=\"3361\" data-end=\"3381\">Caracter\u00edsticas:<\/strong><br data-start=\"3381\" data-end=\"3384\" \/><strong data-start=\"3384\" data-end=\"3408\">Nombre del producto:<\/strong> Fusible 400 ANL<br data-start=\"3424\" data-end=\"3427\" \/><strong data-start=\"3427\" data-end=\"3447\">C\u00f3digo de pieza:<\/strong> &#8211;<br data-start=\"3449\" data-end=\"3452\" \/><strong data-start=\"3452\" data-end=\"3465\">Material:<\/strong> Aleaci\u00f3n met\u00e1lica y material de fusible de alta calidad<br data-start=\"3521\" data-end=\"3524\" \/><strong data-start=\"3524\" data-end=\"3540\">\u00c1rea de uso:<\/strong> Protecci\u00f3n contra sobrecorriente en sistemas el\u00e9ctricos<br data-start=\"3596\" data-end=\"3599\" \/><strong data-start=\"3599\" data-end=\"3611\">Ventaja:<\/strong> Protecci\u00f3n contra altas corrientes, construcci\u00f3n duradera, rendimiento confiable<\/p>\n","protected":false},"featured_media":13881,"template":"","meta":[],"product_brand":[],"product_cat":[442,443],"product_tag":[],"class_list":{"0":"post-13880","1":"product","2":"type-product","3":"status-publish","4":"has-post-thumbnail","6":"product_cat-aku-yedek-parcalari","7":"product_cat-aku-parcalari","9":"first","10":"instock","11":"taxable","12":"shipping-taxable","13":"purchasable","14":"product-type-simple"},"_links":{"self":[{"href":"https:\/\/ceoparts.com\/es\/wp-json\/wp\/v2\/product\/13880","targetHints":{"allow":["GET"]}}],"collection":[{"href":"https:\/\/ceoparts.com\/es\/wp-json\/wp\/v2\/product"}],"about":[{"href":"https:\/\/ceoparts.com\/es\/wp-json\/wp\/v2\/types\/product"}],"wp:featuredmedia":[{"embeddable":true,"href":"https:\/\/ceoparts.com\/es\/wp-json\/wp\/v2\/media\/13881"}],"wp:attachment":[{"href":"https:\/\/ceoparts.com\/es\/wp-json\/wp\/v2\/media?parent=13880"}],"wp:term":[{"taxonomy":"product_brand","embeddable":true,"href":"https:\/\/ceoparts.com\/es\/wp-json\/wp\/v2\/product_brand?post=13880"},{"taxonomy":"product_cat","embeddable":true,"href":"https:\/\/ceoparts.com\/es\/wp-json\/wp\/v2\/product_cat?post=13880"},{"taxonomy":"product_tag","embeddable":true,"href":"https:\/\/ceoparts.com\/es\/wp-json\/wp\/v2\/product_tag?post=13880"}],"curies":[{"name":"wp","href":"https:\/\/api.w.org\/{rel}","templated":true}]}}