{"id":13884,"date":"2025-02-03T15:40:38","date_gmt":"2025-02-03T12:40:38","guid":{"rendered":"https:\/\/ceoparts.com\/?post_type=product&#038;p=13884"},"modified":"2026-05-14T04:37:09","modified_gmt":"2026-05-14T01:37:09","slug":"toyota-motor-devir-sensoru-141801324071","status":"publish","type":"product","link":"https:\/\/ceoparts.com\/es\/urun\/toyota-motor-devir-sensoru-141801324071\/","title":{"rendered":"Sensor de velocidad del motor Toyota &#8211; 141801324071"},"content":{"rendered":"<p>Sensor de velocidad del motor Toyota &#8211; 141801324071<\/p>","protected":false},"excerpt":{"rendered":"<p data-start=\"136\" data-end=\"349\"><br data-start=\"3641\" data-end=\"3644\" \/>Especialmente dise\u00f1ado para carretillas elevadoras y m\u00e1quinas industriales Toyota, este sensor de velocidad del motor mide con precisi\u00f3n la velocidad de rotaci\u00f3n del motor y garantiza un monitoreo exacto del rendimiento. Su construcci\u00f3n duradera asegura una larga vida \u00fatil.<\/p>\n<p data-start=\"3920\" data-end=\"4267\"><strong data-start=\"3920\" data-end=\"3940\">Caracter\u00edsticas:<\/strong><br data-start=\"3940\" data-end=\"3943\" \/><strong data-start=\"3943\" data-end=\"3967\">Nombre del producto:<\/strong> Sensor de velocidad del motor Toyota<br data-start=\"4004\" data-end=\"4007\" \/><strong data-start=\"4007\" data-end=\"4027\">C\u00f3digo de pieza:<\/strong> 141801324071<br data-start=\"4040\" data-end=\"4043\" \/><strong data-start=\"4043\" data-end=\"4056\">Material:<\/strong> Componentes electr\u00f3nicos y met\u00e1licos de alta calidad<br data-start=\"4109\" data-end=\"4112\" \/><strong data-start=\"4112\" data-end=\"4128\">\u00c1rea de uso:<\/strong> Medici\u00f3n de velocidad del motor para carretillas y m\u00e1quinas Toyota<br data-start=\"4195\" data-end=\"4198\" \/><strong data-start=\"4198\" data-end=\"4210\">Ventaja:<\/strong> Medici\u00f3n precisa, construcci\u00f3n duradera, larga vida \u00fatil<\/p>\n","protected":false},"featured_media":13885,"template":"","meta":[],"product_brand":[],"product_cat":[521,530,469],"product_tag":[],"class_list":{"0":"post-13884","1":"product","2":"type-product","3":"status-publish","4":"has-post-thumbnail","6":"product_cat-toyota","7":"product_cat-yedek-parca-toyota","8":"product_cat-elektrik-ve-sistem-parcalari","10":"first","11":"instock","12":"taxable","13":"shipping-taxable","14":"purchasable","15":"product-type-simple"},"_links":{"self":[{"href":"https:\/\/ceoparts.com\/es\/wp-json\/wp\/v2\/product\/13884","targetHints":{"allow":["GET"]}}],"collection":[{"href":"https:\/\/ceoparts.com\/es\/wp-json\/wp\/v2\/product"}],"about":[{"href":"https:\/\/ceoparts.com\/es\/wp-json\/wp\/v2\/types\/product"}],"wp:featuredmedia":[{"embeddable":true,"href":"https:\/\/ceoparts.com\/es\/wp-json\/wp\/v2\/media\/13885"}],"wp:attachment":[{"href":"https:\/\/ceoparts.com\/es\/wp-json\/wp\/v2\/media?parent=13884"}],"wp:term":[{"taxonomy":"product_brand","embeddable":true,"href":"https:\/\/ceoparts.com\/es\/wp-json\/wp\/v2\/product_brand?post=13884"},{"taxonomy":"product_cat","embeddable":true,"href":"https:\/\/ceoparts.com\/es\/wp-json\/wp\/v2\/product_cat?post=13884"},{"taxonomy":"product_tag","embeddable":true,"href":"https:\/\/ceoparts.com\/es\/wp-json\/wp\/v2\/product_tag?post=13884"}],"curies":[{"name":"wp","href":"https:\/\/api.w.org\/{rel}","templated":true}]}}