{"id":13889,"date":"2025-02-03T16:13:52","date_gmt":"2025-02-03T13:13:52","guid":{"rendered":"https:\/\/ceoparts.com\/?post_type=product&#038;p=13889"},"modified":"2026-05-16T19:46:41","modified_gmt":"2026-05-16T16:46:41","slug":"linde-elektrik-motoru-18425458-50163570400","status":"publish","type":"product","link":"https:\/\/ceoparts.com\/es\/urun\/linde-elektrik-motoru-18425458-50163570400\/","title":{"rendered":"Motor el\u00e9ctrico Linde &#8211; 18425458, 50163570400"},"content":{"rendered":"<p>Motor el\u00e9ctrico Linde &#8211; 18425458, 50163570400<\/p>","protected":false},"excerpt":{"rendered":"<p data-start=\"135\" data-end=\"415\"><br data-start=\"3883\" data-end=\"3886\" \/>Especialmente fabricado para carretillas elevadoras Linde, este motor el\u00e9ctrico garantiza un uso prolongado gracias a su potente rendimiento y construcci\u00f3n resistente. Su dise\u00f1o de alta eficiencia permite ahorrar energ\u00eda y ofrece el m\u00e1ximo rendimiento en operaciones de conducci\u00f3n y elevaci\u00f3n.<\/p>\n<p data-start=\"4181\" data-end=\"4537\"><strong data-start=\"4181\" data-end=\"4201\">Caracter\u00edsticas:<\/strong><br data-start=\"4201\" data-end=\"4204\" \/><strong data-start=\"4204\" data-end=\"4228\">Nombre del producto:<\/strong> Motor el\u00e9ctrico Linde<br data-start=\"4250\" data-end=\"4253\" \/><strong data-start=\"4253\" data-end=\"4273\">C\u00f3digo de pieza:<\/strong> 18425458, 50163570400<br data-start=\"4295\" data-end=\"4298\" \/><strong data-start=\"4298\" data-end=\"4311\">Material:<\/strong> Metal de alta calidad y bobinado de cobre<br data-start=\"4353\" data-end=\"4356\" \/><strong data-start=\"4356\" data-end=\"4372\">\u00c1rea de uso:<\/strong> Sistemas de tracci\u00f3n y elevaci\u00f3n para carretillas elevadoras Linde<br data-start=\"4439\" data-end=\"4442\" \/><strong data-start=\"4442\" data-end=\"4454\">Ventaja:<\/strong> Alto rendimiento, eficiencia energ\u00e9tica, estructura resistente y de larga duraci\u00f3n<\/p>\n","protected":false},"featured_media":13890,"template":"","meta":[],"product_brand":[],"product_cat":[246,470,523],"product_tag":[],"class_list":{"0":"post-13889","1":"product","2":"type-product","3":"status-publish","4":"has-post-thumbnail","6":"product_cat-linde","7":"product_cat-diger-yedek-parcalar","8":"product_cat-yedek-parca-linde","10":"first","11":"instock","12":"taxable","13":"shipping-taxable","14":"purchasable","15":"product-type-simple"},"_links":{"self":[{"href":"https:\/\/ceoparts.com\/es\/wp-json\/wp\/v2\/product\/13889","targetHints":{"allow":["GET"]}}],"collection":[{"href":"https:\/\/ceoparts.com\/es\/wp-json\/wp\/v2\/product"}],"about":[{"href":"https:\/\/ceoparts.com\/es\/wp-json\/wp\/v2\/types\/product"}],"wp:featuredmedia":[{"embeddable":true,"href":"https:\/\/ceoparts.com\/es\/wp-json\/wp\/v2\/media\/13890"}],"wp:attachment":[{"href":"https:\/\/ceoparts.com\/es\/wp-json\/wp\/v2\/media?parent=13889"}],"wp:term":[{"taxonomy":"product_brand","embeddable":true,"href":"https:\/\/ceoparts.com\/es\/wp-json\/wp\/v2\/product_brand?post=13889"},{"taxonomy":"product_cat","embeddable":true,"href":"https:\/\/ceoparts.com\/es\/wp-json\/wp\/v2\/product_cat?post=13889"},{"taxonomy":"product_tag","embeddable":true,"href":"https:\/\/ceoparts.com\/es\/wp-json\/wp\/v2\/product_tag?post=13889"}],"curies":[{"name":"wp","href":"https:\/\/api.w.org\/{rel}","templated":true}]}}