{"id":13934,"date":"2025-02-04T16:20:36","date_gmt":"2025-02-04T13:20:36","guid":{"rendered":"https:\/\/ceoparts.com\/?post_type=product&#038;p=13934"},"modified":"2026-05-17T20:43:04","modified_gmt":"2026-05-17T17:43:04","slug":"hyster-pedal-1377414","status":"publish","type":"product","link":"https:\/\/ceoparts.com\/es\/urun\/hyster-pedal-1377414\/","title":{"rendered":"Pedal Hyster \u2013 1377414"},"content":{"rendered":"<p>Pedal Hyster \u2013 1377414<\/p>","protected":false},"excerpt":{"rendered":"<p data-start=\"110\" data-end=\"333\"><br data-start=\"3343\" data-end=\"3346\" \/>Especialmente dise\u00f1ado para carretillas elevadoras Hyster, este pedal ofrece al operador un uso seguro y c\u00f3modo gracias a su estructura resistente y su dise\u00f1o ergon\u00f3mico. Fabricado con materiales de alta calidad para una larga vida \u00fatil.<\/p>\n<p data-start=\"3585\" data-end=\"3902\"><strong data-start=\"3585\" data-end=\"3605\">Caracter\u00edsticas:<\/strong><br data-start=\"3605\" data-end=\"3608\" \/><strong data-start=\"3608\" data-end=\"3632\">Nombre del producto:<\/strong> Pedal Hyster<br data-start=\"3645\" data-end=\"3648\" \/><strong data-start=\"3648\" data-end=\"3668\">C\u00f3digo de pieza:<\/strong> 1377414<br data-start=\"3676\" data-end=\"3679\" \/><strong data-start=\"3679\" data-end=\"3692\">Material:<\/strong> Componentes de metal y caucho duraderos<br data-start=\"3732\" data-end=\"3735\" \/><strong data-start=\"3735\" data-end=\"3751\">\u00c1rea de uso:<\/strong> Sistemas de control y conducci\u00f3n para carretillas elevadoras Hyster<br data-start=\"3819\" data-end=\"3822\" \/><strong data-start=\"3822\" data-end=\"3834\">Ventaja:<\/strong> Estructura resistente, superficie antideslizante, dise\u00f1o ergon\u00f3mico<\/p>\n","protected":false},"featured_media":13935,"template":"","meta":[],"product_brand":[],"product_cat":[256,471,520],"product_tag":[],"class_list":{"0":"post-13934","1":"product","2":"type-product","3":"status-publish","4":"has-post-thumbnail","6":"product_cat-hyster","7":"product_cat-joystick-pedal-yedek-parca","8":"product_cat-yedek-parca-hyster","10":"first","11":"instock","12":"taxable","13":"shipping-taxable","14":"purchasable","15":"product-type-simple"},"_links":{"self":[{"href":"https:\/\/ceoparts.com\/es\/wp-json\/wp\/v2\/product\/13934","targetHints":{"allow":["GET"]}}],"collection":[{"href":"https:\/\/ceoparts.com\/es\/wp-json\/wp\/v2\/product"}],"about":[{"href":"https:\/\/ceoparts.com\/es\/wp-json\/wp\/v2\/types\/product"}],"wp:featuredmedia":[{"embeddable":true,"href":"https:\/\/ceoparts.com\/es\/wp-json\/wp\/v2\/media\/13935"}],"wp:attachment":[{"href":"https:\/\/ceoparts.com\/es\/wp-json\/wp\/v2\/media?parent=13934"}],"wp:term":[{"taxonomy":"product_brand","embeddable":true,"href":"https:\/\/ceoparts.com\/es\/wp-json\/wp\/v2\/product_brand?post=13934"},{"taxonomy":"product_cat","embeddable":true,"href":"https:\/\/ceoparts.com\/es\/wp-json\/wp\/v2\/product_cat?post=13934"},{"taxonomy":"product_tag","embeddable":true,"href":"https:\/\/ceoparts.com\/es\/wp-json\/wp\/v2\/product_tag?post=13934"}],"curies":[{"name":"wp","href":"https:\/\/api.w.org\/{rel}","templated":true}]}}