{"id":13951,"date":"2025-02-04T17:14:29","date_gmt":"2025-02-04T14:14:29","guid":{"rendered":"https:\/\/ceoparts.com\/?post_type=product&#038;p=13951"},"modified":"2026-05-16T09:39:46","modified_gmt":"2026-05-16T06:39:46","slug":"linde-still-ileri-surus-pedal-lastigi-0009642701-0009644594","status":"publish","type":"product","link":"https:\/\/ceoparts.com\/es\/urun\/linde-still-ileri-surus-pedal-lastigi-0009642701-0009644594\/","title":{"rendered":"Linde\/Still Goma del pedal de avance-reversa &#8211; 0009642701, 0009644594"},"content":{"rendered":"<p>Linde\/Still Goma del pedal de avance-reversa &#8211; 0009642701, 0009644594<\/p>\n<p>322 E16<br \/>\n322 E15\/16\/18-02<br \/>\n324 E12\/15\/16<br \/>\n324 E12\/14\/15\/16<br \/>\n324 E12\/14\/15\/16<br \/>\n324-02 E12\/15\/16-02<br \/>\n325 E20 \/ 25\/30<br \/>\n326 E25\/40P<br \/>\n353-03 E16\/20-03<br \/>\n335 E14\/16\/18\/20<br \/>\n335-02 E14\/16\/18\/20-02<br \/>\n335-02 E16\/20-02<br \/>\n336 E20\/25\/30<br \/>\n336 -31 E25\/30<br \/>\n336-02 E20\/25\/30-02<br \/>\n336-03 E25\/30-03<\/p>\n<p>0009644594<\/p>","protected":false},"excerpt":{"rendered":"<p data-start=\"178\" data-end=\"410\"><br data-start=\"3811\" data-end=\"3814\" \/>Compatible con los modelos de carretillas elevadoras Linde y Still, esta goma para pedal de avance-retroceso ofrece al operador una experiencia de conducci\u00f3n segura y c\u00f3moda. Fabricada con caucho duradero, ofrece un rendimiento antideslizante y una larga vida \u00fatil.<\/p>\n<p data-start=\"4081\" data-end=\"4429\"><strong data-start=\"4081\" data-end=\"4101\">Caracter\u00edsticas:<\/strong><br data-start=\"4101\" data-end=\"4104\" \/><strong data-start=\"4104\" data-end=\"4128\">Nombre del producto:<\/strong> Goma para pedal de avance-retroceso Linde\/Still<br data-start=\"4176\" data-end=\"4179\" \/><strong data-start=\"4179\" data-end=\"4199\">C\u00f3digo de pieza:<\/strong> 0009642701, 0009644594<br data-start=\"4222\" data-end=\"4225\" \/><strong data-start=\"4225\" data-end=\"4238\">Material:<\/strong> Caucho duradero de alta calidad<br data-start=\"4270\" data-end=\"4273\" \/><strong data-start=\"4273\" data-end=\"4289\">\u00c1rea de uso:<\/strong> Pedales de conducci\u00f3n para carretillas elevadoras Linde y Still<br data-start=\"4353\" data-end=\"4356\" \/><strong data-start=\"4356\" data-end=\"4368\">Ventaja:<\/strong> Superficie antideslizante, construcci\u00f3n duradera, uso c\u00f3modo<\/p>\n","protected":false},"featured_media":13952,"template":"","meta":[],"product_brand":[],"product_cat":[524,241,246,471,523],"product_tag":[],"class_list":{"0":"post-13951","1":"product","2":"type-product","3":"status-publish","4":"has-post-thumbnail","6":"product_cat-yedek-parca-still","7":"product_cat-still","8":"product_cat-linde","9":"product_cat-joystick-pedal-yedek-parca","10":"product_cat-yedek-parca-linde","12":"first","13":"instock","14":"taxable","15":"shipping-taxable","16":"purchasable","17":"product-type-simple"},"_links":{"self":[{"href":"https:\/\/ceoparts.com\/es\/wp-json\/wp\/v2\/product\/13951","targetHints":{"allow":["GET"]}}],"collection":[{"href":"https:\/\/ceoparts.com\/es\/wp-json\/wp\/v2\/product"}],"about":[{"href":"https:\/\/ceoparts.com\/es\/wp-json\/wp\/v2\/types\/product"}],"wp:featuredmedia":[{"embeddable":true,"href":"https:\/\/ceoparts.com\/es\/wp-json\/wp\/v2\/media\/13952"}],"wp:attachment":[{"href":"https:\/\/ceoparts.com\/es\/wp-json\/wp\/v2\/media?parent=13951"}],"wp:term":[{"taxonomy":"product_brand","embeddable":true,"href":"https:\/\/ceoparts.com\/es\/wp-json\/wp\/v2\/product_brand?post=13951"},{"taxonomy":"product_cat","embeddable":true,"href":"https:\/\/ceoparts.com\/es\/wp-json\/wp\/v2\/product_cat?post=13951"},{"taxonomy":"product_tag","embeddable":true,"href":"https:\/\/ceoparts.com\/es\/wp-json\/wp\/v2\/product_tag?post=13951"}],"curies":[{"name":"wp","href":"https:\/\/api.w.org\/{rel}","templated":true}]}}