{"id":13975,"date":"2025-02-06T15:03:40","date_gmt":"2025-02-06T12:03:40","guid":{"rendered":"https:\/\/ceoparts.com\/?post_type=product&#038;p=13975"},"modified":"2026-05-16T14:33:32","modified_gmt":"2026-05-16T11:33:32","slug":"jungheinrich-switch-induct-approximation-50462522","status":"publish","type":"product","link":"https:\/\/ceoparts.com\/es\/urun\/jungheinrich-switch-induct-approximation-50462522\/","title":{"rendered":"Interruptor de proximidad inductivo Jungheinrich"},"content":{"rendered":"<p>Interruptor de proximidad inductivo Jungheinrich<\/p>\n<p>Jungheinrich 50462522<\/p>\n<p>ETM\/V 214\/216\u00a012.03 &#8211; 10.12<br \/>\nETM\/V 320\/325\u00a012.04 &#8211; 2.14<br \/>\nETV 110\/112\u00a011.05 &#8211; 6.14<br \/>\nETV 114\/116\u00a011.05 &#8211; 12.11<br \/>\nETV C 16\u00a06.08 &#8211; 5.15<br \/>\nETV C 20\u00a06.08 &#8211; 4.15<br \/>\nETVQ 20\/25\u00a09.10 &#8211;<br \/>\nETM\/V 214\/216\u00a09.11 &#8211;<br \/>\nETM\/V 214\/216 (US)\u00a01.11 &#8211; 10.12<br \/>\nETV 110\/112 (US)\u00a01.11 &#8211; 6.14<br \/>\nETV 114\/116 (US)\u00a01.11 &#8211; 10.11<br \/>\nETV C 16 (US)\u00a01.11 &#8211; 5.15<br \/>\nETV C 20 (US)\u00a01.11 &#8211; 4.15<br \/>\nETM\/V 320\/325 (US)\u00a01.11 &#8211; 2.14<br \/>\nETVQ 20\/25 (US)\u00a01.11 &#8211;<br \/>\nETM\/V 214\/216 (US)\u00a09.11 &#8211;<br \/>\nETV 114n\/116n\u00a07.11 &#8211; 1.18<br \/>\nETM\/V 214-325 Cab\u00a09.11 &#8211;<br \/>\nETM\/V 214\/216 (CN)\u00a012.11 &#8211;<br \/>\nETV C 16 (CN)\u00a012.11 &#8211; 5.15<br \/>\nETV 110\/112 (CN)\u00a012.11 &#8211; 6.14<br \/>\nETV 114\/116 (CN)\u00a011.11 &#8211; 1.12<br \/>\nETM\/V 214\/216 (CN)\u00a012.11 &#8211; 10.12<br \/>\nETV C 20 (CN)\u00a012.11 &#8211; 4.15<br \/>\nETM\/V 320\/325 (CN)\u00a012.11 &#8211; 2.14<br \/>\nETVQ 20\/25 (CN)\u00a012.11 &#8211;<br \/>\nETM\/V 318-325\u00a010.13 &#8211;<br \/>\nETM\/V 318-325 (US)\u00a010.13 &#8211;<br \/>\nETM\/V 318-325 (CN)\u00a010.13 &#8211;<br \/>\nETV 110\/112\u00a05.14 &#8211;<br \/>\nETV 110\/112 (US)\u00a05.14 &#8211;<br \/>\nETV 110\/112 (CN)\u00a05.14 &#8211;<br \/>\nEmpilhadores de mastro retr\u00e1ctil\u00a07.13 &#8211;<br \/>\nETV C 16\/20\u00a03.15 &#8211;<br \/>\nETV C 16\/20 (US)\u00a03.15 &#8211;<br \/>\nETV C 16\/20 (CN)\u00a03.15 &#8211;<br \/>\nETV 118n\/ 120n\u00a01.14 &#8211; 1.18<br \/>\nETV-Q 20-25\u00a01.17 &#8211;<br \/>\nETV-Q 20-25 (US)\u00a01.17 &#8211;<br \/>\nETV-Q 20-25 (CN)\u00a01.17 &#8211;<br \/>\nETV 114n\/116n\u00a01.18 &#8211; 3.23<br \/>\nETV 118n\/ 120n\u00a01.18 &#8211; 3.23<br \/>\nETV 116n HELI\u00a05.17 &#8211; 3.23<br \/>\nETV 120n HELI\u00a05.17 &#8211; 3.23<br \/>\nET 214-216 2021\u00a02.22 &#8211;<br \/>\nET 214-216 2021 (US)\u00a02.22 &#8211;<br \/>\nET 214-216 2021 (CN)\u00a02.22 &#8211;<br \/>\nET 210-212 2021\u00a02.22 &#8211;<br \/>\nET 210-212 2021 (CN)\u00a02.22 &#8211;<br \/>\nETV C20 2021\u00a02.22 &#8211;<br \/>\nETV C16 2021 (CN)\u00a02.22 &#8211;<br \/>\nETV Q20\/Q25\u00a08.22 &#8211;<br \/>\nETV Q20\/Q25 (CN)\u00a08.22 &#8211;<br \/>\nETV Q20\/Q25 (US)\u00a08.22 &#8211;<\/p>","protected":false},"excerpt":{"rendered":"<p data-start=\"161\" data-end=\"397\"><br data-start=\"3622\" data-end=\"3625\" \/>El interruptor de proximidad inductivo dise\u00f1ado para carretillas elevadoras Jungheinrich detecta objetos met\u00e1licos sin contacto. Su construcci\u00f3n duradera y operaci\u00f3n precisa proporcionan un uso seguro y eficaz en los sistemas de control de carretillas elevadoras.<\/p>\n<p data-start=\"3890\" data-end=\"4226\"><strong data-start=\"3890\" data-end=\"3910\">Caracter\u00edsticas:<\/strong><br data-start=\"3910\" data-end=\"3913\" \/><strong data-start=\"3913\" data-end=\"3937\">Nombre del producto:<\/strong> Interruptor de proximidad inductivo Jungheinrich<br data-start=\"3986\" data-end=\"3989\" \/><strong data-start=\"3989\" data-end=\"4009\">C\u00f3digo de pieza:<\/strong> 50462522<br data-start=\"4018\" data-end=\"4021\" \/><strong data-start=\"4021\" data-end=\"4034\">Material:<\/strong> Componentes met\u00e1licos y electr\u00f3nicos<br data-start=\"4071\" data-end=\"4074\" \/><strong data-start=\"4074\" data-end=\"4090\">\u00c1rea de uso:<\/strong> Sistemas de control y automatizaci\u00f3n para carretillas elevadoras<br data-start=\"4155\" data-end=\"4158\" \/><strong data-start=\"4158\" data-end=\"4170\">Ventaja:<\/strong> Detecci\u00f3n sin contacto, alta precisi\u00f3n, dise\u00f1o duradero<\/p>\n","protected":false},"featured_media":13978,"template":"","meta":[],"product_brand":[],"product_cat":[236,469,522],"product_tag":[],"class_list":{"0":"post-13975","1":"product","2":"type-product","3":"status-publish","4":"has-post-thumbnail","6":"product_cat-jungheinrich","7":"product_cat-elektrik-ve-sistem-parcalari","8":"product_cat-yedek-parca-jungheinrich","10":"first","11":"instock","12":"taxable","13":"shipping-taxable","14":"purchasable","15":"product-type-simple"},"_links":{"self":[{"href":"https:\/\/ceoparts.com\/es\/wp-json\/wp\/v2\/product\/13975","targetHints":{"allow":["GET"]}}],"collection":[{"href":"https:\/\/ceoparts.com\/es\/wp-json\/wp\/v2\/product"}],"about":[{"href":"https:\/\/ceoparts.com\/es\/wp-json\/wp\/v2\/types\/product"}],"wp:featuredmedia":[{"embeddable":true,"href":"https:\/\/ceoparts.com\/es\/wp-json\/wp\/v2\/media\/13978"}],"wp:attachment":[{"href":"https:\/\/ceoparts.com\/es\/wp-json\/wp\/v2\/media?parent=13975"}],"wp:term":[{"taxonomy":"product_brand","embeddable":true,"href":"https:\/\/ceoparts.com\/es\/wp-json\/wp\/v2\/product_brand?post=13975"},{"taxonomy":"product_cat","embeddable":true,"href":"https:\/\/ceoparts.com\/es\/wp-json\/wp\/v2\/product_cat?post=13975"},{"taxonomy":"product_tag","embeddable":true,"href":"https:\/\/ceoparts.com\/es\/wp-json\/wp\/v2\/product_tag?post=13975"}],"curies":[{"name":"wp","href":"https:\/\/api.w.org\/{rel}","templated":true}]}}