{"id":13980,"date":"2025-02-06T15:14:13","date_gmt":"2025-02-06T12:14:13","guid":{"rendered":"https:\/\/ceoparts.com\/?post_type=product&#038;p=13980"},"modified":"2026-05-16T15:09:19","modified_gmt":"2026-05-16T12:09:19","slug":"hyster-koruklu-buton-1498103","status":"publish","type":"product","link":"https:\/\/ceoparts.com\/es\/urun\/hyster-koruklu-buton-1498103\/","title":{"rendered":"Bot\u00f3n de fuelle Hyster &#8211; 1498103"},"content":{"rendered":"<p>Bot\u00f3n de fuelle Hyster &#8211; 1498103<\/p>","protected":false},"excerpt":{"rendered":"<p data-start=\"119\" data-end=\"320\"><br data-start=\"3310\" data-end=\"3313\" \/>El bot\u00f3n fuelle dise\u00f1ado para carretillas elevadoras Hyster proporciona un uso seguro y c\u00f3modo en el panel de control del operador. Su estructura impermeable y a prueba de polvo garantiza durabilidad en condiciones de trabajo dif\u00edciles.<\/p>\n<p data-start=\"3551\" data-end=\"3848\"><strong data-start=\"3551\" data-end=\"3571\">Caracter\u00edsticas:<\/strong><br data-start=\"3571\" data-end=\"3574\" \/><strong data-start=\"3574\" data-end=\"3598\">Nombre del producto:<\/strong> Bot\u00f3n fuelle Hyster<br data-start=\"3618\" data-end=\"3621\" \/><strong data-start=\"3621\" data-end=\"3636\">Referencia:<\/strong> 1498103<br data-start=\"3644\" data-end=\"3647\" \/><strong data-start=\"3647\" data-end=\"3660\">Material:<\/strong> Pl\u00e1stico duradero y fuelle de goma<br data-start=\"3695\" data-end=\"3698\" \/><strong data-start=\"3698\" data-end=\"3714\">\u00c1rea de uso:<\/strong> Paneles de control de carretillas elevadoras Hyster<br data-start=\"3766\" data-end=\"3769\" \/><strong data-start=\"3769\" data-end=\"3781\">Ventaja:<\/strong> Impermeable y resistente al polvo, dise\u00f1o ergon\u00f3mico, uso duradero<\/p>\n","protected":false},"featured_media":13981,"template":"","meta":[],"product_brand":[],"product_cat":[256,454,520],"product_tag":[],"class_list":{"0":"post-13980","1":"product","2":"type-product","3":"status-publish","4":"has-post-thumbnail","6":"product_cat-hyster","7":"product_cat-switch-ve-buton","8":"product_cat-yedek-parca-hyster","10":"first","11":"instock","12":"taxable","13":"shipping-taxable","14":"purchasable","15":"product-type-simple"},"_links":{"self":[{"href":"https:\/\/ceoparts.com\/es\/wp-json\/wp\/v2\/product\/13980","targetHints":{"allow":["GET"]}}],"collection":[{"href":"https:\/\/ceoparts.com\/es\/wp-json\/wp\/v2\/product"}],"about":[{"href":"https:\/\/ceoparts.com\/es\/wp-json\/wp\/v2\/types\/product"}],"wp:featuredmedia":[{"embeddable":true,"href":"https:\/\/ceoparts.com\/es\/wp-json\/wp\/v2\/media\/13981"}],"wp:attachment":[{"href":"https:\/\/ceoparts.com\/es\/wp-json\/wp\/v2\/media?parent=13980"}],"wp:term":[{"taxonomy":"product_brand","embeddable":true,"href":"https:\/\/ceoparts.com\/es\/wp-json\/wp\/v2\/product_brand?post=13980"},{"taxonomy":"product_cat","embeddable":true,"href":"https:\/\/ceoparts.com\/es\/wp-json\/wp\/v2\/product_cat?post=13980"},{"taxonomy":"product_tag","embeddable":true,"href":"https:\/\/ceoparts.com\/es\/wp-json\/wp\/v2\/product_tag?post=13980"}],"curies":[{"name":"wp","href":"https:\/\/api.w.org\/{rel}","templated":true}]}}