{"id":13990,"date":"2025-02-06T15:36:57","date_gmt":"2025-02-06T12:36:57","guid":{"rendered":"https:\/\/ceoparts.com\/?post_type=product&#038;p=13990"},"modified":"2026-05-16T23:31:05","modified_gmt":"2026-05-16T20:31:05","slug":"linde-l16-cekme-kolu-1173-3095406754","status":"publish","type":"product","link":"https:\/\/ceoparts.com\/es\/urun\/linde-l16-cekme-kolu-1173-3095406754\/","title":{"rendered":"Mango de tracci\u00f3n Linde L16 &#8211; 1173 &#8211; 3095406754"},"content":{"rendered":"<p>Mango de tracci\u00f3n Linde L16 &#8211; 1173 &#8211; 3095406754<\/p>","protected":false},"excerpt":{"rendered":"<p data-start=\"134\" data-end=\"356\"><br data-start=\"3389\" data-end=\"3392\" \/>La manija de tracci\u00f3n 1173 dise\u00f1ada para el modelo de carretilla elevadora Linde L16 permite al operador dirigir con facilidad y comodidad. Fabricada con materiales duraderos y dise\u00f1o ergon\u00f3mico, ofrece un uso prolongado y fiable.<\/p>\n<p data-start=\"3624\" data-end=\"3947\"><strong data-start=\"3624\" data-end=\"3644\">Caracter\u00edsticas:<\/strong><br data-start=\"3644\" data-end=\"3647\" \/><strong data-start=\"3647\" data-end=\"3671\">Nombre del producto:<\/strong> Manija de tracci\u00f3n Linde 1173 modelo L16<br data-start=\"3712\" data-end=\"3715\" \/><strong data-start=\"3715\" data-end=\"3735\">C\u00f3digo de pieza:<\/strong> 3095406754<br data-start=\"3746\" data-end=\"3749\" \/><strong data-start=\"3749\" data-end=\"3762\">Material:<\/strong> Aleaci\u00f3n met\u00e1lica duradera<br data-start=\"3789\" data-end=\"3792\" \/><strong data-start=\"3792\" data-end=\"3808\">\u00c1rea de uso:<\/strong> Sistemas de control para carretillas elevadoras Linde modelo L16<br data-start=\"3873\" data-end=\"3876\" \/><strong data-start=\"3876\" data-end=\"3888\">Ventaja:<\/strong> Dise\u00f1o ergon\u00f3mico, construcci\u00f3n duradera, facilidad de uso<\/p>\n","protected":false},"featured_media":13991,"template":"","meta":[],"product_brand":[],"product_cat":[246,450,523],"product_tag":[],"class_list":{"0":"post-13990","1":"product","2":"type-product","3":"status-publish","4":"has-post-thumbnail","6":"product_cat-linde","7":"product_cat-direksiyon-sistemleri","8":"product_cat-yedek-parca-linde","10":"first","11":"instock","12":"taxable","13":"shipping-taxable","14":"purchasable","15":"product-type-simple"},"_links":{"self":[{"href":"https:\/\/ceoparts.com\/es\/wp-json\/wp\/v2\/product\/13990","targetHints":{"allow":["GET"]}}],"collection":[{"href":"https:\/\/ceoparts.com\/es\/wp-json\/wp\/v2\/product"}],"about":[{"href":"https:\/\/ceoparts.com\/es\/wp-json\/wp\/v2\/types\/product"}],"wp:featuredmedia":[{"embeddable":true,"href":"https:\/\/ceoparts.com\/es\/wp-json\/wp\/v2\/media\/13991"}],"wp:attachment":[{"href":"https:\/\/ceoparts.com\/es\/wp-json\/wp\/v2\/media?parent=13990"}],"wp:term":[{"taxonomy":"product_brand","embeddable":true,"href":"https:\/\/ceoparts.com\/es\/wp-json\/wp\/v2\/product_brand?post=13990"},{"taxonomy":"product_cat","embeddable":true,"href":"https:\/\/ceoparts.com\/es\/wp-json\/wp\/v2\/product_cat?post=13990"},{"taxonomy":"product_tag","embeddable":true,"href":"https:\/\/ceoparts.com\/es\/wp-json\/wp\/v2\/product_tag?post=13990"}],"curies":[{"name":"wp","href":"https:\/\/api.w.org\/{rel}","templated":true}]}}