{"id":13997,"date":"2025-02-06T16:05:43","date_gmt":"2025-02-06T13:05:43","guid":{"rendered":"https:\/\/ceoparts.com\/?post_type=product&#038;p=13997"},"modified":"2026-05-16T12:03:51","modified_gmt":"2026-05-16T09:03:51","slug":"linde-l14-372-serisi-cekme-kolu-3095406645","status":"publish","type":"product","link":"https:\/\/ceoparts.com\/es\/urun\/linde-l14-372-serisi-cekme-kolu-3095406645\/","title":{"rendered":"Mango de tracci\u00f3n Linde L14 372 Serie &#8211; 3095406645"},"content":{"rendered":"<p>Mango de tracci\u00f3n Linde L14 372 Serie &#8211; 3095406645<\/p>","protected":false},"excerpt":{"rendered":"<p data-start=\"144\" data-end=\"362\"><br data-start=\"3387\" data-end=\"3390\" \/>La manija de tracci\u00f3n dise\u00f1ada especialmente para carretillas elevadoras Linde serie L14 372 permite al operador dirigir con facilidad y comodidad. Con construcci\u00f3n duradera y dise\u00f1o ergon\u00f3mico, ofrece un uso prolongado.<\/p>\n<p data-start=\"3612\" data-end=\"3936\"><strong data-start=\"3612\" data-end=\"3632\">Caracter\u00edsticas:<\/strong><br data-start=\"3632\" data-end=\"3635\" \/><strong data-start=\"3635\" data-end=\"3659\">Nombre del producto:<\/strong> Manija de tracci\u00f3n Linde serie L14 372<br data-start=\"3698\" data-end=\"3701\" \/><strong data-start=\"3701\" data-end=\"3721\">C\u00f3digo de pieza:<\/strong> 3095406645<br data-start=\"3732\" data-end=\"3735\" \/><strong data-start=\"3735\" data-end=\"3748\">Material:<\/strong> Aleaci\u00f3n met\u00e1lica duradera<br data-start=\"3775\" data-end=\"3778\" \/><strong data-start=\"3778\" data-end=\"3794\">\u00c1rea de uso:<\/strong> Sistemas de control para carretillas elevadoras Linde serie L14 372<br data-start=\"3862\" data-end=\"3865\" \/><strong data-start=\"3865\" data-end=\"3877\">Ventaja:<\/strong> Dise\u00f1o ergon\u00f3mico, construcci\u00f3n duradera, facilidad de uso<\/p>\n","protected":false},"featured_media":13998,"template":"","meta":[],"product_brand":[],"product_cat":[246,450,523],"product_tag":[],"class_list":{"0":"post-13997","1":"product","2":"type-product","3":"status-publish","4":"has-post-thumbnail","6":"product_cat-linde","7":"product_cat-direksiyon-sistemleri","8":"product_cat-yedek-parca-linde","10":"first","11":"instock","12":"taxable","13":"shipping-taxable","14":"purchasable","15":"product-type-simple"},"_links":{"self":[{"href":"https:\/\/ceoparts.com\/es\/wp-json\/wp\/v2\/product\/13997","targetHints":{"allow":["GET"]}}],"collection":[{"href":"https:\/\/ceoparts.com\/es\/wp-json\/wp\/v2\/product"}],"about":[{"href":"https:\/\/ceoparts.com\/es\/wp-json\/wp\/v2\/types\/product"}],"wp:featuredmedia":[{"embeddable":true,"href":"https:\/\/ceoparts.com\/es\/wp-json\/wp\/v2\/media\/13998"}],"wp:attachment":[{"href":"https:\/\/ceoparts.com\/es\/wp-json\/wp\/v2\/media?parent=13997"}],"wp:term":[{"taxonomy":"product_brand","embeddable":true,"href":"https:\/\/ceoparts.com\/es\/wp-json\/wp\/v2\/product_brand?post=13997"},{"taxonomy":"product_cat","embeddable":true,"href":"https:\/\/ceoparts.com\/es\/wp-json\/wp\/v2\/product_cat?post=13997"},{"taxonomy":"product_tag","embeddable":true,"href":"https:\/\/ceoparts.com\/es\/wp-json\/wp\/v2\/product_tag?post=13997"}],"curies":[{"name":"wp","href":"https:\/\/api.w.org\/{rel}","templated":true}]}}