{"id":14017,"date":"2025-02-07T14:34:10","date_gmt":"2025-02-07T11:34:10","guid":{"rendered":"https:\/\/ceoparts.com\/?post_type=product&#038;p=14017"},"modified":"2026-05-16T06:16:32","modified_gmt":"2026-05-16T03:16:32","slug":"20x17-mm-denge-teker-burc","status":"publish","type":"product","link":"https:\/\/ceoparts.com\/es\/urun\/20x17-mm-denge-teker-burc\/","title":{"rendered":"Casquillo de rueda de equilibrio 20&#215;17 mm"},"content":{"rendered":"<p>Casquillo de rueda de equilibrio 20&#215;17 mm<\/p>","protected":false},"excerpt":{"rendered":"<p data-start=\"119\" data-end=\"364\"><br data-start=\"3487\" data-end=\"3490\" \/>El casquillo de rueda estabilizadora de 20\u00d717 mm est\u00e1 dise\u00f1ado para sistemas de ruedas estabilizadoras de carretillas elevadoras y transpaletas, garantizando un funcionamiento estable y alineado de la rueda con el chasis. Su estructura resistente al desgaste y a los impactos ofrece una larga vida \u00fatil.<\/p>\n<p data-start=\"3795\" data-end=\"4155\"><strong data-start=\"3795\" data-end=\"3815\">Caracter\u00edsticas:<\/strong><br data-start=\"3815\" data-end=\"3818\" \/><strong data-start=\"3818\" data-end=\"3842\">Nombre del producto:<\/strong> Casquillo de rueda estabilizadora 20\u00d717 mm<br data-start=\"3885\" data-end=\"3888\" \/><strong data-start=\"3888\" data-end=\"3908\">C\u00f3digo de pieza:<\/strong> \u2014<br data-start=\"3910\" data-end=\"3913\" \/><strong data-start=\"3913\" data-end=\"3926\">Material:<\/strong> Acero de alta resistencia y compuesto<br data-start=\"3964\" data-end=\"3967\" \/><strong data-start=\"3967\" data-end=\"3983\">\u00c1rea de uso:<\/strong> Sistemas de ruedas estabilizadoras para carretillas elevadoras y transpaletas<br data-start=\"4061\" data-end=\"4064\" \/><strong data-start=\"4064\" data-end=\"4076\">Ventaja:<\/strong> Construcci\u00f3n resistente, larga vida \u00fatil, excelente rendimiento de estabilidad<\/p>\n","protected":false},"featured_media":14021,"template":"","meta":[],"product_brand":[],"product_cat":[464,466],"product_tag":[],"class_list":{"0":"post-14017","1":"product","2":"type-product","3":"status-publish","4":"has-post-thumbnail","6":"product_cat-burc-ve-mill-grubu","7":"product_cat-denge-teker-burcu","9":"first","10":"instock","11":"taxable","12":"shipping-taxable","13":"purchasable","14":"product-type-simple"},"_links":{"self":[{"href":"https:\/\/ceoparts.com\/es\/wp-json\/wp\/v2\/product\/14017","targetHints":{"allow":["GET"]}}],"collection":[{"href":"https:\/\/ceoparts.com\/es\/wp-json\/wp\/v2\/product"}],"about":[{"href":"https:\/\/ceoparts.com\/es\/wp-json\/wp\/v2\/types\/product"}],"wp:featuredmedia":[{"embeddable":true,"href":"https:\/\/ceoparts.com\/es\/wp-json\/wp\/v2\/media\/14021"}],"wp:attachment":[{"href":"https:\/\/ceoparts.com\/es\/wp-json\/wp\/v2\/media?parent=14017"}],"wp:term":[{"taxonomy":"product_brand","embeddable":true,"href":"https:\/\/ceoparts.com\/es\/wp-json\/wp\/v2\/product_brand?post=14017"},{"taxonomy":"product_cat","embeddable":true,"href":"https:\/\/ceoparts.com\/es\/wp-json\/wp\/v2\/product_cat?post=14017"},{"taxonomy":"product_tag","embeddable":true,"href":"https:\/\/ceoparts.com\/es\/wp-json\/wp\/v2\/product_tag?post=14017"}],"curies":[{"name":"wp","href":"https:\/\/api.w.org\/{rel}","templated":true}]}}