{"id":14037,"date":"2025-02-07T15:21:54","date_gmt":"2025-02-07T12:21:54","guid":{"rendered":"https:\/\/ceoparts.com\/?post_type=product&#038;p=14037"},"modified":"2026-05-16T11:50:17","modified_gmt":"2026-05-16T08:50:17","slug":"linde-direksiyon-aksonu-sag-16024530310","status":"publish","type":"product","link":"https:\/\/ceoparts.com\/es\/urun\/linde-direksiyon-aksonu-sag-16024530310\/","title":{"rendered":"Linde Eje de Direcci\u00f3n Derecho &#8211; 16024530310"},"content":{"rendered":"<p>Linde Eje de Direcci\u00f3n Derecho &#8211; 16024530310<\/p>\n<p>LINDE<br \/>\n388 E35,40,45,50,<br \/>\n392 H20,H25,<br \/>\n393 H25,H30,H35(RH) forklift<br \/>\n388\/392\/393<\/p>","protected":false},"excerpt":{"rendered":"<p data-start=\"144\" data-end=\"363\"><br data-start=\"3106\" data-end=\"3109\" \/>El eje de direcci\u00f3n derecho para carretillas elevadoras Linde garantiza un funcionamiento equilibrado y seguro del sistema de direcci\u00f3n. Fabricado en acero de alta resistencia, ofrece un rendimiento fiable y duradero.<\/p>\n<p data-start=\"3328\" data-end=\"3641\"><strong data-start=\"3328\" data-end=\"3348\">Caracter\u00edsticas:<\/strong><br data-start=\"3348\" data-end=\"3351\" \/><strong data-start=\"3351\" data-end=\"3375\">Nombre del producto:<\/strong> Eje de direcci\u00f3n derecho Linde<br data-start=\"3406\" data-end=\"3409\" \/><strong data-start=\"3409\" data-end=\"3429\">C\u00f3digo de pieza:<\/strong> 16024530310<br data-start=\"3441\" data-end=\"3444\" \/><strong data-start=\"3444\" data-end=\"3457\">Material:<\/strong> Acero de alta resistencia<br data-start=\"3483\" data-end=\"3486\" \/><strong data-start=\"3486\" data-end=\"3502\">\u00c1rea de uso:<\/strong> Sistemas de direcci\u00f3n para carretillas elevadoras Linde<br data-start=\"3558\" data-end=\"3561\" \/><strong data-start=\"3561\" data-end=\"3573\">Ventaja:<\/strong> Construcci\u00f3n duradera, larga vida \u00fatil, alta precisi\u00f3n de direcci\u00f3n<\/p>\n","protected":false},"featured_media":14038,"template":"","meta":[],"product_brand":[],"product_cat":[246,450,523],"product_tag":[],"class_list":{"0":"post-14037","1":"product","2":"type-product","3":"status-publish","4":"has-post-thumbnail","6":"product_cat-linde","7":"product_cat-direksiyon-sistemleri","8":"product_cat-yedek-parca-linde","10":"first","11":"instock","12":"taxable","13":"shipping-taxable","14":"purchasable","15":"product-type-simple"},"_links":{"self":[{"href":"https:\/\/ceoparts.com\/es\/wp-json\/wp\/v2\/product\/14037","targetHints":{"allow":["GET"]}}],"collection":[{"href":"https:\/\/ceoparts.com\/es\/wp-json\/wp\/v2\/product"}],"about":[{"href":"https:\/\/ceoparts.com\/es\/wp-json\/wp\/v2\/types\/product"}],"wp:featuredmedia":[{"embeddable":true,"href":"https:\/\/ceoparts.com\/es\/wp-json\/wp\/v2\/media\/14038"}],"wp:attachment":[{"href":"https:\/\/ceoparts.com\/es\/wp-json\/wp\/v2\/media?parent=14037"}],"wp:term":[{"taxonomy":"product_brand","embeddable":true,"href":"https:\/\/ceoparts.com\/es\/wp-json\/wp\/v2\/product_brand?post=14037"},{"taxonomy":"product_cat","embeddable":true,"href":"https:\/\/ceoparts.com\/es\/wp-json\/wp\/v2\/product_cat?post=14037"},{"taxonomy":"product_tag","embeddable":true,"href":"https:\/\/ceoparts.com\/es\/wp-json\/wp\/v2\/product_tag?post=14037"}],"curies":[{"name":"wp","href":"https:\/\/api.w.org\/{rel}","templated":true}]}}