{"id":14041,"date":"2025-02-07T15:23:02","date_gmt":"2025-02-07T12:23:02","guid":{"rendered":"https:\/\/ceoparts.com\/?post_type=product&#038;p=14041"},"modified":"2026-05-16T19:52:24","modified_gmt":"2026-05-16T16:52:24","slug":"linde-direksiyon-aksonu-sol-16024530311","status":"publish","type":"product","link":"https:\/\/ceoparts.com\/es\/urun\/linde-direksiyon-aksonu-sol-16024530311\/","title":{"rendered":"Linde Eje de Direcci\u00f3n Izquierdo &#8211; 16024530311"},"content":{"rendered":"<p>Linde Eje de Direcci\u00f3n Izquierdo &#8211; 16024530311<\/p>\n<p>LINDE<br \/>\n388 E35,40,45,50,<br \/>\n392 H20,H25,<br \/>\n393 H25,H30,H35(RH) forklift<br \/>\n388\/392\/393<\/p>","protected":false},"excerpt":{"rendered":"<p data-start=\"137\" data-end=\"360\"><br data-start=\"3150\" data-end=\"3153\" \/>El eje de direcci\u00f3n izquierdo para carretillas elevadoras Linde garantiza un funcionamiento suave y seguro del sistema de direcci\u00f3n. Su estructura s\u00f3lida y mano de obra de alta calidad proporcionan una larga vida \u00fatil y uso fiable.<\/p>\n<p data-start=\"3386\" data-end=\"3702\"><strong data-start=\"3386\" data-end=\"3406\">Caracter\u00edsticas:<\/strong><br data-start=\"3406\" data-end=\"3409\" \/><strong data-start=\"3409\" data-end=\"3433\">Nombre del producto:<\/strong> Eje de direcci\u00f3n izquierdo Linde<br data-start=\"3466\" data-end=\"3469\" \/><strong data-start=\"3469\" data-end=\"3489\">C\u00f3digo de pieza:<\/strong> 16024530311<br data-start=\"3501\" data-end=\"3504\" \/><strong data-start=\"3504\" data-end=\"3517\">Material:<\/strong> Acero de alta resistencia<br data-start=\"3543\" data-end=\"3546\" \/><strong data-start=\"3546\" data-end=\"3562\">\u00c1rea de uso:<\/strong> Sistemas de direcci\u00f3n para carretillas elevadoras Linde<br data-start=\"3618\" data-end=\"3621\" \/><strong data-start=\"3621\" data-end=\"3633\">Ventaja:<\/strong> Construcci\u00f3n duradera, larga vida \u00fatil, control de direcci\u00f3n preciso<\/p>\n","protected":false},"featured_media":14038,"template":"","meta":[],"product_brand":[],"product_cat":[246,450,523],"product_tag":[],"class_list":{"0":"post-14041","1":"product","2":"type-product","3":"status-publish","4":"has-post-thumbnail","6":"product_cat-linde","7":"product_cat-direksiyon-sistemleri","8":"product_cat-yedek-parca-linde","10":"first","11":"instock","12":"taxable","13":"shipping-taxable","14":"purchasable","15":"product-type-simple"},"_links":{"self":[{"href":"https:\/\/ceoparts.com\/es\/wp-json\/wp\/v2\/product\/14041","targetHints":{"allow":["GET"]}}],"collection":[{"href":"https:\/\/ceoparts.com\/es\/wp-json\/wp\/v2\/product"}],"about":[{"href":"https:\/\/ceoparts.com\/es\/wp-json\/wp\/v2\/types\/product"}],"wp:featuredmedia":[{"embeddable":true,"href":"https:\/\/ceoparts.com\/es\/wp-json\/wp\/v2\/media\/14038"}],"wp:attachment":[{"href":"https:\/\/ceoparts.com\/es\/wp-json\/wp\/v2\/media?parent=14041"}],"wp:term":[{"taxonomy":"product_brand","embeddable":true,"href":"https:\/\/ceoparts.com\/es\/wp-json\/wp\/v2\/product_brand?post=14041"},{"taxonomy":"product_cat","embeddable":true,"href":"https:\/\/ceoparts.com\/es\/wp-json\/wp\/v2\/product_cat?post=14041"},{"taxonomy":"product_tag","embeddable":true,"href":"https:\/\/ceoparts.com\/es\/wp-json\/wp\/v2\/product_tag?post=14041"}],"curies":[{"name":"wp","href":"https:\/\/api.w.org\/{rel}","templated":true}]}}