{"id":14042,"date":"2025-02-07T15:55:51","date_gmt":"2025-02-07T12:55:51","guid":{"rendered":"https:\/\/ceoparts.com\/?post_type=product&#038;p=14042"},"modified":"2026-05-16T12:09:55","modified_gmt":"2026-05-16T09:09:55","slug":"bt-toyota-cesab-lpe200-dayanma-kolu-31602464-7614527-7582100","status":"publish","type":"product","link":"https:\/\/ceoparts.com\/es\/urun\/bt-toyota-cesab-lpe200-dayanma-kolu-31602464-7614527-7582100\/","title":{"rendered":"BT LPE200 Brazo de Resistencia  &#8211; 31602464 ,7614527, 7582100"},"content":{"rendered":"<p>BT LPE200 Brazo de Resistencia  &#8211; 31602464 ,7614527, 7582100<\/p>\n<p>BT Toyota Cesab Tube Bend Complete es adecuado para las siguientes m\u00e1quinas:<\/p>\n<ul>\n<li>Cesab P320 (A partir de los n\u00fameros de serie 6500126)<\/li>\n<li>Cesab P322 (A partir de los n\u00fameros de serie 6500126)<\/li>\n<\/ul>\n<p><\/p>","protected":false},"excerpt":{"rendered":"<p data-start=\"168\" data-end=\"407\"><br data-start=\"3597\" data-end=\"3600\" \/>El reposabrazos para carretillas elevadoras BT, Toyota y Cesab LPE200 garantiza un manejo seguro y c\u00f3modo para el operador. Su estructura resistente asegura una larga vida \u00fatil y mejora la ergonom\u00eda del control.<\/p>\n<p data-start=\"3813\" data-end=\"4172\"><strong data-start=\"3813\" data-end=\"3833\">Caracter\u00edsticas:<\/strong><br data-start=\"3833\" data-end=\"3836\" \/><strong data-start=\"3836\" data-end=\"3860\">Nombre del producto:<\/strong> Reposabrazos BT Toyota Cesab LPE200<br data-start=\"3896\" data-end=\"3899\" \/><strong data-start=\"3899\" data-end=\"3919\">C\u00f3digo de pieza:<\/strong> 31602464, 7614527, 7582100<br data-start=\"3946\" data-end=\"3949\" \/><strong data-start=\"3949\" data-end=\"3962\">Material:<\/strong> Combinaci\u00f3n s\u00f3lida de metal y pl\u00e1stico<br data-start=\"4001\" data-end=\"4004\" \/><strong data-start=\"4004\" data-end=\"4020\">\u00c1rea de uso:<\/strong> Sistemas de reposabrazos para carretillas elevadoras BT, Toyota y Cesab LPE200<br data-start=\"4099\" data-end=\"4102\" \/><strong data-start=\"4102\" data-end=\"4114\">Ventaja:<\/strong> Dise\u00f1o ergon\u00f3mico, material resistente, f\u00e1cil instalaci\u00f3n<\/p>\n","protected":false},"featured_media":14044,"template":"","meta":[],"product_brand":[],"product_cat":[251,450,518,521,530],"product_tag":[],"class_list":{"0":"post-14042","1":"product","2":"type-product","3":"status-publish","4":"has-post-thumbnail","6":"product_cat-bt","7":"product_cat-direksiyon-sistemleri","8":"product_cat-yedek-parca-bt","9":"product_cat-toyota","10":"product_cat-yedek-parca-toyota","12":"first","13":"instock","14":"taxable","15":"shipping-taxable","16":"purchasable","17":"product-type-simple"},"_links":{"self":[{"href":"https:\/\/ceoparts.com\/es\/wp-json\/wp\/v2\/product\/14042","targetHints":{"allow":["GET"]}}],"collection":[{"href":"https:\/\/ceoparts.com\/es\/wp-json\/wp\/v2\/product"}],"about":[{"href":"https:\/\/ceoparts.com\/es\/wp-json\/wp\/v2\/types\/product"}],"wp:featuredmedia":[{"embeddable":true,"href":"https:\/\/ceoparts.com\/es\/wp-json\/wp\/v2\/media\/14044"}],"wp:attachment":[{"href":"https:\/\/ceoparts.com\/es\/wp-json\/wp\/v2\/media?parent=14042"}],"wp:term":[{"taxonomy":"product_brand","embeddable":true,"href":"https:\/\/ceoparts.com\/es\/wp-json\/wp\/v2\/product_brand?post=14042"},{"taxonomy":"product_cat","embeddable":true,"href":"https:\/\/ceoparts.com\/es\/wp-json\/wp\/v2\/product_cat?post=14042"},{"taxonomy":"product_tag","embeddable":true,"href":"https:\/\/ceoparts.com\/es\/wp-json\/wp\/v2\/product_tag?post=14042"}],"curies":[{"name":"wp","href":"https:\/\/api.w.org\/{rel}","templated":true}]}}