{"id":14063,"date":"2025-02-07T16:26:30","date_gmt":"2025-02-07T13:26:30","guid":{"rendered":"https:\/\/ceoparts.com\/?post_type=product&#038;p=14063"},"modified":"2026-05-16T09:34:41","modified_gmt":"2026-05-16T06:34:41","slug":"bt-toyota-cesab-lpe200-dayanma-kol-takimi-31602464-7614527-7582100","status":"publish","type":"product","link":"https:\/\/ceoparts.com\/es\/urun\/bt-toyota-cesab-lpe200-dayanma-kol-takimi-31602464-7614527-7582100\/","title":{"rendered":"BT Toyota Cesab LPE200 Kit de Brazo de Resistencia \u2013 31602464, 7614527, 7582100"},"content":{"rendered":"<p>BT Toyota Cesab LPE200 Kit de Brazo de Resistencia \u2013 31602464, 7614527, 7582100<\/p>\n<p>BT Toyota Cesab Tube Bend Complete es adecuado para las siguientes m\u00e1quinas:<\/p>\n<ul>\n<li>Cesab P320 (A partir de los n\u00fameros de serie 6500126)<\/li>\n<li>Cesab P322 (A partir de los n\u00fameros de serie 6500126)<\/li>\n<\/ul>\n<p><\/p>","protected":false},"excerpt":{"rendered":"<p data-start=\"172\" data-end=\"362\"><br data-start=\"3357\" data-end=\"3360\" \/>El kit de reposabrazos est\u00e1 dise\u00f1ado especialmente para los modelos BT, Toyota y Cesab LPE200, proporcionando comodidad y seguridad al operador. Fabricado con materiales duraderos para un rendimiento duradero.<\/p>\n<p data-start=\"3571\" data-end=\"3929\"><strong data-start=\"3571\" data-end=\"3591\">Caracter\u00edsticas:<\/strong><br data-start=\"3591\" data-end=\"3594\" \/><strong data-start=\"3594\" data-end=\"3618\">Nombre del producto:<\/strong> Kit de reposabrazos BT Toyota Cesab LPE200<br data-start=\"3661\" data-end=\"3664\" \/><strong data-start=\"3664\" data-end=\"3684\">C\u00f3digo de pieza:<\/strong> 31602464, 7614527, 7582100<br data-start=\"3711\" data-end=\"3714\" \/><strong data-start=\"3714\" data-end=\"3727\">Material:<\/strong> Aleaci\u00f3n met\u00e1lica resistente<br data-start=\"3756\" data-end=\"3759\" \/><strong data-start=\"3759\" data-end=\"3775\">\u00c1rea de uso:<\/strong> Sistemas de reposabrazos para carretillas elevadoras BT, Toyota y Cesab LPE200<br data-start=\"3854\" data-end=\"3857\" \/><strong data-start=\"3857\" data-end=\"3869\">Ventaja:<\/strong> Dise\u00f1o ergon\u00f3mico, construcci\u00f3n duradera, f\u00e1cil instalaci\u00f3n<\/p>\n","protected":false},"featured_media":14065,"template":"","meta":[],"product_brand":[],"product_cat":[530,251,450,518,521],"product_tag":[],"class_list":{"0":"post-14063","1":"product","2":"type-product","3":"status-publish","4":"has-post-thumbnail","6":"product_cat-yedek-parca-toyota","7":"product_cat-bt","8":"product_cat-direksiyon-sistemleri","9":"product_cat-yedek-parca-bt","10":"product_cat-toyota","12":"first","13":"instock","14":"taxable","15":"shipping-taxable","16":"purchasable","17":"product-type-simple"},"_links":{"self":[{"href":"https:\/\/ceoparts.com\/es\/wp-json\/wp\/v2\/product\/14063","targetHints":{"allow":["GET"]}}],"collection":[{"href":"https:\/\/ceoparts.com\/es\/wp-json\/wp\/v2\/product"}],"about":[{"href":"https:\/\/ceoparts.com\/es\/wp-json\/wp\/v2\/types\/product"}],"wp:featuredmedia":[{"embeddable":true,"href":"https:\/\/ceoparts.com\/es\/wp-json\/wp\/v2\/media\/14065"}],"wp:attachment":[{"href":"https:\/\/ceoparts.com\/es\/wp-json\/wp\/v2\/media?parent=14063"}],"wp:term":[{"taxonomy":"product_brand","embeddable":true,"href":"https:\/\/ceoparts.com\/es\/wp-json\/wp\/v2\/product_brand?post=14063"},{"taxonomy":"product_cat","embeddable":true,"href":"https:\/\/ceoparts.com\/es\/wp-json\/wp\/v2\/product_cat?post=14063"},{"taxonomy":"product_tag","embeddable":true,"href":"https:\/\/ceoparts.com\/es\/wp-json\/wp\/v2\/product_tag?post=14063"}],"curies":[{"name":"wp","href":"https:\/\/api.w.org\/{rel}","templated":true}]}}