{"id":14070,"date":"2025-02-07T16:38:27","date_gmt":"2025-02-07T13:38:27","guid":{"rendered":"https:\/\/ceoparts.com\/?post_type=product&#038;p=14070"},"modified":"2026-05-16T18:41:35","modified_gmt":"2026-05-16T15:41:35","slug":"linde-karin-butonu-3005430303","status":"publish","type":"product","link":"https:\/\/ceoparts.com\/es\/urun\/linde-karin-butonu-3005430303\/","title":{"rendered":"Linde Bot\u00f3n Abdominal &#8211; 3005430303"},"content":{"rendered":"<p>Linde Bot\u00f3n Abdominal &#8211; 3005430303<\/p>","protected":false},"excerpt":{"rendered":"<p data-start=\"110\" data-end=\"315\"><br data-start=\"3015\" data-end=\"3018\" \/>El bot\u00f3n abdominal Linde est\u00e1 dise\u00f1ado especialmente para carretillas elevadoras Linde, ayudando al operador a controlar r\u00e1pida y seguramente. Fabricado con materiales duraderos para un uso prolongado.<\/p>\n<p data-start=\"3221\" data-end=\"3512\"><strong data-start=\"3221\" data-end=\"3241\">Caracter\u00edsticas:<\/strong><br data-start=\"3241\" data-end=\"3244\" \/><strong data-start=\"3244\" data-end=\"3268\">Nombre del producto:<\/strong> Bot\u00f3n abdominal Linde<br data-start=\"3290\" data-end=\"3293\" \/><strong data-start=\"3293\" data-end=\"3313\">C\u00f3digo de pieza:<\/strong> 3005430303<br data-start=\"3324\" data-end=\"3327\" \/><strong data-start=\"3327\" data-end=\"3340\">Material:<\/strong> Componentes robustos de pl\u00e1stico y metal<br data-start=\"3381\" data-end=\"3384\" \/><strong data-start=\"3384\" data-end=\"3400\">\u00c1rea de uso:<\/strong> Sistemas de control para carretillas elevadoras<br data-start=\"3448\" data-end=\"3451\" \/><strong data-start=\"3451\" data-end=\"3463\">Ventaja:<\/strong> F\u00e1cil de usar, dise\u00f1o duradero, respuesta r\u00e1pida<\/p>\n<p>T16\/18\/20 seria 1152<\/p>\n","protected":false},"featured_media":14071,"template":"","meta":[],"product_brand":[],"product_cat":[246,451,454,523],"product_tag":[],"class_list":{"0":"post-14070","1":"product","2":"type-product","3":"status-publish","4":"has-post-thumbnail","6":"product_cat-linde","7":"product_cat-aksesuar-grubu","8":"product_cat-switch-ve-buton","9":"product_cat-yedek-parca-linde","11":"first","12":"instock","13":"taxable","14":"shipping-taxable","15":"purchasable","16":"product-type-simple"},"_links":{"self":[{"href":"https:\/\/ceoparts.com\/es\/wp-json\/wp\/v2\/product\/14070","targetHints":{"allow":["GET"]}}],"collection":[{"href":"https:\/\/ceoparts.com\/es\/wp-json\/wp\/v2\/product"}],"about":[{"href":"https:\/\/ceoparts.com\/es\/wp-json\/wp\/v2\/types\/product"}],"wp:featuredmedia":[{"embeddable":true,"href":"https:\/\/ceoparts.com\/es\/wp-json\/wp\/v2\/media\/14071"}],"wp:attachment":[{"href":"https:\/\/ceoparts.com\/es\/wp-json\/wp\/v2\/media?parent=14070"}],"wp:term":[{"taxonomy":"product_brand","embeddable":true,"href":"https:\/\/ceoparts.com\/es\/wp-json\/wp\/v2\/product_brand?post=14070"},{"taxonomy":"product_cat","embeddable":true,"href":"https:\/\/ceoparts.com\/es\/wp-json\/wp\/v2\/product_cat?post=14070"},{"taxonomy":"product_tag","embeddable":true,"href":"https:\/\/ceoparts.com\/es\/wp-json\/wp\/v2\/product_tag?post=14070"}],"curies":[{"name":"wp","href":"https:\/\/api.w.org\/{rel}","templated":true}]}}