{"id":14084,"date":"2025-02-07T17:41:48","date_gmt":"2025-02-07T14:41:48","guid":{"rendered":"https:\/\/ceoparts.com\/?post_type=product&#038;p=14084"},"modified":"2026-05-16T19:51:38","modified_gmt":"2026-05-16T16:51:38","slug":"kontak-anahtari-baoli-heli-tcn-genis-baslik","status":"publish","type":"product","link":"https:\/\/ceoparts.com\/es\/urun\/kontak-anahtari-baoli-heli-tcn-genis-baslik\/","title":{"rendered":"Interruptor de encendido Baoli Heli 4 enchufes"},"content":{"rendered":"<p>Interruptor de encendido Baoli Heli 4 enchufes<\/p>","protected":false},"excerpt":{"rendered":"<p data-start=\"163\" data-end=\"369\"><br data-start=\"3513\" data-end=\"3516\" \/>El interruptor de contacto de cabeza ancha con 4 polos est\u00e1 dise\u00f1ado para carretillas elevadoras Baoli, Heli y TCM, garantizando un funcionamiento seguro y fluido. Fabricado con materiales duraderos para una larga vida \u00fatil.<\/p>\n<p data-start=\"3742\" data-end=\"4104\"><strong data-start=\"3742\" data-end=\"3762\">Caracter\u00edsticas:<\/strong><br data-start=\"3762\" data-end=\"3765\" \/><strong data-start=\"3765\" data-end=\"3789\">Nombre del producto:<\/strong> Interruptor de contacto de cabeza ancha Baoli Heli TCM 4 polos<br data-start=\"3852\" data-end=\"3855\" \/><strong data-start=\"3855\" data-end=\"3875\">C\u00f3digo de pieza:<\/strong> \u2013<br data-start=\"3877\" data-end=\"3880\" \/><strong data-start=\"3880\" data-end=\"3893\">Material:<\/strong> Componentes met\u00e1licos y pl\u00e1sticos robustos<br data-start=\"3936\" data-end=\"3939\" \/><strong data-start=\"3939\" data-end=\"3955\">\u00c1rea de uso:<\/strong> Sistemas de encendido para carretillas elevadoras Baoli, Heli y TCM<br data-start=\"4023\" data-end=\"4026\" \/><strong data-start=\"4026\" data-end=\"4038\">Ventaja:<\/strong> Dise\u00f1o de cabeza ancha, f\u00e1cil instalaci\u00f3n y construcci\u00f3n duradera<\/p>\n","protected":false},"featured_media":14086,"template":"","meta":[],"product_brand":[],"product_cat":[469],"product_tag":[],"class_list":{"0":"post-14084","1":"product","2":"type-product","3":"status-publish","4":"has-post-thumbnail","6":"product_cat-elektrik-ve-sistem-parcalari","8":"first","9":"instock","10":"taxable","11":"shipping-taxable","12":"purchasable","13":"product-type-simple"},"_links":{"self":[{"href":"https:\/\/ceoparts.com\/es\/wp-json\/wp\/v2\/product\/14084","targetHints":{"allow":["GET"]}}],"collection":[{"href":"https:\/\/ceoparts.com\/es\/wp-json\/wp\/v2\/product"}],"about":[{"href":"https:\/\/ceoparts.com\/es\/wp-json\/wp\/v2\/types\/product"}],"wp:featuredmedia":[{"embeddable":true,"href":"https:\/\/ceoparts.com\/es\/wp-json\/wp\/v2\/media\/14086"}],"wp:attachment":[{"href":"https:\/\/ceoparts.com\/es\/wp-json\/wp\/v2\/media?parent=14084"}],"wp:term":[{"taxonomy":"product_brand","embeddable":true,"href":"https:\/\/ceoparts.com\/es\/wp-json\/wp\/v2\/product_brand?post=14084"},{"taxonomy":"product_cat","embeddable":true,"href":"https:\/\/ceoparts.com\/es\/wp-json\/wp\/v2\/product_cat?post=14084"},{"taxonomy":"product_tag","embeddable":true,"href":"https:\/\/ceoparts.com\/es\/wp-json\/wp\/v2\/product_tag?post=14084"}],"curies":[{"name":"wp","href":"https:\/\/api.w.org\/{rel}","templated":true}]}}