{"id":14103,"date":"2025-02-08T09:45:24","date_gmt":"2025-02-08T06:45:24","guid":{"rendered":"https:\/\/ceoparts.com\/?post_type=product&#038;p=14103"},"modified":"2026-05-16T12:10:31","modified_gmt":"2026-05-16T09:10:31","slug":"kontak-anahtari-linde-monitou-9-fisli-701-80184-701-45500-70145500-85804674","status":"publish","type":"product","link":"https:\/\/ceoparts.com\/es\/urun\/kontak-anahtari-linde-monitou-9-fisli-701-80184-701-45500-70145500-85804674\/","title":{"rendered":"Interruptor de encendido Linde Monitou 9 pines &#8211; 701\/80184 701\/45500 70145500 85804674"},"content":{"rendered":"<p>Interruptor de encendido Linde Monitou 9 pines &#8211; 701\/80184 701\/45500 70145500 85804674<\/p>\n<p>JCB Beko Y\u00fckleyici I CX, 2018 i\u00e7in; JCB beko y\u00fckleyici 2CX, 210, 212,MIDI CX;<br \/>\nBeko Loder 3CX, 4CX, 5CX, 214, 215, 217<\/p>\n<p>Deutz-Fahr D 6006D 6007D 6206D 6207D 6507D 6806D 6807D 6907D 7006D 7007D 7206D 7207D 7807<\/p>\n<p>Manitou 01171659 01176269 04350834<\/p>\n<p>Case IH 1055 (55 Serisi)1055XL1056 (56 Serisi)1056XL1255 (55 Serisi)1455 (55 Serisi)485 (85 Serisi)<br \/>\n485XL585 (85 Utility Serisi)585XL685 (85 Serisi)685XL743 (43 Serisi)743 (Uluslararas\u0131)745<br \/>\n(45 Serisi)745 (Uluslararas\u0131)785 (85 Serisi)785 (Uluslararas\u0131)785XL844 (44 Serisi)845 (45 Serisi)<br \/>\n856 (56 Serisi)885 (85 Serisi)885XL955 (55 Serisi)955XL956 (56 Serisi<\/p>","protected":false},"excerpt":{"rendered":"<p data-start=\"178\" data-end=\"370\"><br data-start=\"3515\" data-end=\"3518\" \/>El interruptor de contacto de 9 polos est\u00e1 dise\u00f1ado para carretillas elevadoras Linde y Monitou, garantizando un funcionamiento seguro y fluido del veh\u00edculo. Fabricado con materiales duraderos para una larga vida \u00fatil.<\/p>\n<p data-start=\"3738\" data-end=\"4105\"><strong data-start=\"3738\" data-end=\"3758\">Caracter\u00edsticas:<\/strong><br data-start=\"3758\" data-end=\"3761\" \/><strong data-start=\"3761\" data-end=\"3785\">Nombre del producto:<\/strong> Interruptor de contacto de 9 polos Linde Monitou<br data-start=\"3834\" data-end=\"3837\" \/><strong data-start=\"3837\" data-end=\"3857\">C\u00f3digo de pieza:<\/strong> 701\/80184, 701\/45500, 70145500, 85804674<br data-start=\"3898\" data-end=\"3901\" \/><strong data-start=\"3901\" data-end=\"3914\">Material:<\/strong> Componentes met\u00e1licos y pl\u00e1sticos duraderos<br data-start=\"3958\" data-end=\"3961\" \/><strong data-start=\"3961\" data-end=\"3977\">\u00c1rea de uso:<\/strong> Sistemas de encendido para carretillas elevadoras Linde y Monitou<br data-start=\"4043\" data-end=\"4046\" \/><strong data-start=\"4046\" data-end=\"4058\">Ventaja:<\/strong> Uso seguro, dise\u00f1o robusto y f\u00e1cil instalaci\u00f3n<\/p>\n","protected":false},"featured_media":14108,"template":"","meta":[],"product_brand":[],"product_cat":[246,469,523],"product_tag":[],"class_list":{"0":"post-14103","1":"product","2":"type-product","3":"status-publish","4":"has-post-thumbnail","6":"product_cat-linde","7":"product_cat-elektrik-ve-sistem-parcalari","8":"product_cat-yedek-parca-linde","10":"first","11":"instock","12":"taxable","13":"shipping-taxable","14":"purchasable","15":"product-type-simple"},"_links":{"self":[{"href":"https:\/\/ceoparts.com\/es\/wp-json\/wp\/v2\/product\/14103","targetHints":{"allow":["GET"]}}],"collection":[{"href":"https:\/\/ceoparts.com\/es\/wp-json\/wp\/v2\/product"}],"about":[{"href":"https:\/\/ceoparts.com\/es\/wp-json\/wp\/v2\/types\/product"}],"wp:featuredmedia":[{"embeddable":true,"href":"https:\/\/ceoparts.com\/es\/wp-json\/wp\/v2\/media\/14108"}],"wp:attachment":[{"href":"https:\/\/ceoparts.com\/es\/wp-json\/wp\/v2\/media?parent=14103"}],"wp:term":[{"taxonomy":"product_brand","embeddable":true,"href":"https:\/\/ceoparts.com\/es\/wp-json\/wp\/v2\/product_brand?post=14103"},{"taxonomy":"product_cat","embeddable":true,"href":"https:\/\/ceoparts.com\/es\/wp-json\/wp\/v2\/product_cat?post=14103"},{"taxonomy":"product_tag","embeddable":true,"href":"https:\/\/ceoparts.com\/es\/wp-json\/wp\/v2\/product_tag?post=14103"}],"curies":[{"name":"wp","href":"https:\/\/api.w.org\/{rel}","templated":true}]}}