{"id":14120,"date":"2025-02-08T12:34:02","date_gmt":"2025-02-08T09:34:02","guid":{"rendered":"https:\/\/ceoparts.com\/?post_type=product&#038;p=14120"},"modified":"2026-05-16T15:00:21","modified_gmt":"2026-05-16T12:00:21","slug":"kontak-anahtari-toyota-komatsu-7fd10-45-57590-23333-71","status":"publish","type":"product","link":"https:\/\/ceoparts.com\/es\/urun\/kontak-anahtari-toyota-komatsu-7fd10-45-57590-23333-71\/","title":{"rendered":"Interruptor de encendido Toyota Komatsu 7FD10-45 &#8211; 57590-23333-71"},"content":{"rendered":"<p>Interruptor de encendido Toyota Komatsu 7FD10-45 &#8211; 57590-23333-71<\/p>\n<p><strong>Referans OEM\u00a0Numaralar\u0131:<\/strong><br \/>\nTY57590-23330-71 \/\u00a0575902333071 \/\u00a057590-23330-71<br \/>\nTY57590-23340-71 \/\u00a0575902334071 \/\u00a057590-23340-71<br \/>\nTY57590-23342-71 \/\u00a0575902334271 \/\u00a057590-23342-71<br \/>\nTY57590-30562-71 \/\u00a0575903056271 \/\u00a057590-30562-71<br \/>\n57590-23343-71<br \/>\n57590-23341-71<br \/>\n57510-23000-71<\/p>","protected":false},"excerpt":{"rendered":"<p data-start=\"156\" data-end=\"355\"><br data-start=\"3466\" data-end=\"3469\" \/>El interruptor de contacto est\u00e1 especialmente dise\u00f1ado para el modelo de carretilla elevadora Toyota Komatsu 7FD10-45, garantizando un funcionamiento seguro y fluido del veh\u00edculo. Fabricado con materiales duraderos para una larga vida \u00fatil.<\/p>\n<p data-start=\"3711\" data-end=\"4058\"><strong data-start=\"3711\" data-end=\"3731\">Caracter\u00edsticas:<\/strong><br data-start=\"3731\" data-end=\"3734\" \/><strong data-start=\"3734\" data-end=\"3758\">Nombre del producto:<\/strong> Interruptor de contacto Toyota Komatsu 7FD10-45<br data-start=\"3806\" data-end=\"3809\" \/><strong data-start=\"3809\" data-end=\"3829\">C\u00f3digo de pieza:<\/strong> 57590-23333-71<br data-start=\"3844\" data-end=\"3847\" \/><strong data-start=\"3847\" data-end=\"3860\">Material:<\/strong> Componentes met\u00e1licos y pl\u00e1sticos duraderos<br data-start=\"3904\" data-end=\"3907\" \/><strong data-start=\"3907\" data-end=\"3923\">\u00c1rea de uso:<\/strong> Sistema de encendido para carretillas elevadoras Toyota Komatsu 7FD10-45<br data-start=\"3996\" data-end=\"3999\" \/><strong data-start=\"3999\" data-end=\"4011\">Ventaja:<\/strong> Uso seguro, dise\u00f1o robusto y f\u00e1cil instalaci\u00f3n<\/p>\n","protected":false},"featured_media":14121,"template":"","meta":[],"product_brand":[],"product_cat":[469,521,530],"product_tag":[],"class_list":{"0":"post-14120","1":"product","2":"type-product","3":"status-publish","4":"has-post-thumbnail","6":"product_cat-elektrik-ve-sistem-parcalari","7":"product_cat-toyota","8":"product_cat-yedek-parca-toyota","10":"first","11":"instock","12":"taxable","13":"shipping-taxable","14":"purchasable","15":"product-type-simple"},"_links":{"self":[{"href":"https:\/\/ceoparts.com\/es\/wp-json\/wp\/v2\/product\/14120","targetHints":{"allow":["GET"]}}],"collection":[{"href":"https:\/\/ceoparts.com\/es\/wp-json\/wp\/v2\/product"}],"about":[{"href":"https:\/\/ceoparts.com\/es\/wp-json\/wp\/v2\/types\/product"}],"wp:featuredmedia":[{"embeddable":true,"href":"https:\/\/ceoparts.com\/es\/wp-json\/wp\/v2\/media\/14121"}],"wp:attachment":[{"href":"https:\/\/ceoparts.com\/es\/wp-json\/wp\/v2\/media?parent=14120"}],"wp:term":[{"taxonomy":"product_brand","embeddable":true,"href":"https:\/\/ceoparts.com\/es\/wp-json\/wp\/v2\/product_brand?post=14120"},{"taxonomy":"product_cat","embeddable":true,"href":"https:\/\/ceoparts.com\/es\/wp-json\/wp\/v2\/product_cat?post=14120"},{"taxonomy":"product_tag","embeddable":true,"href":"https:\/\/ceoparts.com\/es\/wp-json\/wp\/v2\/product_tag?post=14120"}],"curies":[{"name":"wp","href":"https:\/\/api.w.org\/{rel}","templated":true}]}}