{"id":14142,"date":"2025-02-10T14:32:43","date_gmt":"2025-02-10T11:32:43","guid":{"rendered":"https:\/\/ceoparts.com\/?post_type=product&#038;p=14142"},"modified":"2026-05-16T21:52:56","modified_gmt":"2026-05-16T18:52:56","slug":"kontak-anahtari-linde-503-2-kademeli","status":"publish","type":"product","link":"https:\/\/ceoparts.com\/es\/urun\/kontak-anahtari-linde-503-2-kademeli\/","title":{"rendered":"Clave de contacto Linde 503 de 2 etapas"},"content":{"rendered":"<p>Clave de contacto Linde 503 de 2 etapas<\/p>","protected":false},"excerpt":{"rendered":"<p data-start=\"133\" data-end=\"350\"><br data-start=\"3408\" data-end=\"3411\" \/>El interruptor de contacto de 2 etapas est\u00e1 dise\u00f1ado especialmente para los modelos de carretillas elevadoras Linde 503, garantizando un funcionamiento seguro y controlado del veh\u00edculo. Su construcci\u00f3n robusta y materiales de calidad proporcionan una larga vida \u00fatil.<\/p>\n<p data-start=\"3680\" data-end=\"4011\"><strong data-start=\"3680\" data-end=\"3700\">Caracter\u00edsticas:<\/strong><br data-start=\"3700\" data-end=\"3703\" \/><strong data-start=\"3703\" data-end=\"3727\">Nombre del producto:<\/strong> Interruptor de contacto Linde 503 de 2 etapas<br data-start=\"3773\" data-end=\"3776\" \/><strong data-start=\"3776\" data-end=\"3796\">C\u00f3digo de pieza:<\/strong> \u2013<br data-start=\"3798\" data-end=\"3801\" \/><strong data-start=\"3801\" data-end=\"3814\">Material:<\/strong> Componentes robustos de metal y pl\u00e1stico<br data-start=\"3855\" data-end=\"3858\" \/><strong data-start=\"3858\" data-end=\"3874\">\u00c1rea de uso:<\/strong> Sistema de encendido para carretillas elevadoras Linde 503<br data-start=\"3933\" data-end=\"3936\" \/><strong data-start=\"3936\" data-end=\"3948\">Ventaja:<\/strong> Control de dos etapas, funcionamiento seguro y dise\u00f1o duradero<\/p>\n","protected":false},"featured_media":14143,"template":"","meta":[],"product_brand":[],"product_cat":[246,469,523],"product_tag":[],"class_list":{"0":"post-14142","1":"product","2":"type-product","3":"status-publish","4":"has-post-thumbnail","6":"product_cat-linde","7":"product_cat-elektrik-ve-sistem-parcalari","8":"product_cat-yedek-parca-linde","10":"first","11":"instock","12":"taxable","13":"shipping-taxable","14":"purchasable","15":"product-type-simple"},"_links":{"self":[{"href":"https:\/\/ceoparts.com\/es\/wp-json\/wp\/v2\/product\/14142","targetHints":{"allow":["GET"]}}],"collection":[{"href":"https:\/\/ceoparts.com\/es\/wp-json\/wp\/v2\/product"}],"about":[{"href":"https:\/\/ceoparts.com\/es\/wp-json\/wp\/v2\/types\/product"}],"wp:featuredmedia":[{"embeddable":true,"href":"https:\/\/ceoparts.com\/es\/wp-json\/wp\/v2\/media\/14143"}],"wp:attachment":[{"href":"https:\/\/ceoparts.com\/es\/wp-json\/wp\/v2\/media?parent=14142"}],"wp:term":[{"taxonomy":"product_brand","embeddable":true,"href":"https:\/\/ceoparts.com\/es\/wp-json\/wp\/v2\/product_brand?post=14142"},{"taxonomy":"product_cat","embeddable":true,"href":"https:\/\/ceoparts.com\/es\/wp-json\/wp\/v2\/product_cat?post=14142"},{"taxonomy":"product_tag","embeddable":true,"href":"https:\/\/ceoparts.com\/es\/wp-json\/wp\/v2\/product_tag?post=14142"}],"curies":[{"name":"wp","href":"https:\/\/api.w.org\/{rel}","templated":true}]}}