{"id":14150,"date":"2025-02-10T15:01:31","date_gmt":"2025-02-10T12:01:31","guid":{"rendered":"https:\/\/ceoparts.com\/?post_type=product&#038;p=14150"},"modified":"2026-05-16T22:12:08","modified_gmt":"2026-05-16T19:12:08","slug":"kontak-anahtari-komatsu-t-16-6-soket-3eb-55-51120","status":"publish","type":"product","link":"https:\/\/ceoparts.com\/es\/urun\/kontak-anahtari-komatsu-t-16-6-soket-3eb-55-51120\/","title":{"rendered":"Kontak Anahtar\u0131 KOMATSU T-16 6 Soket &#8211; 3EB-55-51120"},"content":{"rendered":"<p><\/p>\n<p><\/p>\n<ul>\n<li>KOMATSU FD20<\/li>\n<li>KOMATSU30-16<\/li>\n<li>KOMATSU 17\/20<\/li>\n<\/ul>\n<p><\/p>","protected":false},"excerpt":{"rendered":"<p data-start=\"148\" data-end=\"353\"><br data-start=\"3376\" data-end=\"3379\" \/>El interruptor de contacto de 6 polos est\u00e1 dise\u00f1ado especialmente para los modelos de carretillas elevadoras Komatsu T-16, garantizando un funcionamiento seguro y suave del veh\u00edculo. Fabricado con materiales duraderos para un uso prolongado.<\/p>\n<p data-start=\"3622\" data-end=\"3967\"><strong data-start=\"3622\" data-end=\"3642\">Caracter\u00edsticas:<\/strong><br data-start=\"3642\" data-end=\"3645\" \/><strong data-start=\"3645\" data-end=\"3669\">Nombre del producto:<\/strong> Interruptor de contacto de 6 polos Komatsu T-16<br data-start=\"3717\" data-end=\"3720\" \/><strong data-start=\"3720\" data-end=\"3740\">C\u00f3digo de pieza:<\/strong> 3EB-55-51120<br data-start=\"3753\" data-end=\"3756\" \/><strong data-start=\"3756\" data-end=\"3769\">Material:<\/strong> Componentes met\u00e1licos y pl\u00e1sticos duraderos<br data-start=\"3813\" data-end=\"3816\" \/><strong data-start=\"3816\" data-end=\"3832\">\u00c1rea de uso:<\/strong> Sistema de encendido para carretillas elevadoras Komatsu T-16<br data-start=\"3894\" data-end=\"3897\" \/><strong data-start=\"3897\" data-end=\"3909\">Ventaja:<\/strong> Funcionamiento seguro, dise\u00f1o robusto y f\u00e1cil instalaci\u00f3n<\/p>\n","protected":false},"featured_media":14151,"template":"","meta":[],"product_brand":[],"product_cat":[469],"product_tag":[],"class_list":{"0":"post-14150","1":"product","2":"type-product","3":"status-publish","4":"has-post-thumbnail","6":"product_cat-elektrik-ve-sistem-parcalari","8":"first","9":"instock","10":"taxable","11":"shipping-taxable","12":"purchasable","13":"product-type-simple"},"_links":{"self":[{"href":"https:\/\/ceoparts.com\/es\/wp-json\/wp\/v2\/product\/14150","targetHints":{"allow":["GET"]}}],"collection":[{"href":"https:\/\/ceoparts.com\/es\/wp-json\/wp\/v2\/product"}],"about":[{"href":"https:\/\/ceoparts.com\/es\/wp-json\/wp\/v2\/types\/product"}],"wp:featuredmedia":[{"embeddable":true,"href":"https:\/\/ceoparts.com\/es\/wp-json\/wp\/v2\/media\/14151"}],"wp:attachment":[{"href":"https:\/\/ceoparts.com\/es\/wp-json\/wp\/v2\/media?parent=14150"}],"wp:term":[{"taxonomy":"product_brand","embeddable":true,"href":"https:\/\/ceoparts.com\/es\/wp-json\/wp\/v2\/product_brand?post=14150"},{"taxonomy":"product_cat","embeddable":true,"href":"https:\/\/ceoparts.com\/es\/wp-json\/wp\/v2\/product_cat?post=14150"},{"taxonomy":"product_tag","embeddable":true,"href":"https:\/\/ceoparts.com\/es\/wp-json\/wp\/v2\/product_tag?post=14150"}],"curies":[{"name":"wp","href":"https:\/\/api.w.org\/{rel}","templated":true}]}}