{"id":14154,"date":"2025-02-10T15:33:14","date_gmt":"2025-02-10T12:33:14","guid":{"rendered":"https:\/\/ceoparts.com\/?post_type=product&#038;p=14154"},"modified":"2026-05-16T14:33:48","modified_gmt":"2026-05-16T11:33:48","slug":"kontak-anahtari-hangcha-fd20-30-mitsubishi-federal-jk406c","status":"publish","type":"product","link":"https:\/\/ceoparts.com\/es\/urun\/kontak-anahtari-hangcha-fd20-30-mitsubishi-federal-jk406c\/","title":{"rendered":"Clave de contacto Hangcha FD20-30 Mitsubishi \/ Federal &#8211; JK406C"},"content":{"rendered":"<p>Clave de contacto Hangcha FD20-30 Mitsubishi \/ Federal &#8211; JK406C<\/p>","protected":false},"excerpt":{"rendered":"<p data-start=\"183\" data-end=\"415\"><br data-start=\"3905\" data-end=\"3908\" \/>El interruptor de contacto JK406C est\u00e1 dise\u00f1ado especialmente para los modelos de carretillas elevadoras Hangcha FD20-30 Mitsubishi y Federal, garantizando un funcionamiento seguro y suave del veh\u00edculo. Fabricado con materiales duraderos y mano de obra de calidad para un uso prolongado.<\/p>\n<p data-start=\"4197\" data-end=\"4574\"><strong data-start=\"4197\" data-end=\"4217\">Caracter\u00edsticas:<\/strong><br data-start=\"4217\" data-end=\"4220\" \/><strong data-start=\"4220\" data-end=\"4244\">Nombre del producto:<\/strong> Interruptor de contacto Hangcha FD20-30 Mitsubishi \/ Federal<br data-start=\"4305\" data-end=\"4308\" \/><strong data-start=\"4308\" data-end=\"4328\">C\u00f3digo de pieza:<\/strong> JK406C<br data-start=\"4335\" data-end=\"4338\" \/><strong data-start=\"4338\" data-end=\"4351\">Material:<\/strong> Componentes met\u00e1licos y pl\u00e1sticos duraderos<br data-start=\"4395\" data-end=\"4398\" \/><strong data-start=\"4398\" data-end=\"4414\">\u00c1rea de uso:<\/strong> Sistema de encendido para carretillas elevadoras Hangcha FD20-30 Mitsubishi y Federal<br data-start=\"4500\" data-end=\"4503\" \/><strong data-start=\"4503\" data-end=\"4515\">Ventaja:<\/strong> Funcionamiento seguro, dise\u00f1o duradero y f\u00e1cil instalaci\u00f3n<\/p>\n","protected":false},"featured_media":14155,"template":"","meta":[],"product_brand":[],"product_cat":[469],"product_tag":[],"class_list":{"0":"post-14154","1":"product","2":"type-product","3":"status-publish","4":"has-post-thumbnail","6":"product_cat-elektrik-ve-sistem-parcalari","8":"first","9":"instock","10":"taxable","11":"shipping-taxable","12":"purchasable","13":"product-type-simple"},"_links":{"self":[{"href":"https:\/\/ceoparts.com\/es\/wp-json\/wp\/v2\/product\/14154","targetHints":{"allow":["GET"]}}],"collection":[{"href":"https:\/\/ceoparts.com\/es\/wp-json\/wp\/v2\/product"}],"about":[{"href":"https:\/\/ceoparts.com\/es\/wp-json\/wp\/v2\/types\/product"}],"wp:featuredmedia":[{"embeddable":true,"href":"https:\/\/ceoparts.com\/es\/wp-json\/wp\/v2\/media\/14155"}],"wp:attachment":[{"href":"https:\/\/ceoparts.com\/es\/wp-json\/wp\/v2\/media?parent=14154"}],"wp:term":[{"taxonomy":"product_brand","embeddable":true,"href":"https:\/\/ceoparts.com\/es\/wp-json\/wp\/v2\/product_brand?post=14154"},{"taxonomy":"product_cat","embeddable":true,"href":"https:\/\/ceoparts.com\/es\/wp-json\/wp\/v2\/product_cat?post=14154"},{"taxonomy":"product_tag","embeddable":true,"href":"https:\/\/ceoparts.com\/es\/wp-json\/wp\/v2\/product_tag?post=14154"}],"curies":[{"name":"wp","href":"https:\/\/api.w.org\/{rel}","templated":true}]}}