{"id":14159,"date":"2025-02-10T15:46:10","date_gmt":"2025-02-10T12:46:10","guid":{"rendered":"https:\/\/ceoparts.com\/?post_type=product&#038;p=14159"},"modified":"2026-05-16T15:02:27","modified_gmt":"2026-05-16T12:02:27","slug":"kontak-anahtari-linde-h12-80-7-soket-0009730212-0009730215-0009730204","status":"publish","type":"product","link":"https:\/\/ceoparts.com\/es\/urun\/kontak-anahtari-linde-h12-80-7-soket-0009730212-0009730215-0009730204\/","title":{"rendered":"Clave de contacto Linde H12-80 7 enchufes &#8211; 0009730212, 0009730215, 0009730204"},"content":{"rendered":"<p>Clave de contacto Linde H12-80 7 enchufes &#8211; 0009730212, 0009730215, 0009730204<\/p>\n<p>350-01\/02\u00a0 \u00a0Model: H12\/16\/18<br \/>\n350-03 \u00a0\u00a0\u00a0\u00a0\u00a0\u00a0\u00a0\u00a0Model: H12\/16\/18\/20 \u2013 03<br \/>\n351-02\u00a0\u00a0\u00a0\u00a0\u00a0\u00a0 \u00a0\u00a0Model: H20\/25\/30 \u2013 02<br \/>\n351-03\u00a0\u00a0\u00a0\u00a0\u00a0\u00a0 \u00a0\u00a0Model: H20\/25\/30\/35 \u2013 03<br \/>\n351-04\u00a0\u00a0\u00a0\u00a0\u00a0 \u00a0\u00a0\u00a0Model: H25\/30-04<br \/>\n352-03\/04\u00a0 \u00a0Model: H35\/40\/45 \u2013 03\/04<br \/>\n352-04\u00a0\u00a0\u00a0\u00a0\u00a0\u00a0 \u00a0\u00a0Model: H35\/40\/45 \u2013 04<br \/>\n353-01\u00a0\u00a0\u00a0\u00a0\u00a0\u00a0\u00a0 \u00a0Model: H50\/60\/70\/80<\/p>","protected":false},"excerpt":{"rendered":"<p data-start=\"170\" data-end=\"370\"><br data-start=\"3483\" data-end=\"3486\" \/>El interruptor de contacto de 7 polos est\u00e1 especialmente dise\u00f1ado para carretillas elevadoras Linde H12-80, garantizando un funcionamiento seguro del veh\u00edculo. Fabricado con materiales de alta calidad, ofrece una larga vida \u00fatil.<\/p>\n<p data-start=\"3717\" data-end=\"4072\"><strong data-start=\"3717\" data-end=\"3737\">Caracter\u00edsticas:<\/strong><br data-start=\"3737\" data-end=\"3740\" \/><strong data-start=\"3740\" data-end=\"3764\">Nombre del producto:<\/strong> Interruptor de contacto de 7 polos Linde H12-80<br data-start=\"3812\" data-end=\"3815\" \/><strong data-start=\"3815\" data-end=\"3835\">C\u00f3digo de pieza:<\/strong> 0009730212, 0009730215, 0009730204<br data-start=\"3870\" data-end=\"3873\" \/><strong data-start=\"3873\" data-end=\"3886\">Material:<\/strong> Componentes duraderos de metal y pl\u00e1stico<br data-start=\"3928\" data-end=\"3931\" \/><strong data-start=\"3931\" data-end=\"3947\">\u00c1rea de uso:<\/strong> Sistema de encendido para carretillas elevadoras Linde H12-80<br data-start=\"4009\" data-end=\"4012\" \/><strong data-start=\"4012\" data-end=\"4024\">Ventaja:<\/strong> Uso seguro, dise\u00f1o duradero y f\u00e1cil instalaci\u00f3n<\/p>\n<p>&nbsp;<\/p>\n","protected":false},"featured_media":14161,"template":"","meta":[],"product_brand":[],"product_cat":[246,469,523],"product_tag":[],"class_list":{"0":"post-14159","1":"product","2":"type-product","3":"status-publish","4":"has-post-thumbnail","6":"product_cat-linde","7":"product_cat-elektrik-ve-sistem-parcalari","8":"product_cat-yedek-parca-linde","10":"first","11":"instock","12":"taxable","13":"shipping-taxable","14":"purchasable","15":"product-type-simple"},"_links":{"self":[{"href":"https:\/\/ceoparts.com\/es\/wp-json\/wp\/v2\/product\/14159","targetHints":{"allow":["GET"]}}],"collection":[{"href":"https:\/\/ceoparts.com\/es\/wp-json\/wp\/v2\/product"}],"about":[{"href":"https:\/\/ceoparts.com\/es\/wp-json\/wp\/v2\/types\/product"}],"wp:featuredmedia":[{"embeddable":true,"href":"https:\/\/ceoparts.com\/es\/wp-json\/wp\/v2\/media\/14161"}],"wp:attachment":[{"href":"https:\/\/ceoparts.com\/es\/wp-json\/wp\/v2\/media?parent=14159"}],"wp:term":[{"taxonomy":"product_brand","embeddable":true,"href":"https:\/\/ceoparts.com\/es\/wp-json\/wp\/v2\/product_brand?post=14159"},{"taxonomy":"product_cat","embeddable":true,"href":"https:\/\/ceoparts.com\/es\/wp-json\/wp\/v2\/product_cat?post=14159"},{"taxonomy":"product_tag","embeddable":true,"href":"https:\/\/ceoparts.com\/es\/wp-json\/wp\/v2\/product_tag?post=14159"}],"curies":[{"name":"wp","href":"https:\/\/api.w.org\/{rel}","templated":true}]}}