{"id":14163,"date":"2025-02-10T16:12:58","date_gmt":"2025-02-10T13:12:58","guid":{"rendered":"https:\/\/ceoparts.com\/?post_type=product&#038;p=14163"},"modified":"2026-05-16T11:56:31","modified_gmt":"2026-05-16T08:56:31","slug":"gosterge-paneli-tcm-22n2-40301a-22n52-40801","status":"publish","type":"product","link":"https:\/\/ceoparts.com\/es\/urun\/gosterge-paneli-tcm-22n2-40301a-22n52-40801\/","title":{"rendered":"G\u00f6sterge Paneli TCM &#8211; 22N2-40301A , 22N52-40801"},"content":{"rendered":"<p class=\"qtranxs-available-languages-message qtranxs-available-languages-message-es\">Disculpa, pero esta entrada est\u00e1 disponible s\u00f3lo en <a href=\"https:\/\/ceoparts.com\/tr\/wp-json\/wp\/v2\/product\/14163\" class=\"qtranxs-available-language-link qtranxs-available-language-link-tr\" title=\"Turkish\">Turkish<\/a>.<\/p>","protected":false},"excerpt":{"rendered":"<p data-start=\"126\" data-end=\"350\"><br data-start=\"3702\" data-end=\"3705\" \/>El panel indicador TCM permite a los operadores monitorear f\u00e1cilmente el rendimiento y estado de carretillas elevadoras y maquinaria industrial. Compatible con los c\u00f3digos de pieza 22N2-40301A y 22N52-40801, cuenta con un dise\u00f1o duradero y preciso.<\/p>\n<p data-start=\"3955\" data-end=\"4300\"><strong data-start=\"3955\" data-end=\"3975\">Caracter\u00edsticas:<\/strong><br data-start=\"3975\" data-end=\"3978\" \/><strong data-start=\"3978\" data-end=\"4002\">Nombre del producto:<\/strong> Panel indicador TCM<br data-start=\"4022\" data-end=\"4025\" \/><strong data-start=\"4025\" data-end=\"4045\">C\u00f3digo de pieza:<\/strong> 22N2-40301A, 22N52-40801<br data-start=\"4070\" data-end=\"4073\" \/><strong data-start=\"4073\" data-end=\"4086\">Material:<\/strong> Carcasa pl\u00e1stica robusta y componentes electr\u00f3nicos<br data-start=\"4138\" data-end=\"4141\" \/><strong data-start=\"4141\" data-end=\"4157\">\u00c1rea de uso:<\/strong> Monitoreo de rendimiento y estado de carretillas elevadoras y maquinaria industrial<br data-start=\"4241\" data-end=\"4244\" \/><strong data-start=\"4244\" data-end=\"4256\">Ventaja:<\/strong> Alta precisi\u00f3n, dise\u00f1o duradero y f\u00e1cil uso<\/p>\n<p>TCM FD20~30T3CD<\/p>\n","protected":false},"featured_media":14165,"template":"","meta":[],"product_brand":[],"product_cat":[431],"product_tag":[],"class_list":{"0":"post-14163","1":"product","2":"type-product","3":"status-publish","4":"has-post-thumbnail","6":"product_cat-ekranlar-ve-kartlar","8":"first","9":"instock","10":"taxable","11":"shipping-taxable","12":"purchasable","13":"product-type-simple"},"_links":{"self":[{"href":"https:\/\/ceoparts.com\/es\/wp-json\/wp\/v2\/product\/14163","targetHints":{"allow":["GET"]}}],"collection":[{"href":"https:\/\/ceoparts.com\/es\/wp-json\/wp\/v2\/product"}],"about":[{"href":"https:\/\/ceoparts.com\/es\/wp-json\/wp\/v2\/types\/product"}],"wp:featuredmedia":[{"embeddable":true,"href":"https:\/\/ceoparts.com\/es\/wp-json\/wp\/v2\/media\/14165"}],"wp:attachment":[{"href":"https:\/\/ceoparts.com\/es\/wp-json\/wp\/v2\/media?parent=14163"}],"wp:term":[{"taxonomy":"product_brand","embeddable":true,"href":"https:\/\/ceoparts.com\/es\/wp-json\/wp\/v2\/product_brand?post=14163"},{"taxonomy":"product_cat","embeddable":true,"href":"https:\/\/ceoparts.com\/es\/wp-json\/wp\/v2\/product_cat?post=14163"},{"taxonomy":"product_tag","embeddable":true,"href":"https:\/\/ceoparts.com\/es\/wp-json\/wp\/v2\/product_tag?post=14163"}],"curies":[{"name":"wp","href":"https:\/\/api.w.org\/{rel}","templated":true}]}}