{"id":14170,"date":"2025-02-10T16:17:59","date_gmt":"2025-02-10T13:17:59","guid":{"rendered":"https:\/\/ceoparts.com\/?post_type=product&#038;p=14170"},"modified":"2026-05-16T18:41:12","modified_gmt":"2026-05-16T15:41:12","slug":"gosterge-saati-906-24v-dlb-908l24bz1","status":"publish","type":"product","link":"https:\/\/ceoparts.com\/es\/urun\/gosterge-saati-906-24v-dlb-908l24bz1\/","title":{"rendered":"Reloj indicador 906 24V &#8211; DLB-908L24BZ1"},"content":{"rendered":"<p>Reloj indicador 906 24V &#8211; DLB-908L24BZ1<\/p>","protected":false},"excerpt":{"rendered":"<p data-start=\"137\" data-end=\"401\"><br data-start=\"3825\" data-end=\"3828\" \/>El contador horario 906 24V \u2013 DLB-908L24BZ1 es un dispositivo duradero y preciso utilizado para monitorear el tiempo de funcionamiento y el rendimiento del motor en carretillas elevadoras y maquinaria industrial. Dise\u00f1ado para operar a 24V, asegura una larga vida \u00fatil.<\/p>\n<p data-start=\"4099\" data-end=\"4464\"><strong data-start=\"4099\" data-end=\"4119\">Caracter\u00edsticas:<\/strong><br data-start=\"4119\" data-end=\"4122\" \/><strong data-start=\"4122\" data-end=\"4146\">Nombre del producto:<\/strong> Contador horario 906 24V<br data-start=\"4171\" data-end=\"4174\" \/><strong data-start=\"4174\" data-end=\"4194\">C\u00f3digo de pieza:<\/strong> DLB-908L24BZ1<br data-start=\"4208\" data-end=\"4211\" \/><strong data-start=\"4211\" data-end=\"4224\">Material:<\/strong> Carcasa de pl\u00e1stico duradera y mecanismo preciso<br data-start=\"4273\" data-end=\"4276\" \/><strong data-start=\"4276\" data-end=\"4292\">\u00c1rea de uso:<\/strong> Monitoreo del tiempo de funcionamiento y rendimiento en carretillas elevadoras y maquinaria industrial<br data-start=\"4395\" data-end=\"4398\" \/><strong data-start=\"4398\" data-end=\"4410\">Ventaja:<\/strong> Alta precisi\u00f3n, dise\u00f1o resistente y f\u00e1cil instalaci\u00f3n<\/p>\n","protected":false},"featured_media":14171,"template":"","meta":[],"product_brand":[],"product_cat":[431],"product_tag":[],"class_list":{"0":"post-14170","1":"product","2":"type-product","3":"status-publish","4":"has-post-thumbnail","6":"product_cat-ekranlar-ve-kartlar","8":"first","9":"instock","10":"taxable","11":"shipping-taxable","12":"purchasable","13":"product-type-simple"},"_links":{"self":[{"href":"https:\/\/ceoparts.com\/es\/wp-json\/wp\/v2\/product\/14170","targetHints":{"allow":["GET"]}}],"collection":[{"href":"https:\/\/ceoparts.com\/es\/wp-json\/wp\/v2\/product"}],"about":[{"href":"https:\/\/ceoparts.com\/es\/wp-json\/wp\/v2\/types\/product"}],"wp:featuredmedia":[{"embeddable":true,"href":"https:\/\/ceoparts.com\/es\/wp-json\/wp\/v2\/media\/14171"}],"wp:attachment":[{"href":"https:\/\/ceoparts.com\/es\/wp-json\/wp\/v2\/media?parent=14170"}],"wp:term":[{"taxonomy":"product_brand","embeddable":true,"href":"https:\/\/ceoparts.com\/es\/wp-json\/wp\/v2\/product_brand?post=14170"},{"taxonomy":"product_cat","embeddable":true,"href":"https:\/\/ceoparts.com\/es\/wp-json\/wp\/v2\/product_cat?post=14170"},{"taxonomy":"product_tag","embeddable":true,"href":"https:\/\/ceoparts.com\/es\/wp-json\/wp\/v2\/product_tag?post=14170"}],"curies":[{"name":"wp","href":"https:\/\/api.w.org\/{rel}","templated":true}]}}