{"id":14304,"date":"2025-02-11T17:03:17","date_gmt":"2025-02-11T14:03:17","guid":{"rendered":"https:\/\/ceoparts.com\/?post_type=product&#038;p=14304"},"modified":"2026-05-17T02:45:05","modified_gmt":"2026-05-16T23:45:05","slug":"kontaktor-200a-48v","status":"publish","type":"product","link":"https:\/\/ceoparts.com\/es\/urun\/kontaktor-200a-48v\/","title":{"rendered":"Contactores 200A-48V"},"content":{"rendered":"<p>Contactores 200A-48V<\/p>","protected":false},"excerpt":{"rendered":"<p data-start=\"112\" data-end=\"357\"><br data-start=\"3650\" data-end=\"3653\" \/>El contactor 200A-48V est\u00e1 dise\u00f1ado para controlar de forma r\u00e1pida y segura los circuitos el\u00e9ctricos en carretillas elevadoras y veh\u00edculos industriales. Su alta capacidad de corriente y su estructura resistente garantizan un rendimiento fiable y duradero.<\/p>\n<p data-start=\"3910\" data-end=\"4283\"><strong data-start=\"3910\" data-end=\"3930\">Caracter\u00edsticas:<\/strong><br data-start=\"3930\" data-end=\"3933\" \/><strong data-start=\"3933\" data-end=\"3957\">Nombre del producto:<\/strong> Contactor 200A-48V<br data-start=\"3976\" data-end=\"3979\" \/><strong data-start=\"3979\" data-end=\"3999\">C\u00f3digo de pieza:<\/strong> 200A-48V<br data-start=\"4008\" data-end=\"4011\" \/><strong data-start=\"4011\" data-end=\"4024\">Material:<\/strong> Terminales de cobre de alta conductividad y carcasa pl\u00e1stica resistente a impactos<br data-start=\"4107\" data-end=\"4110\" \/><strong data-start=\"4110\" data-end=\"4126\">\u00c1rea de uso:<\/strong> Circuitos el\u00e9ctricos de carretillas elevadoras y veh\u00edculos industriales<br data-start=\"4198\" data-end=\"4201\" \/><strong data-start=\"4201\" data-end=\"4213\">Ventaja:<\/strong> Alta resistencia a la corriente, conmutaci\u00f3n r\u00e1pida y larga vida \u00fatil<\/p>\n","protected":false},"featured_media":14305,"template":"","meta":[],"product_brand":[],"product_cat":[462],"product_tag":[],"class_list":{"0":"post-14304","1":"product","2":"type-product","3":"status-publish","4":"has-post-thumbnail","6":"product_cat-kontaktorler","8":"first","9":"instock","10":"taxable","11":"shipping-taxable","12":"purchasable","13":"product-type-simple"},"_links":{"self":[{"href":"https:\/\/ceoparts.com\/es\/wp-json\/wp\/v2\/product\/14304","targetHints":{"allow":["GET"]}}],"collection":[{"href":"https:\/\/ceoparts.com\/es\/wp-json\/wp\/v2\/product"}],"about":[{"href":"https:\/\/ceoparts.com\/es\/wp-json\/wp\/v2\/types\/product"}],"wp:featuredmedia":[{"embeddable":true,"href":"https:\/\/ceoparts.com\/es\/wp-json\/wp\/v2\/media\/14305"}],"wp:attachment":[{"href":"https:\/\/ceoparts.com\/es\/wp-json\/wp\/v2\/media?parent=14304"}],"wp:term":[{"taxonomy":"product_brand","embeddable":true,"href":"https:\/\/ceoparts.com\/es\/wp-json\/wp\/v2\/product_brand?post=14304"},{"taxonomy":"product_cat","embeddable":true,"href":"https:\/\/ceoparts.com\/es\/wp-json\/wp\/v2\/product_cat?post=14304"},{"taxonomy":"product_tag","embeddable":true,"href":"https:\/\/ceoparts.com\/es\/wp-json\/wp\/v2\/product_tag?post=14304"}],"curies":[{"name":"wp","href":"https:\/\/api.w.org\/{rel}","templated":true}]}}