{"id":14320,"date":"2025-02-11T17:13:46","date_gmt":"2025-02-11T14:13:46","guid":{"rendered":"https:\/\/ceoparts.com\/?post_type=product&#038;p=14320"},"modified":"2026-05-17T00:26:39","modified_gmt":"2026-05-16T21:26:39","slug":"albright-kontaktor-dc88-1-24v","status":"publish","type":"product","link":"https:\/\/ceoparts.com\/es\/urun\/albright-kontaktor-dc88-1-24v\/","title":{"rendered":"Contactores Albright \u2013 DC88-1 24V"},"content":{"rendered":"<p>Contactores Albright \u2013 DC88-1 24V<\/p>","protected":false},"excerpt":{"rendered":"<p data-start=\"116\" data-end=\"426\"><br data-start=\"4079\" data-end=\"4082\" \/>El contactor Albright DC88-1 24V proporciona un control seguro, r\u00e1pido y estable de los circuitos el\u00e9ctricos en carretillas elevadoras y veh\u00edculos industriales. Su alta capacidad de corriente y estructura resistente garantizan un rendimiento fiable y duradero. Ampliamente utilizado en maquinaria y sistemas de energ\u00eda.<\/p>\n<p data-start=\"4403\" data-end=\"4776\"><strong data-start=\"4403\" data-end=\"4423\">Caracter\u00edsticas:<\/strong><br data-start=\"4423\" data-end=\"4426\" \/><strong data-start=\"4426\" data-end=\"4450\">Nombre del producto:<\/strong> Contactor Albright<br data-start=\"4469\" data-end=\"4472\" \/><strong data-start=\"4472\" data-end=\"4492\">C\u00f3digo de pieza:<\/strong> DC88-1 24V<br data-start=\"4503\" data-end=\"4506\" \/><strong data-start=\"4506\" data-end=\"4519\">Material:<\/strong> Terminales de cobre de alta conductividad y carcasa pl\u00e1stica resistente<br data-start=\"4591\" data-end=\"4594\" \/><strong data-start=\"4594\" data-end=\"4610\">\u00c1rea de uso:<\/strong> Circuitos el\u00e9ctricos de carretillas elevadoras y veh\u00edculos industriales<br data-start=\"4682\" data-end=\"4685\" \/><strong data-start=\"4685\" data-end=\"4697\">Ventaja:<\/strong> Alta resistencia a la corriente, control seguro de circuitos y larga vida \u00fatil<\/p>\n","protected":false},"featured_media":14322,"template":"","meta":[],"product_brand":[],"product_cat":[462],"product_tag":[],"class_list":{"0":"post-14320","1":"product","2":"type-product","3":"status-publish","4":"has-post-thumbnail","6":"product_cat-kontaktorler","8":"first","9":"instock","10":"taxable","11":"shipping-taxable","12":"purchasable","13":"product-type-simple"},"_links":{"self":[{"href":"https:\/\/ceoparts.com\/es\/wp-json\/wp\/v2\/product\/14320","targetHints":{"allow":["GET"]}}],"collection":[{"href":"https:\/\/ceoparts.com\/es\/wp-json\/wp\/v2\/product"}],"about":[{"href":"https:\/\/ceoparts.com\/es\/wp-json\/wp\/v2\/types\/product"}],"wp:featuredmedia":[{"embeddable":true,"href":"https:\/\/ceoparts.com\/es\/wp-json\/wp\/v2\/media\/14322"}],"wp:attachment":[{"href":"https:\/\/ceoparts.com\/es\/wp-json\/wp\/v2\/media?parent=14320"}],"wp:term":[{"taxonomy":"product_brand","embeddable":true,"href":"https:\/\/ceoparts.com\/es\/wp-json\/wp\/v2\/product_brand?post=14320"},{"taxonomy":"product_cat","embeddable":true,"href":"https:\/\/ceoparts.com\/es\/wp-json\/wp\/v2\/product_cat?post=14320"},{"taxonomy":"product_tag","embeddable":true,"href":"https:\/\/ceoparts.com\/es\/wp-json\/wp\/v2\/product_tag?post=14320"}],"curies":[{"name":"wp","href":"https:\/\/api.w.org\/{rel}","templated":true}]}}