{"id":14337,"date":"2025-02-11T17:41:13","date_gmt":"2025-02-11T14:41:13","guid":{"rendered":"https:\/\/ceoparts.com\/?post_type=product&#038;p=14337"},"modified":"2026-05-16T22:10:48","modified_gmt":"2026-05-16T19:10:48","slug":"albright-kontaktor-ru280b-5166p","status":"publish","type":"product","link":"https:\/\/ceoparts.com\/es\/urun\/albright-kontaktor-ru280b-5166p\/","title":{"rendered":"Contactores Albright &#8211; RU280B-5166P"},"content":{"rendered":"<p>Contactores Albright &#8211; RU280B-5166P<\/p>","protected":false},"excerpt":{"rendered":"<p data-start=\"119\" data-end=\"398\"><br data-start=\"4042\" data-end=\"4045\" \/>El contactor Albright RU280B-5166P est\u00e1 dise\u00f1ado para controlar de forma r\u00e1pida y segura los circuitos el\u00e9ctricos en carretillas elevadoras y veh\u00edculos industriales. Su alta capacidad de corriente y su estructura resistente garantizan un rendimiento fiable y duradero incluso en condiciones exigentes.<\/p>\n<p data-start=\"4348\" data-end=\"4732\"><strong data-start=\"4348\" data-end=\"4368\">Caracter\u00edsticas:<\/strong><br data-start=\"4368\" data-end=\"4371\" \/><strong data-start=\"4371\" data-end=\"4395\">Nombre del producto:<\/strong> Contactor Albright<br data-start=\"4414\" data-end=\"4417\" \/><strong data-start=\"4417\" data-end=\"4437\">C\u00f3digo de pieza:<\/strong> RU280B-5166P<br data-start=\"4450\" data-end=\"4453\" \/><strong data-start=\"4453\" data-end=\"4466\">Material:<\/strong> Terminales de cobre de alta conductividad y cuerpo de material compuesto resistente<br data-start=\"4550\" data-end=\"4553\" \/><strong data-start=\"4553\" data-end=\"4569\">\u00c1rea de uso:<\/strong> Circuitos el\u00e9ctricos de carretillas elevadoras y veh\u00edculos industriales<br data-start=\"4641\" data-end=\"4644\" \/><strong data-start=\"4644\" data-end=\"4656\">Ventaja:<\/strong> Alta resistencia a la corriente, conmutaci\u00f3n r\u00e1pida y uso seguro y duradero<\/p>\n","protected":false},"featured_media":14344,"template":"","meta":[],"product_brand":[],"product_cat":[462],"product_tag":[],"class_list":{"0":"post-14337","1":"product","2":"type-product","3":"status-publish","4":"has-post-thumbnail","6":"product_cat-kontaktorler","8":"first","9":"instock","10":"taxable","11":"shipping-taxable","12":"purchasable","13":"product-type-simple"},"_links":{"self":[{"href":"https:\/\/ceoparts.com\/es\/wp-json\/wp\/v2\/product\/14337","targetHints":{"allow":["GET"]}}],"collection":[{"href":"https:\/\/ceoparts.com\/es\/wp-json\/wp\/v2\/product"}],"about":[{"href":"https:\/\/ceoparts.com\/es\/wp-json\/wp\/v2\/types\/product"}],"wp:featuredmedia":[{"embeddable":true,"href":"https:\/\/ceoparts.com\/es\/wp-json\/wp\/v2\/media\/14344"}],"wp:attachment":[{"href":"https:\/\/ceoparts.com\/es\/wp-json\/wp\/v2\/media?parent=14337"}],"wp:term":[{"taxonomy":"product_brand","embeddable":true,"href":"https:\/\/ceoparts.com\/es\/wp-json\/wp\/v2\/product_brand?post=14337"},{"taxonomy":"product_cat","embeddable":true,"href":"https:\/\/ceoparts.com\/es\/wp-json\/wp\/v2\/product_cat?post=14337"},{"taxonomy":"product_tag","embeddable":true,"href":"https:\/\/ceoparts.com\/es\/wp-json\/wp\/v2\/product_tag?post=14337"}],"curies":[{"name":"wp","href":"https:\/\/api.w.org\/{rel}","templated":true}]}}