{"id":14364,"date":"2025-02-12T09:45:45","date_gmt":"2025-02-12T06:45:45","guid":{"rendered":"https:\/\/ceoparts.com\/?post_type=product&#038;p=14364"},"modified":"2026-05-16T18:35:14","modified_gmt":"2026-05-16T15:35:14","slug":"kontaktor-sw200-460-80v-400a","status":"publish","type":"product","link":"https:\/\/ceoparts.com\/es\/urun\/kontaktor-sw200-460-80v-400a\/","title":{"rendered":"Contactor SW200-460 80V 400A"},"content":{"rendered":"<p>Contactor SW200-460 80V 400A<\/p>","protected":false},"excerpt":{"rendered":"<p data-start=\"126\" data-end=\"420\"><br data-start=\"4088\" data-end=\"4091\" \/>El contactor SW200-460 80V 400A est\u00e1 dise\u00f1ado para garantizar la apertura y cierre seguros y r\u00e1pidos de los circuitos el\u00e9ctricos en carretillas elevadoras y veh\u00edculos industriales. Su alta capacidad de voltaje y corriente aumenta la seguridad del sistema, y su estructura duradera garantiza un rendimiento prolongado.<\/p>\n<p data-start=\"4410\" data-end=\"4790\"><strong data-start=\"4410\" data-end=\"4430\">Caracter\u00edsticas:<\/strong><br data-start=\"4430\" data-end=\"4433\" \/><strong data-start=\"4433\" data-end=\"4457\">Nombre del producto:<\/strong> Contactor SW200-460 80V 400A<br data-start=\"4486\" data-end=\"4489\" \/><strong data-start=\"4489\" data-end=\"4509\">C\u00f3digo de pieza:<\/strong> SW200-460<br data-start=\"4519\" data-end=\"4522\" \/><strong data-start=\"4522\" data-end=\"4535\">Material:<\/strong> Terminales de cobre de alta conductividad y cuerpo de material compuesto resistente<br data-start=\"4619\" data-end=\"4622\" \/><strong data-start=\"4622\" data-end=\"4638\">\u00c1rea de uso:<\/strong> Circuitos el\u00e9ctricos de carretillas elevadoras y veh\u00edculos industriales<br data-start=\"4710\" data-end=\"4713\" \/><strong data-start=\"4713\" data-end=\"4725\">Ventaja:<\/strong> Uso seguro y duradero con alta resistencia a voltaje y corriente<\/p>\n","protected":false},"featured_media":14365,"template":"","meta":[],"product_brand":[],"product_cat":[462],"product_tag":[],"class_list":{"0":"post-14364","1":"product","2":"type-product","3":"status-publish","4":"has-post-thumbnail","6":"product_cat-kontaktorler","8":"first","9":"instock","10":"taxable","11":"shipping-taxable","12":"purchasable","13":"product-type-simple"},"_links":{"self":[{"href":"https:\/\/ceoparts.com\/es\/wp-json\/wp\/v2\/product\/14364","targetHints":{"allow":["GET"]}}],"collection":[{"href":"https:\/\/ceoparts.com\/es\/wp-json\/wp\/v2\/product"}],"about":[{"href":"https:\/\/ceoparts.com\/es\/wp-json\/wp\/v2\/types\/product"}],"wp:featuredmedia":[{"embeddable":true,"href":"https:\/\/ceoparts.com\/es\/wp-json\/wp\/v2\/media\/14365"}],"wp:attachment":[{"href":"https:\/\/ceoparts.com\/es\/wp-json\/wp\/v2\/media?parent=14364"}],"wp:term":[{"taxonomy":"product_brand","embeddable":true,"href":"https:\/\/ceoparts.com\/es\/wp-json\/wp\/v2\/product_brand?post=14364"},{"taxonomy":"product_cat","embeddable":true,"href":"https:\/\/ceoparts.com\/es\/wp-json\/wp\/v2\/product_cat?post=14364"},{"taxonomy":"product_tag","embeddable":true,"href":"https:\/\/ceoparts.com\/es\/wp-json\/wp\/v2\/product_tag?post=14364"}],"curies":[{"name":"wp","href":"https:\/\/api.w.org\/{rel}","templated":true}]}}