{"id":14371,"date":"2025-02-12T10:26:53","date_gmt":"2025-02-12T07:26:53","guid":{"rendered":"https:\/\/ceoparts.com\/?post_type=product&#038;p=14371"},"modified":"2026-05-16T17:34:02","modified_gmt":"2026-05-16T14:34:02","slug":"linde-t16-fren-manyetigi-11525047001","status":"publish","type":"product","link":"https:\/\/ceoparts.com\/es\/urun\/linde-t16-fren-manyetigi-11525047001\/","title":{"rendered":"Linde T16 Im\u00e1n de freno &#8211; 11525047001"},"content":{"rendered":"<p>Linde T16 Im\u00e1n de freno &#8211; 11525047001<\/p>","protected":false},"excerpt":{"rendered":"<p data-start=\"131\" data-end=\"398\"><br data-start=\"3893\" data-end=\"3896\" \/>El Im\u00e1n de Freno Linde T16 est\u00e1 dise\u00f1ado para proporcionar un frenado seguro y de alto rendimiento en los sistemas de freno de carretillas elevadoras. Su potente sistema de electroim\u00e1n y su estructura resistente garantizan un rendimiento fiable y duradero incluso en condiciones de uso exigentes.<\/p>\n<p data-start=\"4194\" data-end=\"4571\"><strong data-start=\"4194\" data-end=\"4214\">Caracter\u00edsticas:<\/strong><br data-start=\"4214\" data-end=\"4217\" \/><strong data-start=\"4217\" data-end=\"4241\">Nombre del producto:<\/strong> Im\u00e1n de Freno Linde T16<br data-start=\"4265\" data-end=\"4268\" \/><strong data-start=\"4268\" data-end=\"4288\">C\u00f3digo de pieza:<\/strong> 11525047001<br data-start=\"4300\" data-end=\"4303\" \/><strong data-start=\"4303\" data-end=\"4316\">Material:<\/strong> Cuerpo de metal de alta resistencia y sistema electromagn\u00e9tico<br data-start=\"4379\" data-end=\"4382\" \/><strong data-start=\"4382\" data-end=\"4398\">\u00c1rea de uso:<\/strong> Sistemas de freno de carretillas elevadoras<br data-start=\"4442\" data-end=\"4445\" \/><strong data-start=\"4445\" data-end=\"4457\">Ventaja:<\/strong> Mejora la seguridad de frenado gracias a su fuerte atracci\u00f3n magn\u00e9tica y reduce las necesidades de mantenimiento.<\/p>\n","protected":false},"featured_media":14387,"template":"","meta":[],"product_brand":[],"product_cat":[246,449,523],"product_tag":[],"class_list":{"0":"post-14371","1":"product","2":"type-product","3":"status-publish","4":"has-post-thumbnail","6":"product_cat-linde","7":"product_cat-fren-sistem-parcalari","8":"product_cat-yedek-parca-linde","10":"first","11":"instock","12":"taxable","13":"shipping-taxable","14":"purchasable","15":"product-type-simple"},"_links":{"self":[{"href":"https:\/\/ceoparts.com\/es\/wp-json\/wp\/v2\/product\/14371","targetHints":{"allow":["GET"]}}],"collection":[{"href":"https:\/\/ceoparts.com\/es\/wp-json\/wp\/v2\/product"}],"about":[{"href":"https:\/\/ceoparts.com\/es\/wp-json\/wp\/v2\/types\/product"}],"wp:featuredmedia":[{"embeddable":true,"href":"https:\/\/ceoparts.com\/es\/wp-json\/wp\/v2\/media\/14387"}],"wp:attachment":[{"href":"https:\/\/ceoparts.com\/es\/wp-json\/wp\/v2\/media?parent=14371"}],"wp:term":[{"taxonomy":"product_brand","embeddable":true,"href":"https:\/\/ceoparts.com\/es\/wp-json\/wp\/v2\/product_brand?post=14371"},{"taxonomy":"product_cat","embeddable":true,"href":"https:\/\/ceoparts.com\/es\/wp-json\/wp\/v2\/product_cat?post=14371"},{"taxonomy":"product_tag","embeddable":true,"href":"https:\/\/ceoparts.com\/es\/wp-json\/wp\/v2\/product_tag?post=14371"}],"curies":[{"name":"wp","href":"https:\/\/api.w.org\/{rel}","templated":true}]}}