{"id":14397,"date":"2025-02-12T13:14:14","date_gmt":"2025-02-12T10:14:14","guid":{"rendered":"https:\/\/ceoparts.com\/?post_type=product&#038;p=14397"},"modified":"2026-05-16T18:41:08","modified_gmt":"2026-05-16T15:41:08","slug":"still-cx10m-fren-manyetigi-4492931","status":"publish","type":"product","link":"https:\/\/ceoparts.com\/es\/urun\/still-cx10m-fren-manyetigi-4492931\/","title":{"rendered":"Still CX10m Im\u00e1n electromagn\u00e9tico de freno &#8211; 4492931"},"content":{"rendered":"<p>Still CX10m Im\u00e1n electromagn\u00e9tico de freno &#8211; 4492931<\/p>","protected":false},"excerpt":{"rendered":"<p data-start=\"107\" data-end=\"396\"><br data-start=\"3849\" data-end=\"3852\" \/>El Im\u00e1n de Freno Still CX10m est\u00e1 dise\u00f1ado para ofrecer un rendimiento de frenado fiable y eficaz en los sistemas de freno de carretillas elevadoras. Su estructura duradera garantiza un uso prolongado. Ideal para entornos de trabajo exigentes.<\/p>\n<p data-start=\"4097\" data-end=\"4472\"><strong data-start=\"4097\" data-end=\"4117\">Caracter\u00edsticas:<\/strong><br data-start=\"4117\" data-end=\"4120\" \/><strong data-start=\"4120\" data-end=\"4144\">Nombre del producto:<\/strong> Im\u00e1n de Freno Still CX10m<br data-start=\"4170\" data-end=\"4173\" \/><strong data-start=\"4173\" data-end=\"4193\">C\u00f3digo de pieza:<\/strong> 4492931<br data-start=\"4201\" data-end=\"4204\" \/><strong data-start=\"4204\" data-end=\"4217\">Material:<\/strong> Cuerpo de metal de alta resistencia y sistema electromagn\u00e9tico<br data-start=\"4280\" data-end=\"4283\" \/><strong data-start=\"4283\" data-end=\"4299\">\u00c1rea de uso:<\/strong> Sistemas de freno de carretillas elevadoras<br data-start=\"4343\" data-end=\"4346\" \/><strong data-start=\"4346\" data-end=\"4358\">Ventaja:<\/strong> Mejora el rendimiento de frenado gracias a su estructura resistente y a su potente fuerza de atracci\u00f3n magn\u00e9tica.<\/p>\n","protected":false},"featured_media":14398,"template":"","meta":[],"product_brand":[],"product_cat":[241,251,449,518,524],"product_tag":[],"class_list":{"0":"post-14397","1":"product","2":"type-product","3":"status-publish","4":"has-post-thumbnail","6":"product_cat-still","7":"product_cat-bt","8":"product_cat-fren-sistem-parcalari","9":"product_cat-yedek-parca-bt","10":"product_cat-yedek-parca-still","12":"first","13":"instock","14":"taxable","15":"shipping-taxable","16":"purchasable","17":"product-type-simple"},"_links":{"self":[{"href":"https:\/\/ceoparts.com\/es\/wp-json\/wp\/v2\/product\/14397","targetHints":{"allow":["GET"]}}],"collection":[{"href":"https:\/\/ceoparts.com\/es\/wp-json\/wp\/v2\/product"}],"about":[{"href":"https:\/\/ceoparts.com\/es\/wp-json\/wp\/v2\/types\/product"}],"wp:featuredmedia":[{"embeddable":true,"href":"https:\/\/ceoparts.com\/es\/wp-json\/wp\/v2\/media\/14398"}],"wp:attachment":[{"href":"https:\/\/ceoparts.com\/es\/wp-json\/wp\/v2\/media?parent=14397"}],"wp:term":[{"taxonomy":"product_brand","embeddable":true,"href":"https:\/\/ceoparts.com\/es\/wp-json\/wp\/v2\/product_brand?post=14397"},{"taxonomy":"product_cat","embeddable":true,"href":"https:\/\/ceoparts.com\/es\/wp-json\/wp\/v2\/product_cat?post=14397"},{"taxonomy":"product_tag","embeddable":true,"href":"https:\/\/ceoparts.com\/es\/wp-json\/wp\/v2\/product_tag?post=14397"}],"curies":[{"name":"wp","href":"https:\/\/api.w.org\/{rel}","templated":true}]}}