{"id":14405,"date":"2025-02-12T13:23:55","date_gmt":"2025-02-12T10:23:55","guid":{"rendered":"https:\/\/ceoparts.com\/?post_type=product&#038;p=14405"},"modified":"2026-05-16T15:14:51","modified_gmt":"2026-05-16T12:14:51","slug":"linde-l16-1173-fren-manyetigi-3005047000","status":"publish","type":"product","link":"https:\/\/ceoparts.com\/es\/urun\/linde-l16-1173-fren-manyetigi-3005047000\/","title":{"rendered":"Linde L16 1173 Im\u00e1n electromagn\u00e9tico de freno &#8211; 3005047000"},"content":{"rendered":"<p>Linde L16 1173 Im\u00e1n electromagn\u00e9tico de freno &#8211; 3005047000<\/p>","protected":false},"excerpt":{"rendered":"<p data-start=\"53\" data-end=\"262\"><br data-start=\"3182\" data-end=\"3185\" \/>El <strong data-start=\"3188\" data-end=\"3220\">im\u00e1n de freno Linde L16 1173<\/strong> es un componente magn\u00e9tico utilizado en los sistemas de frenado de carretillas elevadoras Linde L16. Asegura un funcionamiento seguro y eficiente de los frenos. Su construcci\u00f3n duradera proporciona una larga vida \u00fatil.<\/p>\n<p data-start=\"3441\" data-end=\"3737\"><strong data-start=\"3441\" data-end=\"3461\">Caracter\u00edsticas:<\/strong><br data-start=\"3461\" data-end=\"3464\" \/><strong data-start=\"3464\" data-end=\"3488\">Nombre del producto:<\/strong> Im\u00e1n de freno Linde L16 1173<br data-start=\"3517\" data-end=\"3520\" \/><strong data-start=\"3520\" data-end=\"3540\">N\u00famero de pieza:<\/strong> 3005047000<br data-start=\"3551\" data-end=\"3554\" \/><strong data-start=\"3554\" data-end=\"3567\">Material:<\/strong> Aleaci\u00f3n met\u00e1lica magn\u00e9tica<br data-start=\"3595\" data-end=\"3598\" \/><strong data-start=\"3598\" data-end=\"3614\">\u00c1rea de uso:<\/strong> Sistemas de frenado de carretillas elevadoras Linde L16<br data-start=\"3670\" data-end=\"3673\" \/><strong data-start=\"3673\" data-end=\"3685\">Ventaja:<\/strong> Frenado seguro, alta durabilidad, larga vida \u00fatil<\/p>\n","protected":false},"featured_media":14407,"template":"","meta":[],"product_brand":[],"product_cat":[246,449,523],"product_tag":[],"class_list":{"0":"post-14405","1":"product","2":"type-product","3":"status-publish","4":"has-post-thumbnail","6":"product_cat-linde","7":"product_cat-fren-sistem-parcalari","8":"product_cat-yedek-parca-linde","10":"first","11":"instock","12":"taxable","13":"shipping-taxable","14":"purchasable","15":"product-type-simple"},"_links":{"self":[{"href":"https:\/\/ceoparts.com\/es\/wp-json\/wp\/v2\/product\/14405","targetHints":{"allow":["GET"]}}],"collection":[{"href":"https:\/\/ceoparts.com\/es\/wp-json\/wp\/v2\/product"}],"about":[{"href":"https:\/\/ceoparts.com\/es\/wp-json\/wp\/v2\/types\/product"}],"wp:featuredmedia":[{"embeddable":true,"href":"https:\/\/ceoparts.com\/es\/wp-json\/wp\/v2\/media\/14407"}],"wp:attachment":[{"href":"https:\/\/ceoparts.com\/es\/wp-json\/wp\/v2\/media?parent=14405"}],"wp:term":[{"taxonomy":"product_brand","embeddable":true,"href":"https:\/\/ceoparts.com\/es\/wp-json\/wp\/v2\/product_brand?post=14405"},{"taxonomy":"product_cat","embeddable":true,"href":"https:\/\/ceoparts.com\/es\/wp-json\/wp\/v2\/product_cat?post=14405"},{"taxonomy":"product_tag","embeddable":true,"href":"https:\/\/ceoparts.com\/es\/wp-json\/wp\/v2\/product_tag?post=14405"}],"curies":[{"name":"wp","href":"https:\/\/api.w.org\/{rel}","templated":true}]}}