{"id":14417,"date":"2025-02-12T14:10:39","date_gmt":"2025-02-12T11:10:39","guid":{"rendered":"https:\/\/ceoparts.com\/?post_type=product&#038;p=14417"},"modified":"2026-05-16T13:15:46","modified_gmt":"2026-05-16T10:15:46","slug":"bt-toyota-lpe200-fren-manyetigi-yeni-tip-7588119","status":"publish","type":"product","link":"https:\/\/ceoparts.com\/es\/urun\/bt-toyota-lpe200-fren-manyetigi-yeni-tip-7588119\/","title":{"rendered":"Bt Toyota Lpe200 Im\u00e1n electromagn\u00e9tico de freno Nuevo Tipo &#8211; 7588119"},"content":{"rendered":"<p>Bt Toyota Lpe200 Im\u00e1n electromagn\u00e9tico de freno Nuevo Tipo &#8211; 7588119<\/p>","protected":false},"excerpt":{"rendered":"<p data-start=\"64\" data-end=\"321\"><br data-start=\"3517\" data-end=\"3520\" \/>El <strong data-start=\"3523\" data-end=\"3568\">im\u00e1n de freno BT Toyota LPE200 nuevo tipo<\/strong> es un componente magn\u00e9tico utilizado en los sistemas de frenado de carretillas elevadoras BT Toyota LPE200. Su nuevo dise\u00f1o asegura un frenado m\u00e1s preciso y seguro. Su construcci\u00f3n duradera proporciona una larga vida \u00fatil.<\/p>\n<p data-start=\"3793\" data-end=\"4107\"><strong data-start=\"3793\" data-end=\"3813\">Caracter\u00edsticas:<\/strong><br data-start=\"3813\" data-end=\"3816\" \/><strong data-start=\"3816\" data-end=\"3840\">Nombre del producto:<\/strong> Im\u00e1n de freno BT Toyota LPE200 nuevo tipo<br data-start=\"3882\" data-end=\"3885\" \/><strong data-start=\"3885\" data-end=\"3905\">N\u00famero de pieza:<\/strong> 7588119<br data-start=\"3913\" data-end=\"3916\" \/><strong data-start=\"3916\" data-end=\"3929\">Material:<\/strong> Aleaci\u00f3n met\u00e1lica magn\u00e9tica<br data-start=\"3957\" data-end=\"3960\" \/><strong data-start=\"3960\" data-end=\"3976\">\u00c1rea de uso:<\/strong> Sistemas de frenado de carretillas elevadoras BT Toyota LPE200<br data-start=\"4039\" data-end=\"4042\" \/><strong data-start=\"4042\" data-end=\"4054\">Ventaja:<\/strong> Frenado preciso, alta durabilidad, larga vida \u00fatil<\/p>\n","protected":false},"featured_media":14418,"template":"","meta":[],"product_brand":[],"product_cat":[251,449,518,521,530],"product_tag":[],"class_list":{"0":"post-14417","1":"product","2":"type-product","3":"status-publish","4":"has-post-thumbnail","6":"product_cat-bt","7":"product_cat-fren-sistem-parcalari","8":"product_cat-yedek-parca-bt","9":"product_cat-toyota","10":"product_cat-yedek-parca-toyota","12":"first","13":"instock","14":"taxable","15":"shipping-taxable","16":"purchasable","17":"product-type-simple"},"_links":{"self":[{"href":"https:\/\/ceoparts.com\/es\/wp-json\/wp\/v2\/product\/14417","targetHints":{"allow":["GET"]}}],"collection":[{"href":"https:\/\/ceoparts.com\/es\/wp-json\/wp\/v2\/product"}],"about":[{"href":"https:\/\/ceoparts.com\/es\/wp-json\/wp\/v2\/types\/product"}],"wp:featuredmedia":[{"embeddable":true,"href":"https:\/\/ceoparts.com\/es\/wp-json\/wp\/v2\/media\/14418"}],"wp:attachment":[{"href":"https:\/\/ceoparts.com\/es\/wp-json\/wp\/v2\/media?parent=14417"}],"wp:term":[{"taxonomy":"product_brand","embeddable":true,"href":"https:\/\/ceoparts.com\/es\/wp-json\/wp\/v2\/product_brand?post=14417"},{"taxonomy":"product_cat","embeddable":true,"href":"https:\/\/ceoparts.com\/es\/wp-json\/wp\/v2\/product_cat?post=14417"},{"taxonomy":"product_tag","embeddable":true,"href":"https:\/\/ceoparts.com\/es\/wp-json\/wp\/v2\/product_tag?post=14417"}],"curies":[{"name":"wp","href":"https:\/\/api.w.org\/{rel}","templated":true}]}}