{"id":14424,"date":"2025-02-12T14:45:52","date_gmt":"2025-02-12T11:45:52","guid":{"rendered":"https:\/\/ceoparts.com\/?post_type=product&#038;p=14424"},"modified":"2026-05-16T13:15:58","modified_gmt":"2026-05-16T10:15:58","slug":"fren-manyetigi-bt-lpe-eski-tip-210462","status":"publish","type":"product","link":"https:\/\/ceoparts.com\/es\/urun\/fren-manyetigi-bt-lpe-eski-tip-210462\/","title":{"rendered":"Im\u00e1n electromagn\u00e9tico de freno &#8211; BT Lpe Tipo Antiguo &#8211; 210462"},"content":{"rendered":"<p>Im\u00e1n electromagn\u00e9tico de freno &#8211; BT Lpe Tipo Antiguo &#8211; 210462<\/p>","protected":false},"excerpt":{"rendered":"<p data-start=\"54\" data-end=\"282\"><br data-start=\"3267\" data-end=\"3270\" \/>El <strong data-start=\"3273\" data-end=\"3317\">im\u00e1n de freno Teleco BT LPE tipo antiguo<\/strong> es un componente magn\u00e9tico utilizado en los sistemas de frenado de carretillas elevadoras BT LPE. Asegura un frenado seguro y correcto. Su construcci\u00f3n duradera proporciona una larga vida \u00fatil.<\/p>\n<p data-start=\"3513\" data-end=\"3814\"><strong data-start=\"3513\" data-end=\"3533\">Caracter\u00edsticas:<\/strong><br data-start=\"3533\" data-end=\"3536\" \/><strong data-start=\"3536\" data-end=\"3560\">Nombre del producto:<\/strong> Im\u00e1n de freno Teleco BT LPE tipo antiguo<br data-start=\"3601\" data-end=\"3604\" \/><strong data-start=\"3604\" data-end=\"3624\">N\u00famero de pieza:<\/strong> 210462<br data-start=\"3631\" data-end=\"3634\" \/><strong data-start=\"3634\" data-end=\"3647\">Material:<\/strong> Aleaci\u00f3n met\u00e1lica magn\u00e9tica<br data-start=\"3675\" data-end=\"3678\" \/><strong data-start=\"3678\" data-end=\"3694\">\u00c1rea de uso:<\/strong> Sistemas de frenado de carretillas elevadoras BT LPE<br data-start=\"3747\" data-end=\"3750\" \/><strong data-start=\"3750\" data-end=\"3762\">Ventaja:<\/strong> Frenado seguro, alta durabilidad, larga vida \u00fatil<\/p>\n","protected":false},"featured_media":14440,"template":"","meta":[],"product_brand":[],"product_cat":[251,449,518],"product_tag":[],"class_list":{"0":"post-14424","1":"product","2":"type-product","3":"status-publish","4":"has-post-thumbnail","6":"product_cat-bt","7":"product_cat-fren-sistem-parcalari","8":"product_cat-yedek-parca-bt","10":"first","11":"instock","12":"taxable","13":"shipping-taxable","14":"purchasable","15":"product-type-simple"},"_links":{"self":[{"href":"https:\/\/ceoparts.com\/es\/wp-json\/wp\/v2\/product\/14424","targetHints":{"allow":["GET"]}}],"collection":[{"href":"https:\/\/ceoparts.com\/es\/wp-json\/wp\/v2\/product"}],"about":[{"href":"https:\/\/ceoparts.com\/es\/wp-json\/wp\/v2\/types\/product"}],"wp:featuredmedia":[{"embeddable":true,"href":"https:\/\/ceoparts.com\/es\/wp-json\/wp\/v2\/media\/14440"}],"wp:attachment":[{"href":"https:\/\/ceoparts.com\/es\/wp-json\/wp\/v2\/media?parent=14424"}],"wp:term":[{"taxonomy":"product_brand","embeddable":true,"href":"https:\/\/ceoparts.com\/es\/wp-json\/wp\/v2\/product_brand?post=14424"},{"taxonomy":"product_cat","embeddable":true,"href":"https:\/\/ceoparts.com\/es\/wp-json\/wp\/v2\/product_cat?post=14424"},{"taxonomy":"product_tag","embeddable":true,"href":"https:\/\/ceoparts.com\/es\/wp-json\/wp\/v2\/product_tag?post=14424"}],"curies":[{"name":"wp","href":"https:\/\/api.w.org\/{rel}","templated":true}]}}