{"id":14441,"date":"2025-02-12T15:35:06","date_gmt":"2025-02-12T12:35:06","guid":{"rendered":"https:\/\/ceoparts.com\/?post_type=product&#038;p=14441"},"modified":"2026-05-17T19:56:17","modified_gmt":"2026-05-17T16:56:17","slug":"hyster-fren-manyetigi-eco-125-24v-1657716","status":"publish","type":"product","link":"https:\/\/ceoparts.com\/es\/urun\/hyster-fren-manyetigi-eco-125-24v-1657716\/","title":{"rendered":"Hyster Im\u00e1n electromagn\u00e9tico de freno Eco 125 24V &#8211; 1657716"},"content":{"rendered":"<p>Hyster Im\u00e1n electromagn\u00e9tico de freno Eco 125 24V &#8211; 1657716<\/p>","protected":false},"excerpt":{"rendered":"<p data-start=\"64\" data-end=\"313\"><br data-start=\"3416\" data-end=\"3419\" \/>El <strong data-start=\"3422\" data-end=\"3464\">im\u00e1n de freno Hyster Telco Eco 125 24V<\/strong> es un componente magn\u00e9tico utilizado en los sistemas de frenado de carretillas elevadoras Hyster. Funciona a 24V y asegura un frenado seguro y eficaz. Su construcci\u00f3n duradera proporciona una larga vida \u00fatil.<\/p>\n<p data-start=\"3675\" data-end=\"3975\"><strong data-start=\"3675\" data-end=\"3695\">Caracter\u00edsticas:<\/strong><br data-start=\"3695\" data-end=\"3698\" \/><strong data-start=\"3698\" data-end=\"3722\">Nombre del producto:<\/strong> Im\u00e1n de freno Hyster Telco Eco 125 24V<br data-start=\"3761\" data-end=\"3764\" \/><strong data-start=\"3764\" data-end=\"3784\">N\u00famero de pieza:<\/strong> 1657716<br data-start=\"3792\" data-end=\"3795\" \/><strong data-start=\"3795\" data-end=\"3808\">Material:<\/strong> Aleaci\u00f3n met\u00e1lica magn\u00e9tica<br data-start=\"3836\" data-end=\"3839\" \/><strong data-start=\"3839\" data-end=\"3855\">\u00c1rea de uso:<\/strong> Sistemas de frenado de carretillas elevadoras Hyster<br data-start=\"3908\" data-end=\"3911\" \/><strong data-start=\"3911\" data-end=\"3923\">Ventaja:<\/strong> Frenado seguro, alta durabilidad, larga vida \u00fatil<\/p>\n","protected":false},"featured_media":14442,"template":"","meta":[],"product_brand":[],"product_cat":[256,449,520],"product_tag":[],"class_list":{"0":"post-14441","1":"product","2":"type-product","3":"status-publish","4":"has-post-thumbnail","6":"product_cat-hyster","7":"product_cat-fren-sistem-parcalari","8":"product_cat-yedek-parca-hyster","10":"first","11":"instock","12":"taxable","13":"shipping-taxable","14":"purchasable","15":"product-type-simple"},"_links":{"self":[{"href":"https:\/\/ceoparts.com\/es\/wp-json\/wp\/v2\/product\/14441","targetHints":{"allow":["GET"]}}],"collection":[{"href":"https:\/\/ceoparts.com\/es\/wp-json\/wp\/v2\/product"}],"about":[{"href":"https:\/\/ceoparts.com\/es\/wp-json\/wp\/v2\/types\/product"}],"wp:featuredmedia":[{"embeddable":true,"href":"https:\/\/ceoparts.com\/es\/wp-json\/wp\/v2\/media\/14442"}],"wp:attachment":[{"href":"https:\/\/ceoparts.com\/es\/wp-json\/wp\/v2\/media?parent=14441"}],"wp:term":[{"taxonomy":"product_brand","embeddable":true,"href":"https:\/\/ceoparts.com\/es\/wp-json\/wp\/v2\/product_brand?post=14441"},{"taxonomy":"product_cat","embeddable":true,"href":"https:\/\/ceoparts.com\/es\/wp-json\/wp\/v2\/product_cat?post=14441"},{"taxonomy":"product_tag","embeddable":true,"href":"https:\/\/ceoparts.com\/es\/wp-json\/wp\/v2\/product_tag?post=14441"}],"curies":[{"name":"wp","href":"https:\/\/api.w.org\/{rel}","templated":true}]}}