{"id":14464,"date":"2025-02-12T16:00:11","date_gmt":"2025-02-12T13:00:11","guid":{"rendered":"https:\/\/ceoparts.com\/?post_type=product&#038;p=14464"},"modified":"2026-05-16T16:19:53","modified_gmt":"2026-05-16T13:19:53","slug":"gramer-koltuk-minderi-52029896","status":"publish","type":"product","link":"https:\/\/ceoparts.com\/es\/urun\/gramer-koltuk-minderi-52029896\/","title":{"rendered":"Grammer Coj\u00edn de asiento &#8211; 52029896"},"content":{"rendered":"<p>Grammer Coj\u00edn de asiento &#8211; 52029896<\/p>","protected":false},"excerpt":{"rendered":"<p data-start=\"67\" data-end=\"317\"><br data-start=\"3449\" data-end=\"3452\" \/>El <strong data-start=\"3455\" data-end=\"3485\">coj\u00edn para asiento Grammer<\/strong> es un coj\u00edn ergon\u00f3mico y c\u00f3modo dise\u00f1ado para los asientos de operadores de carretillas elevadoras y maquinaria industrial. Su material duradero y estructura confortable mejoran la comodidad del operador durante un uso prolongado.<\/p>\n<p data-start=\"3718\" data-end=\"4039\"><strong data-start=\"3718\" data-end=\"3738\">Caracter\u00edsticas:<\/strong><br data-start=\"3738\" data-end=\"3741\" \/><strong data-start=\"3741\" data-end=\"3765\">Nombre del producto:<\/strong> Coj\u00edn para asiento Grammer<br data-start=\"3792\" data-end=\"3795\" \/><strong data-start=\"3795\" data-end=\"3815\">N\u00famero de pieza:<\/strong> 52029896<br data-start=\"3824\" data-end=\"3827\" \/><strong data-start=\"3827\" data-end=\"3840\">Material:<\/strong> Acolchado ergon\u00f3mico de espuma duradera<br data-start=\"3880\" data-end=\"3883\" \/><strong data-start=\"3883\" data-end=\"3899\">\u00c1rea de uso:<\/strong> Asientos de operadores de carretillas elevadoras y maquinaria industrial<br data-start=\"3972\" data-end=\"3975\" \/><strong data-start=\"3975\" data-end=\"3987\">Ventaja:<\/strong> Soporte ergon\u00f3mico, comodidad de uso, durabilidad<\/p>\n","protected":false},"featured_media":14463,"template":"","meta":[],"product_brand":[],"product_cat":[468],"product_tag":[],"class_list":{"0":"post-14464","1":"product","2":"type-product","3":"status-publish","4":"has-post-thumbnail","6":"product_cat-operator-koltuklari","8":"first","9":"instock","10":"taxable","11":"shipping-taxable","12":"purchasable","13":"product-type-simple"},"_links":{"self":[{"href":"https:\/\/ceoparts.com\/es\/wp-json\/wp\/v2\/product\/14464","targetHints":{"allow":["GET"]}}],"collection":[{"href":"https:\/\/ceoparts.com\/es\/wp-json\/wp\/v2\/product"}],"about":[{"href":"https:\/\/ceoparts.com\/es\/wp-json\/wp\/v2\/types\/product"}],"wp:featuredmedia":[{"embeddable":true,"href":"https:\/\/ceoparts.com\/es\/wp-json\/wp\/v2\/media\/14463"}],"wp:attachment":[{"href":"https:\/\/ceoparts.com\/es\/wp-json\/wp\/v2\/media?parent=14464"}],"wp:term":[{"taxonomy":"product_brand","embeddable":true,"href":"https:\/\/ceoparts.com\/es\/wp-json\/wp\/v2\/product_brand?post=14464"},{"taxonomy":"product_cat","embeddable":true,"href":"https:\/\/ceoparts.com\/es\/wp-json\/wp\/v2\/product_cat?post=14464"},{"taxonomy":"product_tag","embeddable":true,"href":"https:\/\/ceoparts.com\/es\/wp-json\/wp\/v2\/product_tag?post=14464"}],"curies":[{"name":"wp","href":"https:\/\/api.w.org\/{rel}","templated":true}]}}