{"id":14465,"date":"2025-02-12T16:03:27","date_gmt":"2025-02-12T13:03:27","guid":{"rendered":"https:\/\/ceoparts.com\/?post_type=product&#038;p=14465"},"modified":"2026-05-16T19:47:06","modified_gmt":"2026-05-16T16:47:06","slug":"grammer-sirt-minderi-52029895","status":"publish","type":"product","link":"https:\/\/ceoparts.com\/es\/urun\/grammer-sirt-minderi-52029895\/","title":{"rendered":"Grammer Coj\u00edn de espalda &#8211; 52029895"},"content":{"rendered":"<p>Grammer Coj\u00edn de espalda &#8211; 52029895<\/p>","protected":false},"excerpt":{"rendered":"<p data-start=\"54\" data-end=\"334\"><br data-start=\"3694\" data-end=\"3697\" \/>El <strong data-start=\"3700\" data-end=\"3724\">coj\u00edn lumbar Grammer<\/strong> es un coj\u00edn ergon\u00f3mico y duradero dise\u00f1ado para mejorar el soporte lumbar de los operadores de carretillas elevadoras y maquinaria industrial. Fabricado con materiales de alta calidad, proporciona comodidad durante un uso prolongado y reduce el riesgo de dolores de espalda.<\/p>\n<p data-start=\"4001\" data-end=\"4314\"><strong data-start=\"4001\" data-end=\"4021\">Caracter\u00edsticas:<\/strong><br data-start=\"4021\" data-end=\"4024\" \/><strong data-start=\"4024\" data-end=\"4048\">Nombre del producto:<\/strong> Coj\u00edn lumbar Grammer<br data-start=\"4069\" data-end=\"4072\" \/><strong data-start=\"4072\" data-end=\"4092\">N\u00famero de pieza:<\/strong> 52029895<br data-start=\"4101\" data-end=\"4104\" \/><strong data-start=\"4104\" data-end=\"4117\">Material:<\/strong> Acolchado ergon\u00f3mico de espuma duradera<br data-start=\"4157\" data-end=\"4160\" \/><strong data-start=\"4160\" data-end=\"4176\">\u00c1rea de uso:<\/strong> Asientos de operadores de carretillas elevadoras y maquinaria industrial<br data-start=\"4249\" data-end=\"4252\" \/><strong data-start=\"4252\" data-end=\"4264\">Ventaja:<\/strong> Soporte ergon\u00f3mico, larga vida \u00fatil, uso c\u00f3modo<\/p>\n","protected":false},"featured_media":14466,"template":"","meta":[],"product_brand":[],"product_cat":[468],"product_tag":[],"class_list":{"0":"post-14465","1":"product","2":"type-product","3":"status-publish","4":"has-post-thumbnail","6":"product_cat-operator-koltuklari","8":"first","9":"instock","10":"taxable","11":"shipping-taxable","12":"purchasable","13":"product-type-simple"},"_links":{"self":[{"href":"https:\/\/ceoparts.com\/es\/wp-json\/wp\/v2\/product\/14465","targetHints":{"allow":["GET"]}}],"collection":[{"href":"https:\/\/ceoparts.com\/es\/wp-json\/wp\/v2\/product"}],"about":[{"href":"https:\/\/ceoparts.com\/es\/wp-json\/wp\/v2\/types\/product"}],"wp:featuredmedia":[{"embeddable":true,"href":"https:\/\/ceoparts.com\/es\/wp-json\/wp\/v2\/media\/14466"}],"wp:attachment":[{"href":"https:\/\/ceoparts.com\/es\/wp-json\/wp\/v2\/media?parent=14465"}],"wp:term":[{"taxonomy":"product_brand","embeddable":true,"href":"https:\/\/ceoparts.com\/es\/wp-json\/wp\/v2\/product_brand?post=14465"},{"taxonomy":"product_cat","embeddable":true,"href":"https:\/\/ceoparts.com\/es\/wp-json\/wp\/v2\/product_cat?post=14465"},{"taxonomy":"product_tag","embeddable":true,"href":"https:\/\/ceoparts.com\/es\/wp-json\/wp\/v2\/product_tag?post=14465"}],"curies":[{"name":"wp","href":"https:\/\/api.w.org\/{rel}","templated":true}]}}