{"id":14557,"date":"2025-02-13T17:32:15","date_gmt":"2025-02-13T14:32:15","guid":{"rendered":"https:\/\/ceoparts.com\/?post_type=product&#038;p=14557"},"modified":"2026-05-16T18:33:46","modified_gmt":"2026-05-16T15:33:46","slug":"40x902x29-linde-asansor-rulmani-9249476","status":"publish","type":"product","link":"https:\/\/ceoparts.com\/es\/urun\/40x902x29-linde-asansor-rulmani-9249476\/","title":{"rendered":"40&#215;90,2&#215;29 Rodamiento de ascensor Linde &#8211; 9249476"},"content":{"rendered":"<p>40&#215;90,2&#215;29 Rodamiento de ascensor Linde &#8211; 9249476<\/p>","protected":false},"excerpt":{"rendered":"<p data-start=\"0\" data-end=\"266\"><br data-start=\"3252\" data-end=\"3255\" \/>El <strong data-start=\"3258\" data-end=\"3311\">rodamiento de ascensor 40\u00d790,2\u00d729 Linde \u2013 9249476<\/strong>, utilizado en sistemas de ascensores Linde, est\u00e1 dise\u00f1ado para aplicaciones que requieren alta durabilidad y precisi\u00f3n. Su material duradero y fabricaci\u00f3n de calidad garantizan un rendimiento fiable.<\/p>\n<p data-start=\"3513\" data-end=\"3807\" data-is-last-node=\"\" data-is-only-node=\"\"><strong data-start=\"3513\" data-end=\"3533\">Caracter\u00edsticas:<\/strong><br data-start=\"3533\" data-end=\"3536\" \/><strong data-start=\"3536\" data-end=\"3560\">Nombre del producto:<\/strong> Rodamiento de ascensor 40\u00d790,2\u00d729 Linde<br data-start=\"3600\" data-end=\"3603\" \/><strong data-start=\"3603\" data-end=\"3623\">N\u00famero de pieza:<\/strong> 9249476<br data-start=\"3631\" data-end=\"3634\" \/><strong data-start=\"3634\" data-end=\"3647\">Material:<\/strong> Acero de alta calidad para rodamientos<br data-start=\"3686\" data-end=\"3689\" \/><strong data-start=\"3689\" data-end=\"3705\">\u00c1rea de uso:<\/strong> Sistemas de ascensores Linde<br data-start=\"3734\" data-end=\"3737\" \/><strong data-start=\"3737\" data-end=\"3749\">Ventaja:<\/strong> Alta durabilidad, funcionamiento preciso, larga vida \u00fatil<\/p>\n","protected":false},"featured_media":14559,"template":"","meta":[],"product_brand":[],"product_cat":[246,457,523],"product_tag":[],"class_list":{"0":"post-14557","1":"product","2":"type-product","3":"status-publish","4":"has-post-thumbnail","6":"product_cat-linde","7":"product_cat-asansor-rulmanlari","8":"product_cat-yedek-parca-linde","10":"first","11":"instock","12":"taxable","13":"shipping-taxable","14":"purchasable","15":"product-type-simple"},"_links":{"self":[{"href":"https:\/\/ceoparts.com\/es\/wp-json\/wp\/v2\/product\/14557","targetHints":{"allow":["GET"]}}],"collection":[{"href":"https:\/\/ceoparts.com\/es\/wp-json\/wp\/v2\/product"}],"about":[{"href":"https:\/\/ceoparts.com\/es\/wp-json\/wp\/v2\/types\/product"}],"wp:featuredmedia":[{"embeddable":true,"href":"https:\/\/ceoparts.com\/es\/wp-json\/wp\/v2\/media\/14559"}],"wp:attachment":[{"href":"https:\/\/ceoparts.com\/es\/wp-json\/wp\/v2\/media?parent=14557"}],"wp:term":[{"taxonomy":"product_brand","embeddable":true,"href":"https:\/\/ceoparts.com\/es\/wp-json\/wp\/v2\/product_brand?post=14557"},{"taxonomy":"product_cat","embeddable":true,"href":"https:\/\/ceoparts.com\/es\/wp-json\/wp\/v2\/product_cat?post=14557"},{"taxonomy":"product_tag","embeddable":true,"href":"https:\/\/ceoparts.com\/es\/wp-json\/wp\/v2\/product_tag?post=14557"}],"curies":[{"name":"wp","href":"https:\/\/api.w.org\/{rel}","templated":true}]}}