{"id":14563,"date":"2025-02-13T17:47:52","date_gmt":"2025-02-13T14:47:52","guid":{"rendered":"https:\/\/ceoparts.com\/?post_type=product&#038;p=14563"},"modified":"2026-05-16T19:58:34","modified_gmt":"2026-05-16T16:58:34","slug":"52x25x25-asansor-rulmani-nutr205-x-3as-ntn","status":"publish","type":"product","link":"https:\/\/ceoparts.com\/es\/urun\/52x25x25-asansor-rulmani-nutr205-x-3as-ntn\/","title":{"rendered":"52x25x25 Rodamiento de ascensor &#8211; NUTR205 X\/3AS NTN"},"content":{"rendered":"<p>52x25x25 Rodamiento de ascensor &#8211; NUTR205 X\/3AS NTN<\/p>","protected":false},"excerpt":{"rendered":"<p data-start=\"0\" data-end=\"263\"><br data-start=\"3293\" data-end=\"3296\" \/>El <strong data-start=\"3299\" data-end=\"3354\">rodamiento de ascensor 52x25x25 &#8211; NUTR205 X\/3AS NTN<\/strong> est\u00e1 especialmente dise\u00f1ado para aplicaciones que requieren alta durabilidad y precisi\u00f3n en sistemas de ascensores. Su material de alta calidad y excelente fabricaci\u00f3n garantizan un rendimiento duradero.<\/p>\n<p data-start=\"3560\" data-end=\"3870\" data-is-last-node=\"\" data-is-only-node=\"\"><strong data-start=\"3560\" data-end=\"3580\">Caracter\u00edsticas:<\/strong><br data-start=\"3580\" data-end=\"3583\" \/><strong data-start=\"3583\" data-end=\"3607\">Nombre del producto:<\/strong> Rodamiento de ascensor 52x25x25 &#8211; NUTR205 X\/3AS NTN<br data-start=\"3659\" data-end=\"3662\" \/><strong data-start=\"3662\" data-end=\"3682\">N\u00famero de pieza:<\/strong> NUTR205 X\/3AS NTN<br data-start=\"3700\" data-end=\"3703\" \/><strong data-start=\"3703\" data-end=\"3716\">Material:<\/strong> Acero de alta calidad para rodamientos<br data-start=\"3755\" data-end=\"3758\" \/><strong data-start=\"3758\" data-end=\"3774\">\u00c1rea de uso:<\/strong> Sistemas de ascensores<br data-start=\"3797\" data-end=\"3800\" \/><strong data-start=\"3800\" data-end=\"3812\">Ventaja:<\/strong> Alta durabilidad, funcionamiento preciso, larga vida \u00fatil<\/p>\n","protected":false},"featured_media":14567,"template":"","meta":[],"product_brand":[],"product_cat":[457],"product_tag":[],"class_list":{"0":"post-14563","1":"product","2":"type-product","3":"status-publish","4":"has-post-thumbnail","6":"product_cat-asansor-rulmanlari","8":"first","9":"instock","10":"taxable","11":"shipping-taxable","12":"purchasable","13":"product-type-simple"},"_links":{"self":[{"href":"https:\/\/ceoparts.com\/es\/wp-json\/wp\/v2\/product\/14563","targetHints":{"allow":["GET"]}}],"collection":[{"href":"https:\/\/ceoparts.com\/es\/wp-json\/wp\/v2\/product"}],"about":[{"href":"https:\/\/ceoparts.com\/es\/wp-json\/wp\/v2\/types\/product"}],"wp:featuredmedia":[{"embeddable":true,"href":"https:\/\/ceoparts.com\/es\/wp-json\/wp\/v2\/media\/14567"}],"wp:attachment":[{"href":"https:\/\/ceoparts.com\/es\/wp-json\/wp\/v2\/media?parent=14563"}],"wp:term":[{"taxonomy":"product_brand","embeddable":true,"href":"https:\/\/ceoparts.com\/es\/wp-json\/wp\/v2\/product_brand?post=14563"},{"taxonomy":"product_cat","embeddable":true,"href":"https:\/\/ceoparts.com\/es\/wp-json\/wp\/v2\/product_cat?post=14563"},{"taxonomy":"product_tag","embeddable":true,"href":"https:\/\/ceoparts.com\/es\/wp-json\/wp\/v2\/product_tag?post=14563"}],"curies":[{"name":"wp","href":"https:\/\/api.w.org\/{rel}","templated":true}]}}