{"id":14574,"date":"2025-02-15T11:01:52","date_gmt":"2025-02-15T08:01:52","guid":{"rendered":"https:\/\/ceoparts.com\/?post_type=product&#038;p=14574"},"modified":"2026-05-16T06:16:42","modified_gmt":"2026-05-16T03:16:42","slug":"6204-c3-metal-rulman","status":"publish","type":"product","link":"https:\/\/ceoparts.com\/es\/urun\/6204-c3-metal-rulman\/","title":{"rendered":"Cojinete met\u00e1lico 6204\/C3"},"content":{"rendered":"<p>Cojinete met\u00e1lico 6204\/C3<\/p>\n<p><\/p>\n<table class=\"table\" aria-describedby=\"Boyutlar\">\n<tbody>\n<tr>\n<td class=\"feature-name\">Di\u00e1metro del agujero<\/td>\n<td class=\"feature-value value-no-wrap\"><span class=\"value\">20<\/span><span class=\"unit\">\u00a0mm<\/span><\/td>\n<\/tr>\n<tr>\n<td class=\"feature-name\">Di\u00e1metro exterior<\/td>\n<td class=\"feature-value value-no-wrap\"><span class=\"value\">47<\/span><span class=\"unit\">\u00a0mm<\/span><\/td>\n<\/tr>\n<tr>\n<td class=\"feature-name\">Ancho<\/td>\n<td class=\"feature-value value-no-wrap\"><span class=\"value\">14<\/span><span class=\"unit\">\u00a0mm<\/span><\/td>\n<\/tr>\n<\/tbody>\n<\/table>\n<p><\/p>","protected":false},"excerpt":{"rendered":"<p data-start=\"0\" data-end=\"237\"><br data-start=\"3637\" data-end=\"3640\" \/>El <strong data-start=\"3643\" data-end=\"3674\">rodamiento met\u00e1lico 6204\/C3<\/strong> se utiliza en aplicaciones industriales y cuenta con una holgura C3 para un rendimiento superior a altas velocidades y bajo cargas pesadas. Su cubierta met\u00e1lica proporciona protecci\u00f3n y larga vida \u00fatil.<\/p>\n<p data-start=\"3879\" data-end=\"4240\" data-is-last-node=\"\" data-is-only-node=\"\"><strong data-start=\"3879\" data-end=\"3899\">Caracter\u00edsticas:<\/strong><br data-start=\"3899\" data-end=\"3902\" \/><strong data-start=\"3902\" data-end=\"3926\">Nombre del producto:<\/strong> Rodamiento met\u00e1lico 6204\/C3<br data-start=\"3954\" data-end=\"3957\" \/><strong data-start=\"3957\" data-end=\"3977\">N\u00famero de pieza:<\/strong> No especificado<br data-start=\"3993\" data-end=\"3996\" \/><strong data-start=\"3996\" data-end=\"4009\">Material:<\/strong> Acero de alta calidad para rodamientos, cubierta met\u00e1lica<br data-start=\"4067\" data-end=\"4070\" \/><strong data-start=\"4070\" data-end=\"4086\">\u00c1rea de uso:<\/strong> Maquinaria pesada, motores el\u00e9ctricos, aplicaciones industriales<br data-start=\"4151\" data-end=\"4154\" \/><strong data-start=\"4154\" data-end=\"4166\">Ventaja:<\/strong> Holgura C3, alta velocidad, duradero, protecci\u00f3n contra factores externos<\/p>\n","protected":false},"featured_media":14575,"template":"","meta":[],"product_brand":[],"product_cat":[458],"product_tag":[],"class_list":{"0":"post-14574","1":"product","2":"type-product","3":"status-publish","4":"has-post-thumbnail","6":"product_cat-denge-teker-rulmanlari","8":"first","9":"instock","10":"taxable","11":"shipping-taxable","12":"purchasable","13":"product-type-simple"},"_links":{"self":[{"href":"https:\/\/ceoparts.com\/es\/wp-json\/wp\/v2\/product\/14574","targetHints":{"allow":["GET"]}}],"collection":[{"href":"https:\/\/ceoparts.com\/es\/wp-json\/wp\/v2\/product"}],"about":[{"href":"https:\/\/ceoparts.com\/es\/wp-json\/wp\/v2\/types\/product"}],"wp:featuredmedia":[{"embeddable":true,"href":"https:\/\/ceoparts.com\/es\/wp-json\/wp\/v2\/media\/14575"}],"wp:attachment":[{"href":"https:\/\/ceoparts.com\/es\/wp-json\/wp\/v2\/media?parent=14574"}],"wp:term":[{"taxonomy":"product_brand","embeddable":true,"href":"https:\/\/ceoparts.com\/es\/wp-json\/wp\/v2\/product_brand?post=14574"},{"taxonomy":"product_cat","embeddable":true,"href":"https:\/\/ceoparts.com\/es\/wp-json\/wp\/v2\/product_cat?post=14574"},{"taxonomy":"product_tag","embeddable":true,"href":"https:\/\/ceoparts.com\/es\/wp-json\/wp\/v2\/product_tag?post=14574"}],"curies":[{"name":"wp","href":"https:\/\/api.w.org\/{rel}","templated":true}]}}