{"id":14583,"date":"2025-02-15T11:45:07","date_gmt":"2025-02-15T08:45:07","guid":{"rendered":"https:\/\/ceoparts.com\/?post_type=product&#038;p=14583"},"modified":"2026-05-16T19:28:26","modified_gmt":"2026-05-16T16:28:26","slug":"6204-z-c3-metal-rulman","status":"publish","type":"product","link":"https:\/\/ceoparts.com\/es\/urun\/6204-z-c3-metal-rulman\/","title":{"rendered":"Cojinete met\u00e1lico 6204\/Z C3"},"content":{"rendered":"<p>Cojinete met\u00e1lico 6204\/Z C3<\/p>\n<p><\/p>\n<table class=\"table\" aria-describedby=\"Boyutlar\">\n<tbody>\n<tr>\n<td class=\"feature-name\">Di\u00e1metro del agujero<\/td>\n<td class=\"feature-value value-no-wrap\"><span class=\"value\">20<\/span><span class=\"unit\">\u00a0mm<\/span><\/td>\n<\/tr>\n<tr>\n<td class=\"feature-name\">Di\u00e1metro exterior<\/td>\n<td class=\"feature-value value-no-wrap\"><span class=\"value\">42<\/span><span class=\"unit\">\u00a0mm<\/span><\/td>\n<\/tr>\n<tr>\n<td class=\"feature-name\">Ancho<\/td>\n<td class=\"feature-value value-no-wrap\"><span class=\"value\">12<\/span><span class=\"unit\">\u00a0mm<\/span><\/td>\n<\/tr>\n<\/tbody>\n<\/table>\n<p><\/p>","protected":false},"excerpt":{"rendered":"<p data-start=\"0\" data-end=\"243\"><br data-start=\"3465\" data-end=\"3468\" \/>El <strong data-start=\"3471\" data-end=\"3502\">rodamiento met\u00e1lico 6303\/ZZ<\/strong> se utiliza ampliamente en aplicaciones industriales y cuenta con dobles cubiertas met\u00e1licas para proteger contra polvo y suciedad. Ofrece alta durabilidad y baja fricci\u00f3n para un rendimiento duradero.<\/p>\n<p data-start=\"3705\" data-end=\"4060\" data-is-last-node=\"\" data-is-only-node=\"\"><strong data-start=\"3705\" data-end=\"3725\">Caracter\u00edsticas:<\/strong><br data-start=\"3725\" data-end=\"3728\" \/><strong data-start=\"3728\" data-end=\"3752\">Nombre del producto:<\/strong> Rodamiento met\u00e1lico 6303\/ZZ<br data-start=\"3780\" data-end=\"3783\" \/><strong data-start=\"3783\" data-end=\"3803\">N\u00famero de pieza:<\/strong> No especificado<br data-start=\"3819\" data-end=\"3822\" \/><strong data-start=\"3822\" data-end=\"3835\">Material:<\/strong> Acero de alta calidad para rodamientos, cubiertas met\u00e1licas<br data-start=\"3895\" data-end=\"3898\" \/><strong data-start=\"3898\" data-end=\"3914\">\u00c1rea de uso:<\/strong> Maquinaria industrial, motores el\u00e9ctricos, sistemas mec\u00e1nicos generales<br data-start=\"3986\" data-end=\"3989\" \/><strong data-start=\"3989\" data-end=\"4001\">Ventaja:<\/strong> Protecci\u00f3n contra el polvo, baja fricci\u00f3n, larga vida \u00fatil<\/p>\n","protected":false},"featured_media":14584,"template":"","meta":[],"product_brand":[],"product_cat":[458],"product_tag":[],"class_list":{"0":"post-14583","1":"product","2":"type-product","3":"status-publish","4":"has-post-thumbnail","6":"product_cat-denge-teker-rulmanlari","8":"first","9":"instock","10":"taxable","11":"shipping-taxable","12":"purchasable","13":"product-type-simple"},"_links":{"self":[{"href":"https:\/\/ceoparts.com\/es\/wp-json\/wp\/v2\/product\/14583","targetHints":{"allow":["GET"]}}],"collection":[{"href":"https:\/\/ceoparts.com\/es\/wp-json\/wp\/v2\/product"}],"about":[{"href":"https:\/\/ceoparts.com\/es\/wp-json\/wp\/v2\/types\/product"}],"wp:featuredmedia":[{"embeddable":true,"href":"https:\/\/ceoparts.com\/es\/wp-json\/wp\/v2\/media\/14584"}],"wp:attachment":[{"href":"https:\/\/ceoparts.com\/es\/wp-json\/wp\/v2\/media?parent=14583"}],"wp:term":[{"taxonomy":"product_brand","embeddable":true,"href":"https:\/\/ceoparts.com\/es\/wp-json\/wp\/v2\/product_brand?post=14583"},{"taxonomy":"product_cat","embeddable":true,"href":"https:\/\/ceoparts.com\/es\/wp-json\/wp\/v2\/product_cat?post=14583"},{"taxonomy":"product_tag","embeddable":true,"href":"https:\/\/ceoparts.com\/es\/wp-json\/wp\/v2\/product_tag?post=14583"}],"curies":[{"name":"wp","href":"https:\/\/api.w.org\/{rel}","templated":true}]}}