{"id":14674,"date":"2025-02-17T11:04:48","date_gmt":"2025-02-17T08:04:48","guid":{"rendered":"https:\/\/ceoparts.com\/?post_type=product&#038;p=14674"},"modified":"2026-05-16T06:17:20","modified_gmt":"2026-05-16T03:17:20","slug":"26x26x24-linde-mast-rulman-9249311-nutr2562","status":"publish","type":"product","link":"https:\/\/ceoparts.com\/es\/urun\/26x26x24-linde-mast-rulman-9249311-nutr2562\/","title":{"rendered":"26x26x24 Linde Rodamiento de M\u00e1stil &#8211; 9249311, NUTR2562"},"content":{"rendered":"<p>26x26x24 Linde Rodamiento de M\u00e1stil &#8211; 9249311, NUTR2562<\/p>","protected":false},"excerpt":{"rendered":"<p data-start=\"0\" data-end=\"279\"><br data-start=\"3343\" data-end=\"3346\" \/>El <strong data-start=\"3349\" data-end=\"3388\">rodamiento de m\u00e1stil Linde 26x26x24<\/strong> es un rodamiento de alta calidad utilizado en las partes m\u00f3viles del m\u00e1stil de carretillas elevadoras, que proporciona alta durabilidad y operaci\u00f3n suave. Su construcci\u00f3n de alta precisi\u00f3n contribuye a un movimiento estable y silencioso del m\u00e1stil.<\/p>\n<p data-start=\"3639\" data-end=\"3948\" data-is-last-node=\"\" data-is-only-node=\"\"><strong data-start=\"3639\" data-end=\"3659\">Caracter\u00edsticas:<\/strong><br data-start=\"3659\" data-end=\"3662\" \/><strong data-start=\"3662\" data-end=\"3686\">Nombre del producto:<\/strong> Rodamiento de m\u00e1stil Linde 26x26x24<br data-start=\"3722\" data-end=\"3725\" \/><strong data-start=\"3725\" data-end=\"3745\">N\u00famero de pieza:<\/strong> 9249311<br data-start=\"3753\" data-end=\"3756\" \/><strong data-start=\"3756\" data-end=\"3769\">Material:<\/strong> Acero para rodamientos de alta resistencia<br data-start=\"3812\" data-end=\"3815\" \/><strong data-start=\"3815\" data-end=\"3831\">\u00c1rea de uso:<\/strong> Sistemas de m\u00e1stil para carretillas Linde<br data-start=\"3873\" data-end=\"3876\" \/><strong data-start=\"3876\" data-end=\"3888\">Ventaja:<\/strong> Alta durabilidad, rendimiento preciso, operaci\u00f3n silenciosa<\/p>\n","protected":false},"featured_media":14675,"template":"","meta":[],"product_brand":[],"product_cat":[246,460,523],"product_tag":[],"class_list":{"0":"post-14674","1":"product","2":"type-product","3":"status-publish","4":"has-post-thumbnail","6":"product_cat-linde","7":"product_cat-yuk-ve-mekanizma-rulmanlari","8":"product_cat-yedek-parca-linde","10":"first","11":"instock","12":"taxable","13":"shipping-taxable","14":"purchasable","15":"product-type-simple"},"_links":{"self":[{"href":"https:\/\/ceoparts.com\/es\/wp-json\/wp\/v2\/product\/14674","targetHints":{"allow":["GET"]}}],"collection":[{"href":"https:\/\/ceoparts.com\/es\/wp-json\/wp\/v2\/product"}],"about":[{"href":"https:\/\/ceoparts.com\/es\/wp-json\/wp\/v2\/types\/product"}],"wp:featuredmedia":[{"embeddable":true,"href":"https:\/\/ceoparts.com\/es\/wp-json\/wp\/v2\/media\/14675"}],"wp:attachment":[{"href":"https:\/\/ceoparts.com\/es\/wp-json\/wp\/v2\/media?parent=14674"}],"wp:term":[{"taxonomy":"product_brand","embeddable":true,"href":"https:\/\/ceoparts.com\/es\/wp-json\/wp\/v2\/product_brand?post=14674"},{"taxonomy":"product_cat","embeddable":true,"href":"https:\/\/ceoparts.com\/es\/wp-json\/wp\/v2\/product_cat?post=14674"},{"taxonomy":"product_tag","embeddable":true,"href":"https:\/\/ceoparts.com\/es\/wp-json\/wp\/v2\/product_tag?post=14674"}],"curies":[{"name":"wp","href":"https:\/\/api.w.org\/{rel}","templated":true}]}}