{"id":14679,"date":"2025-02-17T11:16:47","date_gmt":"2025-02-17T08:16:47","guid":{"rendered":"https:\/\/ceoparts.com\/?post_type=product&#038;p=14679"},"modified":"2026-05-17T10:41:50","modified_gmt":"2026-05-17T07:41:50","slug":"bt-rt-sender-switch-basinc-sensoru-7503414","status":"publish","type":"product","link":"https:\/\/ceoparts.com\/es\/urun\/bt-rt-sender-switch-basinc-sensoru-7503414\/","title":{"rendered":"BT RT Interruptor de Emisor \/ Sensor de Presi\u00f3n &#8211; 7503414"},"content":{"rendered":"<p>BT RT Interruptor de Emisor \/ Sensor de Presi\u00f3n &#8211; 7503414<\/p>","protected":false},"excerpt":{"rendered":"<p data-start=\"0\" data-end=\"308\"><br data-start=\"3687\" data-end=\"3690\" \/>El <strong data-start=\"3693\" data-end=\"3736\">BT RT Sender Switch \/ sensor de presi\u00f3n<\/strong> es un sensor de alta calidad dise\u00f1ado para medir y transmitir con precisi\u00f3n y fiabilidad la presi\u00f3n en sistemas hidr\u00e1ulicos de carretillas elevadoras. Su construcci\u00f3n duradera asegura un uso prolongado y contribuye a un funcionamiento seguro.<\/p>\n<p data-start=\"3981\" data-end=\"4320\" data-is-last-node=\"\" data-is-only-node=\"\"><strong data-start=\"3981\" data-end=\"4001\">Caracter\u00edsticas:<\/strong><br data-start=\"4001\" data-end=\"4004\" \/><strong data-start=\"4004\" data-end=\"4028\">Nombre del producto:<\/strong> BT RT Sender Switch \/ sensor de presi\u00f3n<br data-start=\"4068\" data-end=\"4071\" \/><strong data-start=\"4071\" data-end=\"4091\">N\u00famero de pieza:<\/strong> 7503414<br data-start=\"4099\" data-end=\"4102\" \/><strong data-start=\"4102\" data-end=\"4115\">Material:<\/strong> Componentes met\u00e1licos y electr\u00f3nicos duraderos<br data-start=\"4162\" data-end=\"4165\" \/><strong data-start=\"4165\" data-end=\"4181\">\u00c1rea de uso:<\/strong> Sistemas hidr\u00e1ulicos para carretillas BT<br data-start=\"4222\" data-end=\"4225\" \/><strong data-start=\"4225\" data-end=\"4237\">Ventaja:<\/strong> Medici\u00f3n precisa de presi\u00f3n, transmisi\u00f3n fiable de la se\u00f1al, construcci\u00f3n duradera<\/p>\n","protected":false},"featured_media":14712,"template":"","meta":[],"product_brand":[],"product_cat":[251,461,518],"product_tag":[],"class_list":{"0":"post-14679","1":"product","2":"type-product","3":"status-publish","4":"has-post-thumbnail","6":"product_cat-bt","7":"product_cat-hidrolik-sistemi","8":"product_cat-yedek-parca-bt","10":"first","11":"instock","12":"taxable","13":"shipping-taxable","14":"purchasable","15":"product-type-simple"},"_links":{"self":[{"href":"https:\/\/ceoparts.com\/es\/wp-json\/wp\/v2\/product\/14679","targetHints":{"allow":["GET"]}}],"collection":[{"href":"https:\/\/ceoparts.com\/es\/wp-json\/wp\/v2\/product"}],"about":[{"href":"https:\/\/ceoparts.com\/es\/wp-json\/wp\/v2\/types\/product"}],"wp:featuredmedia":[{"embeddable":true,"href":"https:\/\/ceoparts.com\/es\/wp-json\/wp\/v2\/media\/14712"}],"wp:attachment":[{"href":"https:\/\/ceoparts.com\/es\/wp-json\/wp\/v2\/media?parent=14679"}],"wp:term":[{"taxonomy":"product_brand","embeddable":true,"href":"https:\/\/ceoparts.com\/es\/wp-json\/wp\/v2\/product_brand?post=14679"},{"taxonomy":"product_cat","embeddable":true,"href":"https:\/\/ceoparts.com\/es\/wp-json\/wp\/v2\/product_cat?post=14679"},{"taxonomy":"product_tag","embeddable":true,"href":"https:\/\/ceoparts.com\/es\/wp-json\/wp\/v2\/product_tag?post=14679"}],"curies":[{"name":"wp","href":"https:\/\/api.w.org\/{rel}","templated":true}]}}