{"id":14720,"date":"2025-02-17T15:31:06","date_gmt":"2025-02-17T12:31:06","guid":{"rendered":"https:\/\/ceoparts.com\/?post_type=product&#038;p=14720"},"modified":"2026-05-16T16:18:56","modified_gmt":"2026-05-16T13:18:56","slug":"toyota-bt-lwe-aku-ust-kapak-256123001","status":"publish","type":"product","link":"https:\/\/ceoparts.com\/es\/urun\/toyota-bt-lwe-aku-ust-kapak-256123001\/","title":{"rendered":"Toyota BT \/ LWE Cubierta superior de bater\u00eda &#8211; 256123001"},"content":{"rendered":"<p>Toyota BT \/ LWE Cubierta superior de bater\u00eda &#8211; 256123001<\/p>","protected":false},"excerpt":{"rendered":"<p data-start=\"0\" data-end=\"244\"><br data-start=\"3377\" data-end=\"3380\" \/>La <strong data-start=\"3383\" data-end=\"3427\">tapa superior de bater\u00eda Toyota BT \/ LWE<\/strong> es una pieza resistente y robusta utilizada para proteger la bater\u00eda de las carretillas elevadoras contra factores externos. Su material de alta calidad mejora la seguridad de la bater\u00eda y proporciona una larga vida \u00fatil.<\/p>\n<p data-start=\"3651\" data-end=\"3977\" data-is-last-node=\"\" data-is-only-node=\"\"><strong data-start=\"3651\" data-end=\"3671\">Caracter\u00edsticas:<\/strong><br data-start=\"3671\" data-end=\"3674\" \/><strong data-start=\"3674\" data-end=\"3698\">Nombre del producto:<\/strong> Tapa superior de bater\u00eda Toyota BT \/ LWE<br data-start=\"3739\" data-end=\"3742\" \/><strong data-start=\"3742\" data-end=\"3762\">N\u00famero de pieza:<\/strong> 256123001<br data-start=\"3772\" data-end=\"3775\" \/><strong data-start=\"3775\" data-end=\"3788\">Material:<\/strong> Pl\u00e1stico de alta resistencia<br data-start=\"3817\" data-end=\"3820\" \/><strong data-start=\"3820\" data-end=\"3836\">\u00c1rea de uso:<\/strong> Sistemas de protecci\u00f3n de bater\u00eda para carretillas Toyota BT \/ LWE<br data-start=\"3903\" data-end=\"3906\" \/><strong data-start=\"3906\" data-end=\"3918\">Ventaja:<\/strong> Protecci\u00f3n de bater\u00eda, estructura robusta, larga vida \u00fatil<\/p>\n","protected":false},"featured_media":14722,"template":"","meta":[],"product_brand":[],"product_cat":[251,472,518,521,530],"product_tag":[],"class_list":{"0":"post-14720","1":"product","2":"type-product","3":"status-publish","4":"has-post-thumbnail","6":"product_cat-bt","7":"product_cat-kaporta-aksami","8":"product_cat-yedek-parca-bt","9":"product_cat-toyota","10":"product_cat-yedek-parca-toyota","12":"first","13":"instock","14":"taxable","15":"shipping-taxable","16":"purchasable","17":"product-type-simple"},"_links":{"self":[{"href":"https:\/\/ceoparts.com\/es\/wp-json\/wp\/v2\/product\/14720","targetHints":{"allow":["GET"]}}],"collection":[{"href":"https:\/\/ceoparts.com\/es\/wp-json\/wp\/v2\/product"}],"about":[{"href":"https:\/\/ceoparts.com\/es\/wp-json\/wp\/v2\/types\/product"}],"wp:featuredmedia":[{"embeddable":true,"href":"https:\/\/ceoparts.com\/es\/wp-json\/wp\/v2\/media\/14722"}],"wp:attachment":[{"href":"https:\/\/ceoparts.com\/es\/wp-json\/wp\/v2\/media?parent=14720"}],"wp:term":[{"taxonomy":"product_brand","embeddable":true,"href":"https:\/\/ceoparts.com\/es\/wp-json\/wp\/v2\/product_brand?post=14720"},{"taxonomy":"product_cat","embeddable":true,"href":"https:\/\/ceoparts.com\/es\/wp-json\/wp\/v2\/product_cat?post=14720"},{"taxonomy":"product_tag","embeddable":true,"href":"https:\/\/ceoparts.com\/es\/wp-json\/wp\/v2\/product_tag?post=14720"}],"curies":[{"name":"wp","href":"https:\/\/api.w.org\/{rel}","templated":true}]}}