{"id":14757,"date":"2025-02-17T17:09:42","date_gmt":"2025-02-17T14:09:42","guid":{"rendered":"https:\/\/ceoparts.com\/?post_type=product&#038;p=14757"},"modified":"2026-05-16T17:13:05","modified_gmt":"2026-05-16T14:13:05","slug":"bt-rre160-housing","status":"publish","type":"product","link":"https:\/\/ceoparts.com\/es\/urun\/bt-rre160-housing\/","title":{"rendered":"BT RRE160 Housing"},"content":{"rendered":"<p>BT RRE160 Housing<\/p>\n","protected":false},"excerpt":{"rendered":"<p data-start=\"0\" data-end=\"321\"><br data-start=\"3767\" data-end=\"3770\" \/>La <strong data-start=\"3773\" data-end=\"3794\">carcasa BT RRE160<\/strong> es una pieza resistente y de alta calidad utilizada en carretillas elevadoras para proteger determinados componentes mec\u00e1nicos contra factores externos y garantizar el correcto funcionamiento del sistema. Su estructura robusta ofrece una larga vida \u00fatil y mantenimiento sencillo.<\/p>\n<p data-start=\"4076\" data-end=\"4427\" data-is-last-node=\"\" data-is-only-node=\"\"><strong data-start=\"4076\" data-end=\"4096\">Caracter\u00edsticas:<\/strong><br data-start=\"4096\" data-end=\"4099\" \/><strong data-start=\"4099\" data-end=\"4123\">Nombre del producto:<\/strong> Carcasa BT RRE160<br data-start=\"4141\" data-end=\"4144\" \/><strong data-start=\"4144\" data-end=\"4164\">N\u00famero de pieza:<\/strong> &#8211;<br data-start=\"4166\" data-end=\"4169\" \/><strong data-start=\"4169\" data-end=\"4182\">Material:<\/strong> Componentes de metal y pl\u00e1stico de alta resistencia<br data-start=\"4234\" data-end=\"4237\" \/><strong data-start=\"4237\" data-end=\"4253\">\u00c1rea de uso:<\/strong> Sistemas de protecci\u00f3n de chasis y mecanismo para carretillas BT RRE160<br data-start=\"4325\" data-end=\"4328\" \/><strong data-start=\"4328\" data-end=\"4340\">Ventaja:<\/strong> Estructura resistente, protecci\u00f3n de mecanismos, larga vida \u00fatil y f\u00e1cil mantenimiento<\/p>\n","protected":false},"featured_media":14760,"template":"","meta":[],"product_brand":[],"product_cat":[251,472,518],"product_tag":[],"class_list":{"0":"post-14757","1":"product","2":"type-product","3":"status-publish","4":"has-post-thumbnail","6":"product_cat-bt","7":"product_cat-kaporta-aksami","8":"product_cat-yedek-parca-bt","10":"first","11":"instock","12":"taxable","13":"shipping-taxable","14":"purchasable","15":"product-type-simple"},"_links":{"self":[{"href":"https:\/\/ceoparts.com\/es\/wp-json\/wp\/v2\/product\/14757","targetHints":{"allow":["GET"]}}],"collection":[{"href":"https:\/\/ceoparts.com\/es\/wp-json\/wp\/v2\/product"}],"about":[{"href":"https:\/\/ceoparts.com\/es\/wp-json\/wp\/v2\/types\/product"}],"wp:featuredmedia":[{"embeddable":true,"href":"https:\/\/ceoparts.com\/es\/wp-json\/wp\/v2\/media\/14760"}],"wp:attachment":[{"href":"https:\/\/ceoparts.com\/es\/wp-json\/wp\/v2\/media?parent=14757"}],"wp:term":[{"taxonomy":"product_brand","embeddable":true,"href":"https:\/\/ceoparts.com\/es\/wp-json\/wp\/v2\/product_brand?post=14757"},{"taxonomy":"product_cat","embeddable":true,"href":"https:\/\/ceoparts.com\/es\/wp-json\/wp\/v2\/product_cat?post=14757"},{"taxonomy":"product_tag","embeddable":true,"href":"https:\/\/ceoparts.com\/es\/wp-json\/wp\/v2\/product_tag?post=14757"}],"curies":[{"name":"wp","href":"https:\/\/api.w.org\/{rel}","templated":true}]}}