{"id":14761,"date":"2025-02-17T17:22:34","date_gmt":"2025-02-17T14:22:34","guid":{"rendered":"https:\/\/ceoparts.com\/?post_type=product&#038;p=14761"},"modified":"2026-05-16T19:47:46","modified_gmt":"2026-05-16T16:47:46","slug":"still-sag-kapak-0713094","status":"publish","type":"product","link":"https:\/\/ceoparts.com\/es\/urun\/still-sag-kapak-0713094\/","title":{"rendered":"Still Cubierta derecha &#8211; 0713094"},"content":{"rendered":"<p>Still Cubierta derecha &#8211; 0713094<\/p>","protected":false},"excerpt":{"rendered":"<p data-start=\"0\" data-end=\"314\"><br data-start=\"3626\" data-end=\"3629\" \/>La <strong data-start=\"3632\" data-end=\"3670\">tapa lateral derecha Still 0713094<\/strong> es una pieza resistente y de alta calidad utilizada en carretillas elevadoras para proteger los componentes mec\u00e1nicos y electr\u00f3nicos del lado derecho contra factores externos. Su estructura robusta garantiza una larga vida \u00fatil y contribuye a la operaci\u00f3n segura del equipo.<\/p>\n<p data-start=\"3947\" data-end=\"4263\" data-is-last-node=\"\" data-is-only-node=\"\"><strong data-start=\"3947\" data-end=\"3967\">Caracter\u00edsticas:<\/strong><br data-start=\"3967\" data-end=\"3970\" \/><strong data-start=\"3970\" data-end=\"3994\">Nombre del producto:<\/strong> Tapa lateral derecha Still<br data-start=\"4021\" data-end=\"4024\" \/><strong data-start=\"4024\" data-end=\"4044\">N\u00famero de pieza:<\/strong> 0713094<br data-start=\"4052\" data-end=\"4055\" \/><strong data-start=\"4055\" data-end=\"4068\">Material:<\/strong> Pl\u00e1stico de alta resistencia<br data-start=\"4097\" data-end=\"4100\" \/><strong data-start=\"4100\" data-end=\"4116\">\u00c1rea de uso:<\/strong> Sistemas de cubierta lateral derecha de carretillas Still<br data-start=\"4174\" data-end=\"4177\" \/><strong data-start=\"4177\" data-end=\"4189\">Ventaja:<\/strong> Protecci\u00f3n de mecanismos, prevenci\u00f3n de impactos y polvo, larga vida \u00fatil<\/p>\n","protected":false},"featured_media":14763,"template":"","meta":[],"product_brand":[],"product_cat":[241,472,524],"product_tag":[],"class_list":{"0":"post-14761","1":"product","2":"type-product","3":"status-publish","4":"has-post-thumbnail","6":"product_cat-still","7":"product_cat-kaporta-aksami","8":"product_cat-yedek-parca-still","10":"first","11":"instock","12":"taxable","13":"shipping-taxable","14":"purchasable","15":"product-type-simple"},"_links":{"self":[{"href":"https:\/\/ceoparts.com\/es\/wp-json\/wp\/v2\/product\/14761","targetHints":{"allow":["GET"]}}],"collection":[{"href":"https:\/\/ceoparts.com\/es\/wp-json\/wp\/v2\/product"}],"about":[{"href":"https:\/\/ceoparts.com\/es\/wp-json\/wp\/v2\/types\/product"}],"wp:featuredmedia":[{"embeddable":true,"href":"https:\/\/ceoparts.com\/es\/wp-json\/wp\/v2\/media\/14763"}],"wp:attachment":[{"href":"https:\/\/ceoparts.com\/es\/wp-json\/wp\/v2\/media?parent=14761"}],"wp:term":[{"taxonomy":"product_brand","embeddable":true,"href":"https:\/\/ceoparts.com\/es\/wp-json\/wp\/v2\/product_brand?post=14761"},{"taxonomy":"product_cat","embeddable":true,"href":"https:\/\/ceoparts.com\/es\/wp-json\/wp\/v2\/product_cat?post=14761"},{"taxonomy":"product_tag","embeddable":true,"href":"https:\/\/ceoparts.com\/es\/wp-json\/wp\/v2\/product_tag?post=14761"}],"curies":[{"name":"wp","href":"https:\/\/api.w.org\/{rel}","templated":true}]}}