{"id":14767,"date":"2025-02-17T17:42:54","date_gmt":"2025-02-17T14:42:54","guid":{"rendered":"https:\/\/ceoparts.com\/?post_type=product&#038;p=14767"},"modified":"2026-05-16T19:50:58","modified_gmt":"2026-05-16T16:50:58","slug":"still-koruma-kapak-51904382200","status":"publish","type":"product","link":"https:\/\/ceoparts.com\/es\/urun\/still-koruma-kapak-51904382200\/","title":{"rendered":"Still Cubierta de protecci\u00f3n &#8211; 51904382200"},"content":{"rendered":"<p>Still Cubierta de protecci\u00f3n &#8211; 51904382200<\/p>","protected":false},"excerpt":{"rendered":"<p data-start=\"0\" data-end=\"291\"><br data-start=\"3512\" data-end=\"3515\" \/>La <strong data-start=\"3518\" data-end=\"3562\">cubierta de protecci\u00f3n Still 51904382200<\/strong> es una pieza resistente y de alta calidad utilizada para proteger los componentes internos de las carretillas elevadoras contra golpes, polvo y factores externos. Mantiene el rendimiento del equipo y protege los mecanismos para un uso prolongado.<\/p>\n<p data-start=\"3811\" data-end=\"4132\" data-is-last-node=\"\" data-is-only-node=\"\"><strong data-start=\"3811\" data-end=\"3831\">Caracter\u00edsticas:<\/strong><br data-start=\"3831\" data-end=\"3834\" \/><strong data-start=\"3834\" data-end=\"3858\">Nombre del producto:<\/strong> Cubierta de protecci\u00f3n Still<br data-start=\"3887\" data-end=\"3890\" \/><strong data-start=\"3890\" data-end=\"3910\">N\u00famero de pieza:<\/strong> 51904382200<br data-start=\"3922\" data-end=\"3925\" \/><strong data-start=\"3925\" data-end=\"3938\">Material:<\/strong> Pl\u00e1stico de alta resistencia<br data-start=\"3967\" data-end=\"3970\" \/><strong data-start=\"3970\" data-end=\"3986\">\u00c1rea de uso:<\/strong> Sistemas de cubiertas protectoras para carretillas Still<br data-start=\"4043\" data-end=\"4046\" \/><strong data-start=\"4046\" data-end=\"4058\">Ventaja:<\/strong> Protecci\u00f3n de mecanismos, prevenci\u00f3n de impactos y polvo, larga vida \u00fatil<\/p>\n","protected":false},"featured_media":14768,"template":"","meta":[],"product_brand":[],"product_cat":[241,472,524],"product_tag":[],"class_list":{"0":"post-14767","1":"product","2":"type-product","3":"status-publish","4":"has-post-thumbnail","6":"product_cat-still","7":"product_cat-kaporta-aksami","8":"product_cat-yedek-parca-still","10":"first","11":"instock","12":"taxable","13":"shipping-taxable","14":"purchasable","15":"product-type-simple"},"_links":{"self":[{"href":"https:\/\/ceoparts.com\/es\/wp-json\/wp\/v2\/product\/14767","targetHints":{"allow":["GET"]}}],"collection":[{"href":"https:\/\/ceoparts.com\/es\/wp-json\/wp\/v2\/product"}],"about":[{"href":"https:\/\/ceoparts.com\/es\/wp-json\/wp\/v2\/types\/product"}],"wp:featuredmedia":[{"embeddable":true,"href":"https:\/\/ceoparts.com\/es\/wp-json\/wp\/v2\/media\/14768"}],"wp:attachment":[{"href":"https:\/\/ceoparts.com\/es\/wp-json\/wp\/v2\/media?parent=14767"}],"wp:term":[{"taxonomy":"product_brand","embeddable":true,"href":"https:\/\/ceoparts.com\/es\/wp-json\/wp\/v2\/product_brand?post=14767"},{"taxonomy":"product_cat","embeddable":true,"href":"https:\/\/ceoparts.com\/es\/wp-json\/wp\/v2\/product_cat?post=14767"},{"taxonomy":"product_tag","embeddable":true,"href":"https:\/\/ceoparts.com\/es\/wp-json\/wp\/v2\/product_tag?post=14767"}],"curies":[{"name":"wp","href":"https:\/\/api.w.org\/{rel}","templated":true}]}}